{"id":427,"date":"2018-12-20T13:22:49","date_gmt":"2018-12-20T13:22:49","guid":{"rendered":"http:\/\/www.citykamp.com\/lapinedeexcenevex\/?page_id=427"},"modified":"2022-10-24T09:55:21","modified_gmt":"2022-10-24T09:55:21","slug":"regio","status":"publish","type":"page","link":"https:\/\/www.camping-lapinede-excenevex.com\/nl\/regio\/","title":{"rendered":"Regio"},"content":{"rendered":"<div class=\"wpb-content-wrapper\"><p>[vc_row][vc_column][vc_single_image image=&#8221;1360&#8243; img_size=&#8221;1900X500&#8243; alignment=&#8221;center&#8221;][\/vc_column][\/vc_row][vc_row][vc_column]<div class=\"wrappedcontent\">[vc_column_text]<\/p>\n<h3 style=\"text-align: center\">&#8211; Ontdek het meer van Gen\u00e8ve en de omgeving &#8211;<\/h3>\n<p>[\/vc_column_text][vc_empty_space][vc_row_inner gap=&#8221;35&#8243; css=&#8221;.vc_custom_1545318977105{margin-left: -0.5px !important;}&#8221;][vc_column_inner width=&#8221;1\/2&#8243;][vc_masonry_media_grid element_width=&#8221;12&#8243; gap=&#8221;0&#8243; grid_id=&#8221;vc_gid:1666605199708-c4ab252d-f324-5&#8243; include=&#8221;638&#8243;][vc_empty_space height=&#8221;20px&#8221;][vc_text_separator title=&#8221;WATERSPORT ACTIVITEITEN&#8221;][vc_empty_space height=&#8221;12px&#8221;][vc_column_text]Op het meer van Gen\u00e8ve kunt u waterfietsen, boottochtjes maken zonder vaarvergunning, zeilen, stand-up paddelen, windsurfen, kitesurfen, kajakken, flyboarden, maar ook een ligstoel en parasol huren&#8230; het grootste meer van Europa is ideaal voor allerlei soorten activiteiten. Vanaf het strand van Excenevex (directe toegang naar Camping La Pin\u00e8de) heeft u schitterend uitzicht op de unieke landsschappen die het meer omringen.<\/p>\n<p><em>Let op: honden, zelfs aangelijnd, zijn verboden op het strand van Excenevex.<\/em>[\/vc_column_text][\/vc_column_inner][vc_column_inner width=&#8221;1\/2&#8243;][vc_masonry_media_grid element_width=&#8221;12&#8243; gap=&#8221;0&#8243; grid_id=&#8221;vc_gid:1666605199712-232dab90-660b-9&#8243; include=&#8221;1348&#8243;][vc_empty_space height=&#8221;20px&#8221;][vc_text_separator title=&#8221;BOOTTOCHTJE&#8221;][vc_empty_space height=&#8221;12px&#8221;][vc_column_text]Tijdens een overtocht of een cruise op \u00e9\u00e9n van de legendarische schepen, ontdekt u de adembenemende schoonheid van het meer van Gen\u00e8ve.<\/p>\n<p><strong>&gt;<\/strong> Een uitstapje naar Zwitserland? Vanuit Yvoire kunt u per boot naar Nyon (oude, charmante Gallo-Romeinse stad), naar Gen\u00e8ve (authentieke stad met vele gezichten) of naar Lausanne (de Olymische hoofdstad die u niet mag missen).[\/vc_column_text][\/vc_column_inner][\/vc_row_inner]<\/div>[\/vc_column][\/vc_row][vc_row css=&#8221;.vc_custom_1545319183253{background-color: #e8e8e8 !important;}&#8221;][vc_column]<div class=\"wrappedcontent\">[vc_column_text]<\/p>\n<h3 style=\"text-align: center\">&#8211; Dorpen en steden die u niet mag missen &#8211;<\/h3>\n<p>[\/vc_column_text][vc_empty_space][vc_row_inner gap=&#8221;35&#8243; css=&#8221;.vc_custom_1545319896574{margin-left: -0.5px !important;}&#8221;][vc_column_inner width=&#8221;1\/3&#8243;][vc_masonry_media_grid element_width=&#8221;12&#8243; gap=&#8221;0&#8243; grid_id=&#8221;vc_gid:1666605199714-eb65294d-0df0-10&#8243; include=&#8221;1052&#8243;][vc_empty_space height=&#8221;20px&#8221;][vc_text_separator title=&#8221;EXCENEVEX&#8221; color=&#8221;white&#8221;][vc_empty_space height=&#8221;12px&#8221;][vc_column_text]Is een mooi dorp aan het meer, met een charmant vissershaventje en een wandelpad langs het meer dat u direct vanaf de aanlegsteiger naar het strand voert. De vele restaurants nodigen u uit om de lokale specialiteiten te proeven.[\/vc_column_text][\/vc_column_inner][vc_column_inner width=&#8221;1\/3&#8243;][vc_masonry_media_grid element_width=&#8221;12&#8243; gap=&#8221;0&#8243; grid_id=&#8221;vc_gid:1666605199716-b4f2c287-0416-7&#8243; include=&#8221;650&#8243;][vc_empty_space height=&#8221;20px&#8221;][vc_text_separator title=&#8221;THONON LES BAINS &amp; EVIAN LES BAINS&#8221; color=&#8221;white&#8221;][vc_empty_space height=&#8221;12px&#8221;][vc_column_text]De bekende kuuroorden Thonon les Bains en Evian les Bains zijn zeker de moeite van een bezoek waard, vanwege hun karakteristieke stadscentra.[\/vc_column_text][\/vc_column_inner][vc_column_inner width=&#8221;1\/3&#8243;][vc_masonry_media_grid element_width=&#8221;12&#8243; gap=&#8221;0&#8243; grid_id=&#8221;vc_gid:1666605199718-0d684ebf-e872-10&#8243; include=&#8221;1352&#8243;][vc_empty_space height=&#8221;20px&#8221;][vc_text_separator title=&#8221;YVOIRE&#8221; color=&#8221;white&#8221;][vc_empty_space height=&#8221;12px&#8221;][vc_column_text]Is een pittoresk middeleeuws dorpje dat niet op uw programma mag ontbreken, het is namelijk \u00e9\u00e9n van de &#8220;mooiste dorpen van Frankrijk&#8221;.[\/vc_column_text][\/vc_column_inner][\/vc_row_inner][vc_empty_space][vc_column_text]<\/p>\n<h3 style=\"text-align: center\">&#8211; Wijntoerisme met uitzicht op het meer &#8211;<\/h3>\n<p>[\/vc_column_text][vc_empty_space][vc_row_inner gap=&#8221;35&#8243; css=&#8221;.vc_custom_1545319890736{margin-left: -0.5px !important;}&#8221;][vc_column_inner width=&#8221;1\/2&#8243;][vc_masonry_media_grid element_width=&#8221;12&#8243; gap=&#8221;0&#8243; grid_id=&#8221;vc_gid:1666605199721-cf75b6f3-f14e-6&#8243; include=&#8221;658&#8243;][vc_empty_space height=&#8221;20px&#8221;][vc_text_separator title=&#8221;AOC CREPY&#8221; color=&#8221;white&#8221;][vc_empty_space height=&#8221;12px&#8221;][vc_column_text]Camping la Pin\u00e8de is een gunstig gelegen vertrekpunt voor een bezoek aan de vele wijndomeinen van de AOC Cr\u00e9py, \u00e9\u00e9n van de oudste wijnen met deze kwaliteitscontrole. Meteen een prima gelegenheid om de droge, witte wijnen met hun gouden glans te proeven.[\/vc_column_text][\/vc_column_inner][vc_column_inner width=&#8221;1\/2&#8243;][vc_masonry_media_grid element_width=&#8221;12&#8243; gap=&#8221;0&#8243; grid_id=&#8221;vc_gid:1666605199722-fcd4b3d0-07da-6&#8243; include=&#8221;662&#8243;][vc_empty_space height=&#8221;20px&#8221;][vc_text_separator title=&#8221;ZWITSERLAND EN GENEVE OP STEENWORP AFSTAND&#8221; color=&#8221;white&#8221;][vc_empty_space height=&#8221;12px&#8221;][vc_column_text]Zin in een dagje shoppen? De stad Gen\u00e8ve is niet alleen dynamiek, maar ook cultureel en artistiek\u2026 flaneer door de mondaine straten en geniet &#8217;s avonds met volle teugen van de gastronomie en het uitgaansleven.[\/vc_column_text][\/vc_column_inner][\/vc_row_inner][vc_empty_space]<div class=\"text-center btnwrap\"><a class=\"btn btn-huttopia-cta\" href=\"http:\/\/checkout.campings-nature.com\/site\/nl\/929\" role=\"button\" target=\"\" onclick=\"dataLayer.push({'event':'clickCity', 'clickText':'Reserveer uw verblijf'})\">Reserveer uw verblijf<\/a><\/div><\/div>[\/vc_column][\/vc_row][vc_row][vc_column]<div class=\"wrappedcontent\">[vc_column_text]<\/p>\n<h3 style=\"text-align: center\">&#8211; Het erfgoed van de Haute Savoie &#8211;<\/h3>\n<p>[\/vc_column_text][vc_empty_space height=&#8221;20px&#8221;][vc_row_inner gap=&#8221;35&#8243; css=&#8221;.vc_custom_1545319885248{margin-left: -0.5px !important;}&#8221;][vc_column_inner width=&#8221;1\/3&#8243;][vc_masonry_media_grid element_width=&#8221;12&#8243; gap=&#8221;0&#8243; grid_id=&#8221;vc_gid:1666605199724-e0e18d2f-aeb7-4&#8243; include=&#8221;674&#8243;][vc_empty_space height=&#8221;20px&#8221;][vc_text_separator title=&#8221;GEOPARK CHABLAIS, UNESCO WERELDERFGOED&#8221;][vc_empty_space height=&#8221;12px&#8221;][vc_column_text]Van het meer van Gen\u00e8ve tot de bergtoppen van de Portes du Soleil (Morzine-Avoriaz) getuigt dit bijzondere natuurgebied van de sterke band tussen mens en natuur. Deze selectie van emblematische plaatsen, onthult alle bijzonderheden van het Chablais-grondgebied.[\/vc_column_text][\/vc_column_inner][vc_column_inner width=&#8221;1\/3&#8243;][vc_masonry_media_grid element_width=&#8221;12&#8243; gap=&#8221;0&#8243; grid_id=&#8221;vc_gid:1666605199726-c7894231-b92b-7&#8243; include=&#8221;670&#8243;][vc_empty_space height=&#8221;20px&#8221;][vc_text_separator title=&#8221;ZOOM IN OP DE KASTELEN VAN ALLINGES&#8221;][vc_empty_space height=&#8221;12px&#8221;][vc_column_text]De ru\u00efnes van Ch\u00e2teau-Neuf en Ch\u00e2teau-Vieux staan tegenover elkaar op de top van de Allinges-heuvel. De uitkijkpost van de kastelen biedt \u00e9\u00e9n van de mooiste panorama uitzichten van de Chablais.[\/vc_column_text][\/vc_column_inner][vc_column_inner width=&#8221;1\/3&#8243;][vc_masonry_media_grid element_width=&#8221;12&#8243; gap=&#8221;0&#8243; grid_id=&#8221;vc_gid:1666605199727-930477a7-28c0-5&#8243; include=&#8221;666&#8243;][vc_empty_space height=&#8221;20px&#8221;][vc_text_separator title=&#8221;DIERENPARK LES AIGLES DU LEMAN&#8221; color=&#8221;white&#8221;][vc_empty_space height=&#8221;12px&#8221;][vc_column_text]Adelaars, gieren, nachtvogels, wouwen, haviken&#8230; ruim 200 vogels, 70 soorten en wervelende shows. Maar bovenal is dit een plek waar de wereld van de roofvogels in stand wordt gehouden.[\/vc_column_text][\/vc_column_inner][\/vc_row_inner][vc_empty_space]<div class=\"text-center btnwrap\"><a class=\"btn btn-huttopia-cta\" href=\"http:\/\/checkout.campings-nature.com\/site\/nl\/929\" role=\"button\" target=\"\" onclick=\"dataLayer.push({'event':'clickCity', 'clickText':'Reserveer uw verblijf'})\">Reserveer uw verblijf<\/a><\/div><\/div>[\/vc_column][\/vc_row]<\/p>\n<\/div>","protected":false},"excerpt":{"rendered":"<p>[vc_row][vc_column][vc_single_image image=&#8221;1360&#8243; img_size=&#8221;1900X500&#8243; alignment=&#8221;center&#8221;][\/vc_column][\/vc_row][vc_row][vc_column][\/vc_column][\/vc_row][vc_row css=&#8221;.vc_custom_1545319183253{background-color: #e8e8e8 !important;}&#8221;][vc_column][\/vc_column][\/vc_row][vc_row][vc_column][\/vc_column][\/vc_row]<\/p>\n","protected":false},"author":4,"featured_media":0,"parent":0,"menu_order":0,"comment_status":"closed","ping_status":"closed","template":"","meta":{"footnotes":""},"class_list":["post-427","page","type-page","status-publish","hentry"],"yoast_head":"<!-- This site is optimized with the Yoast SEO plugin v25.6 - https:\/\/yoast.com\/wordpress\/plugins\/seo\/ -->\n<title>La Pin\u00e8de Campsite - Regio<\/title>\n<meta name=\"description\" content=\"Ontdek het meer van Gen\u00e8ve: activiteiten op het water en boottocht. Ontdek de dorpen en steden moet: Excenevex, Thonon Les Bains, Evian Les Bains en Yvoire. Geniet met je familie van een bewaard gebleven erfgoed.\" \/>\n<meta name=\"robots\" content=\"index, follow, max-snippet:-1, max-image-preview:large, max-video-preview:-1\" \/>\n<link rel=\"canonical\" href=\"https:\/\/www.camping-lapinede-excenevex.com\/nl\/regio\/\" \/>\n<meta property=\"og:locale\" content=\"nl_NL\" \/>\n<meta property=\"og:type\" content=\"article\" \/>\n<meta property=\"og:title\" content=\"La Pin\u00e8de Campsite - Regio\" \/>\n<meta property=\"og:description\" content=\"Ontdek het meer van Gen\u00e8ve: activiteiten op het water en boottocht. Ontdek de dorpen en steden moet: Excenevex, Thonon Les Bains, Evian Les Bains en Yvoire. Geniet met je familie van een bewaard gebleven erfgoed.\" \/>\n<meta property=\"og:url\" content=\"https:\/\/www.camping-lapinede-excenevex.com\/nl\/regio\/\" \/>\n<meta property=\"og:site_name\" content=\"Camping La Pin\u00e8de - Excenevex\" \/>\n<meta property=\"article:modified_time\" content=\"2022-10-24T09:55:21+00:00\" \/>\n<meta name=\"twitter:card\" content=\"summary_large_image\" \/>\n<meta name=\"twitter:label1\" content=\"Est. reading time\" \/>\n\t<meta name=\"twitter:data1\" content=\"4 minuten\" \/>\n<script type=\"application\/ld+json\" class=\"yoast-schema-graph\">{\"@context\":\"https:\/\/schema.org\",\"@graph\":[{\"@type\":\"WebPage\",\"@id\":\"https:\/\/www.camping-lapinede-excenevex.com\/nl\/regio\/\",\"url\":\"https:\/\/www.camping-lapinede-excenevex.com\/nl\/regio\/\",\"name\":\"La Pin\u00e8de Campsite - Regio\",\"isPartOf\":{\"@id\":\"https:\/\/www.camping-lapinede-excenevex.com\/nl\/#website\"},\"datePublished\":\"2018-12-20T13:22:49+00:00\",\"dateModified\":\"2022-10-24T09:55:21+00:00\",\"description\":\"Ontdek het meer van Gen\u00e8ve: activiteiten op het water en boottocht. Ontdek de dorpen en steden moet: Excenevex, Thonon Les Bains, Evian Les Bains en Yvoire. Geniet met je familie van een bewaard gebleven erfgoed.\",\"breadcrumb\":{\"@id\":\"https:\/\/www.camping-lapinede-excenevex.com\/nl\/regio\/#breadcrumb\"},\"inLanguage\":\"nl\",\"potentialAction\":[{\"@type\":\"ReadAction\",\"target\":[\"https:\/\/www.camping-lapinede-excenevex.com\/nl\/regio\/\"]}]},{\"@type\":\"BreadcrumbList\",\"@id\":\"https:\/\/www.camping-lapinede-excenevex.com\/nl\/regio\/#breadcrumb\",\"itemListElement\":[{\"@type\":\"ListItem\",\"position\":1,\"name\":\"Home\",\"item\":\"https:\/\/www.camping-lapinede-excenevex.com\/nl\/\"},{\"@type\":\"ListItem\",\"position\":2,\"name\":\"Regio\"}]},{\"@type\":\"WebSite\",\"@id\":\"https:\/\/www.camping-lapinede-excenevex.com\/nl\/#website\",\"url\":\"https:\/\/www.camping-lapinede-excenevex.com\/nl\/\",\"name\":\"Camping La Pin\u00e8de - Excenevex\",\"description\":\"Just another Citykamp site\",\"potentialAction\":[{\"@type\":\"SearchAction\",\"target\":{\"@type\":\"EntryPoint\",\"urlTemplate\":\"https:\/\/www.camping-lapinede-excenevex.com\/nl\/?s={search_term_string}\"},\"query-input\":{\"@type\":\"PropertyValueSpecification\",\"valueRequired\":true,\"valueName\":\"search_term_string\"}}],\"inLanguage\":\"nl\"}]}<\/script>\n<!-- \/ Yoast SEO plugin. -->","yoast_head_json":{"title":"La Pin\u00e8de Campsite - Regio","description":"Ontdek het meer van Gen\u00e8ve: activiteiten op het water en boottocht. Ontdek de dorpen en steden moet: Excenevex, Thonon Les Bains, Evian Les Bains en Yvoire. Geniet met je familie van een bewaard gebleven erfgoed.","robots":{"index":"index","follow":"follow","max-snippet":"max-snippet:-1","max-image-preview":"max-image-preview:large","max-video-preview":"max-video-preview:-1"},"canonical":"https:\/\/www.camping-lapinede-excenevex.com\/nl\/regio\/","og_locale":"nl_NL","og_type":"article","og_title":"La Pin\u00e8de Campsite - Regio","og_description":"Ontdek het meer van Gen\u00e8ve: activiteiten op het water en boottocht. Ontdek de dorpen en steden moet: Excenevex, Thonon Les Bains, Evian Les Bains en Yvoire. Geniet met je familie van een bewaard gebleven erfgoed.","og_url":"https:\/\/www.camping-lapinede-excenevex.com\/nl\/regio\/","og_site_name":"Camping La Pin\u00e8de - Excenevex","article_modified_time":"2022-10-24T09:55:21+00:00","twitter_card":"summary_large_image","twitter_misc":{"Est. reading time":"4 minuten"},"schema":{"@context":"https:\/\/schema.org","@graph":[{"@type":"WebPage","@id":"https:\/\/www.camping-lapinede-excenevex.com\/nl\/regio\/","url":"https:\/\/www.camping-lapinede-excenevex.com\/nl\/regio\/","name":"La Pin\u00e8de Campsite - Regio","isPartOf":{"@id":"https:\/\/www.camping-lapinede-excenevex.com\/nl\/#website"},"datePublished":"2018-12-20T13:22:49+00:00","dateModified":"2022-10-24T09:55:21+00:00","description":"Ontdek het meer van Gen\u00e8ve: activiteiten op het water en boottocht. Ontdek de dorpen en steden moet: Excenevex, Thonon Les Bains, Evian Les Bains en Yvoire. Geniet met je familie van een bewaard gebleven erfgoed.","breadcrumb":{"@id":"https:\/\/www.camping-lapinede-excenevex.com\/nl\/regio\/#breadcrumb"},"inLanguage":"nl","potentialAction":[{"@type":"ReadAction","target":["https:\/\/www.camping-lapinede-excenevex.com\/nl\/regio\/"]}]},{"@type":"BreadcrumbList","@id":"https:\/\/www.camping-lapinede-excenevex.com\/nl\/regio\/#breadcrumb","itemListElement":[{"@type":"ListItem","position":1,"name":"Home","item":"https:\/\/www.camping-lapinede-excenevex.com\/nl\/"},{"@type":"ListItem","position":2,"name":"Regio"}]},{"@type":"WebSite","@id":"https:\/\/www.camping-lapinede-excenevex.com\/nl\/#website","url":"https:\/\/www.camping-lapinede-excenevex.com\/nl\/","name":"Camping La Pin\u00e8de - Excenevex","description":"Just another Citykamp site","potentialAction":[{"@type":"SearchAction","target":{"@type":"EntryPoint","urlTemplate":"https:\/\/www.camping-lapinede-excenevex.com\/nl\/?s={search_term_string}"},"query-input":{"@type":"PropertyValueSpecification","valueRequired":true,"valueName":"search_term_string"}}],"inLanguage":"nl"}]}},"_links":{"self":[{"href":"https:\/\/www.camping-lapinede-excenevex.com\/nl\/wp-json\/wp\/v2\/pages\/427","targetHints":{"allow":["GET"]}}],"collection":[{"href":"https:\/\/www.camping-lapinede-excenevex.com\/nl\/wp-json\/wp\/v2\/pages"}],"about":[{"href":"https:\/\/www.camping-lapinede-excenevex.com\/nl\/wp-json\/wp\/v2\/types\/page"}],"author":[{"embeddable":true,"href":"https:\/\/www.camping-lapinede-excenevex.com\/nl\/wp-json\/wp\/v2\/users\/4"}],"replies":[{"embeddable":true,"href":"https:\/\/www.camping-lapinede-excenevex.com\/nl\/wp-json\/wp\/v2\/comments?post=427"}],"version-history":[{"count":3,"href":"https:\/\/www.camping-lapinede-excenevex.com\/nl\/wp-json\/wp\/v2\/pages\/427\/revisions"}],"predecessor-version":[{"id":2141,"href":"https:\/\/www.camping-lapinede-excenevex.com\/nl\/wp-json\/wp\/v2\/pages\/427\/revisions\/2141"}],"wp:attachment":[{"href":"https:\/\/www.camping-lapinede-excenevex.com\/nl\/wp-json\/wp\/v2\/media?parent=427"}],"curies":[{"name":"wp","href":"https:\/\/api.w.org\/{rel}","templated":true}]}}