{"id":398,"date":"2018-12-20T13:22:22","date_gmt":"2018-12-20T13:22:22","guid":{"rendered":"http:\/\/www.citykamp.com\/lapinedeexcenevex\/?page_id=398"},"modified":"2026-02-16T16:07:09","modified_gmt":"2026-02-16T16:07:09","slug":"activiteiten-services","status":"publish","type":"page","link":"https:\/\/www.camping-lapinede-excenevex.com\/nl\/activiteiten-services\/","title":{"rendered":"Activiteiten \/ Services"},"content":{"rendered":"<div class=\"wpb-content-wrapper\"><p>[vc_row][vc_column][vc_single_image image=&#8221;1370&#8243; img_size=&#8221;1900&#215;500&#8243; alignment=&#8221;center&#8221;][\/vc_column][\/vc_row][vc_row][vc_column]<div class=\"wrappedcontent\">[vc_column_text]<\/p>\n<h3>Op Camping La Pin\u00e8de &#8211; Excenevex :<\/h3>\n<p>Profiteert u van hoogwaardige recreatievoorzieningen en services zodat u optimaal kunt genieten van een welverdiende vakantie aan het meer van Gen\u00e8ve.[\/vc_column_text][vc_empty_space height=&#8221;35px&#8221;][vc_empty_space height=&#8221;35px&#8221;][vc_column_text]<\/p>\n<h3 style=\"text-align: center;\">&#8211; De ideale vakantiebestemming voor een ontspannen en actief verblijf aan het water &#8211;<\/h3>\n<p>[\/vc_column_text][vc_empty_space][vc_row_inner gap=&#8221;35&#8243; css=&#8221;.vc_custom_1545317793128{margin-left: -0.5px !important;}&#8221;][vc_column_inner width=&#8221;1\/3&#8243;][vc_masonry_media_grid element_width=&#8221;12&#8243; gap=&#8221;0&#8243; grid_id=&#8221;vc_gid:1771257992956-23504c63-86b7-3&#8243; include=&#8221;1374&#8243;][vc_empty_space height=&#8221;20px&#8221;][vc_text_separator title=&#8221;ZWEMBADEN&#8221;][vc_empty_space height=&#8221;12px&#8221;][vc_column_text css=&#8221;&#8221;]Jacuzzi, verwarmd binnenzwembad, buitenzwembad, peuterbad voor de kleintjes\u2026 kom helemaal tot rust en geniet van een goed boek in uw ligstoel, terwijl de kinderen zich in het water vermaken.<\/p>\n<p>Verwarmd binnenzwembad: van <span data-olk-copy-source=\"MessageBody\">02\/04\/2026 tot 04\/10\/2026<\/span><br \/>\nBuitenzwembad (onverwarmd): van <span data-olk-copy-source=\"MessageBody\">28\/04\/2026 tot 27\/09\/2026<\/span>[\/vc_column_text][\/vc_column_inner][vc_column_inner width=&#8221;1\/3&#8243;][vc_masonry_media_grid element_width=&#8221;12&#8243; gap=&#8221;0&#8243; grid_id=&#8221;vc_gid:1771257992957-5a6ad1bc-68d0-3&#8243; include=&#8221;1378&#8243;][vc_empty_space height=&#8221;20px&#8221;][vc_text_separator title=&#8221;ZWEMMEN IN HET MEER VAN GENEVE&#8221;][vc_empty_space height=&#8221;12px&#8221;][vc_column_text]Een frisse duik in het water of lekker luieren in het zand? Zwem- en zonliefhebbers kunnen hun hart ophalen aan het strand van Excenevex, net buiten de camping. Het meer is ondiep en in de zomer is er toezicht, dat maakt dit enige zandstrand aan het meer van Gen\u00e8ve ideaal voor gezinnen met kinderen. Op het strand kunt u gebruik maken van de planchas, garantie voor een onvergetelijke familielunch.<\/p>\n<p>Honden zijn niet toegestaan op het strand, zelfs niet aangelijnd.<\/p>\n<p>Wist u dat&#8230; de gemiddelde watertemperatuur van het meer in de zomer 25\u00b0C is?[\/vc_column_text][\/vc_column_inner][vc_column_inner width=&#8221;1\/3&#8243;][vc_masonry_media_grid element_width=&#8221;12&#8243; gap=&#8221;0&#8243; grid_id=&#8221;vc_gid:1771257992962-0f3aa23c-8571-0&#8243; include=&#8221;609&#8243;][vc_empty_space height=&#8221;20px&#8221;][vc_text_separator title=&#8221;KINDERRECREATIE&#8221;][vc_empty_space height=&#8221;12px&#8221;][vc_column_text css=&#8221;&#8221;]Geheel gratis! In de zomer is er een gevarieerd activiteitenprogramma voor kinderen van 5 tot 12 jaar. Speurtochten, hutten bouwen en nog veel meer\u2026 een mooie gelegenheid om nieuwe vakantievriendjes te maken. <em>(van <span data-olk-copy-source=\"MessageBody\">05\/07\/2026 tot 28\/08\/2026<\/span>)<\/em>[\/vc_column_text][\/vc_column_inner][\/vc_row_inner][vc_empty_space][vc_row_inner gap=&#8221;35&#8243; css=&#8221;.vc_custom_1545318042796{margin-left: -0.5px !important;}&#8221;][vc_column_inner width=&#8221;1\/3&#8243;][vc_masonry_media_grid element_width=&#8221;12&#8243; gap=&#8221;0&#8243; grid_id=&#8221;vc_gid:1771257992963-81dea568-9858-6&#8243; include=&#8221;1382&#8243;][vc_empty_space height=&#8221;20px&#8221;][vc_text_separator title=&#8221;ANIMATIE PROGRAMMA IN DE ZOMER&#8221;][vc_empty_space height=&#8221;12px&#8221;][vc_column_text css=&#8221;&#8221;]In de zomer biedt camping La Pin\u00e8de animaties voor het hele gezin, spelletjes, sporttoernooien, thema-avonden, concerten, bioscoopavonden in de open lucht&#8230;[\/vc_column_text][\/vc_column_inner][vc_column_inner width=&#8221;1\/3&#8243;][vc_masonry_media_grid element_width=&#8221;12&#8243; gap=&#8221;0&#8243; grid_id=&#8221;vc_gid:1771257992964-62c17b5f-3190-6&#8243; include=&#8221;613&#8243;][vc_empty_space height=&#8221;20px&#8221;][vc_text_separator title=&#8221;AVONDEN VOL GEZELLIGHEID&#8221;][vc_empty_space height=&#8221;12px&#8221;][vc_column_text css=&#8221;&#8221;]Beleef magische zomeravonden met elkaar onder de sterrenhemel. Goochelshow, concerten, levensgrote spellen\u2026 <em>(van 05\/07\/2026 tot 28\/08\/2026)<\/em>[\/vc_column_text][\/vc_column_inner][vc_column_inner width=&#8221;1\/3&#8243;][vc_masonry_media_grid element_width=&#8221;12&#8243; gap=&#8221;0&#8243; grid_id=&#8221;vc_gid:1771257992965-84bdccdf-c7c7-0&#8243; include=&#8221;1386&#8243;][vc_empty_space height=&#8221;20px&#8221;][vc_text_separator title=&#8221;AANLEGRING VOOR UW BOOT&#8221;][vc_empty_space height=&#8221;12px&#8221;][vc_column_text]Er zijn 69 aanlegringen beschikbaar op Camping La Pin\u00e8de d&#8217;Excenevex. Uitsluitend voor motorboten van minder dan 5,50 m lang en 2,20 m breed en minder dan 0,45 m diep. In juli-augustus worden boten niet geaccepteerd op de camping zonder de huur van een aanlegringen.<\/p>\n<p>Voor meer informatie of reserveringen kunt u met ons contact opnemen. Tel. +33 (0)4 37 64 22 35.[\/vc_column_text][\/vc_column_inner][\/vc_row_inner][vc_empty_space][vc_row_inner gap=&#8221;35&#8243; css=&#8221;.vc_custom_1654088152660{margin-left: -0.5px !important;padding-top: 15px !important;padding-right: 15px !important;padding-bottom: 15px !important;padding-left: 15px !important;background-color: #e8e8e8 !important;}&#8221;][vc_column_inner width=&#8221;1\/3&#8243;][vc_masonry_media_grid element_width=&#8221;12&#8243; gap=&#8221;0&#8243; grid_id=&#8221;vc_gid:1771257992966-5f230fda-d53d-2&#8243; include=&#8221;1582&#8243;][\/vc_column_inner][vc_column_inner width=&#8221;2\/3&#8243;][vc_text_separator title=&#8221;TENNIS CLUB&#8221; color=&#8221;white&#8221;][vc_empty_space height=&#8221;12px&#8221;][vc_column_text]<span style=\"font-size: 14pt;\"><strong>TENNIS CLUB D&#8217;EXCENEVEX<\/strong><\/span><\/p>\n<p>De tennisclub van Excenevex ligt op slechts 200 m tegenover de camping.<\/p>\n<p>Reserveer stages, lessen en tennisbanen bij de receptie van de tennis club.<\/p>\n<p><a href=\"https:\/\/www.tennis-club-excenevex.com\/\" target=\"_blank\" rel=\"noopener\"><u>Meer weten<\/u><\/a>[\/vc_column_text][\/vc_column_inner][\/vc_row_inner]<\/div>[\/vc_column][\/vc_row][vc_row css=&#8221;.vc_custom_1545318805271{background-color: #e8e8e8 !important;}&#8221;][vc_column]<div class=\"wrappedcontent\">[vc_column_text]<\/p>\n<h3 style=\"text-align: center;\">&#8211; Services: Camping La Pin\u00e8de &#8211; Excenevex biedt u\u2026 &#8211;<\/h3>\n<p>[\/vc_column_text][vc_empty_space][vc_row_inner gap=&#8221;35&#8243; css=&#8221;.vc_custom_1545318757992{margin-left: -0.5px !important;}&#8221;][vc_column_inner width=&#8221;1\/3&#8243;][vc_masonry_media_grid element_width=&#8221;12&#8243; gap=&#8221;0&#8243; grid_id=&#8221;vc_gid:1771257992967-27a8015e-f880-4&#8243; include=&#8221;1395&#8243;][vc_empty_space height=&#8221;20px&#8221;][vc_text_separator title=&#8221;EEN WARM WELKOM&#8221; color=&#8221;white&#8221;][vc_empty_space height=&#8221;12px&#8221;][vc_column_text]Bij aankomst op de camping ontvangt u bij de receptie alle benodige informatie over uw verblijf. Het team staat tijdens uw vakantie graag tot uw beschikking met inlichtingen over de bezienswaardigheden en activiteiten in de omgeving en rond het meer van Gen\u00e8ve.[\/vc_column_text][\/vc_column_inner][vc_column_inner width=&#8221;1\/3&#8243;][vc_masonry_media_grid element_width=&#8221;12&#8243; gap=&#8221;0&#8243; grid_id=&#8221;vc_gid:1771257992968-55cb5e8e-19b7-6&#8243; include=&#8221;625&#8243;][vc_empty_space height=&#8221;20px&#8221;][vc_text_separator title=&#8221;KAMPWINKEL&#8221; color=&#8221;white&#8221;][vc_empty_space height=&#8221;12px&#8221;][vc_column_text]Ter plaatse vindt u alle benodigdheden voor een zorgeloos verblijf. Basisboodschappen, vers brood en gebak, kampeerartikelen\u2026 lekker handig![\/vc_column_text][\/vc_column_inner][vc_column_inner width=&#8221;1\/3&#8243;][vc_masonry_media_grid element_width=&#8221;12&#8243; gap=&#8221;0&#8243; grid_id=&#8221;vc_gid:1771257992969-6db44a4e-9d69-3&#8243; include=&#8221;426&#8243;][vc_empty_space height=&#8221;20px&#8221;][vc_text_separator title=&#8221;PRAKTISCHE SERVICES&#8221; color=&#8221;white&#8221;][vc_empty_space height=&#8221;12px&#8221;][vc_column_text css=&#8221;&#8221;]<strong>&gt;<\/strong> Wasruimte (wasmachinemuntjes te koop bij de receptie)<br \/>\n<strong>&gt;<\/strong> Babypakket (bedje + kinderstoel)<br \/>\n<strong>&gt;<\/strong> Verhuur van koelkastjes en barbecues, afhankelijk van beschikbaarheid<br \/>\n<strong>&gt;<\/strong> Eindschoonmaak<br \/>\n<strong>&gt;<\/strong> Servicestation voor campers (gratis bij uw standplaats)<br \/>\n<strong>&gt;<\/strong> Een gratis Wifi Zone in de Snack-Bar (geen Wifi in de accommodatie).[\/vc_column_text][\/vc_column_inner][\/vc_row_inner]<\/div>[\/vc_column][\/vc_row][vc_row][vc_column]<div class=\"wrappedcontent\">[vc_column_text css=&#8221;.vc_custom_1705326793481{padding-top: 15px !important;padding-right: 25px !important;padding-bottom: 15px !important;padding-left: 25px !important;background-color: #ffffff !important;}&#8221;][\/vc_column_text][vc_column_text css=&#8221;.vc_custom_1705326669203{padding-top: 15px !important;padding-right: 15px !important;padding-bottom: 15px !important;padding-left: 15px !important;background-color: #ffffff !important;}&#8221;]<\/p>\n<h2 style=\"text-align: center;\"><strong>CAF\u00c9-COMPTOIR<\/strong><\/h2>\n<p>[\/vc_column_text][vc_column_text css=&#8221;.vc_custom_1705326806254{padding-top: 15px !important;padding-right: 15px !important;padding-bottom: 15px !important;padding-left: 15px !important;background-color: #ffffff !important;}&#8221;]<\/p>\n<p style=\"text-align: center;\">In het Caf\u00e9-comptoir kun je terecht voor al je lekkere trek: aperitiefschotels, huisgemaakte pizza&#8217;s, ijsjes.<\/p>\n<p>[\/vc_column_text][vc_row_inner gap=&#8221;35&#8243; css=&#8221;.vc_custom_1600070757579{margin-left: -0.5px !important;padding-top: 15px !important;padding-right: 15px !important;padding-bottom: 15px !important;padding-left: 15px !important;background-color: #ffffff !important;}&#8221;][vc_column_inner width=&#8221;1\/4&#8243;][vc_single_image image=&#8221;2340&#8243; img_size=&#8221;71*71&#8243; alignment=&#8221;center&#8221;][vc_empty_space][vc_column_text]<\/p>\n<p class=\"ewa-rteLine\" style=\"text-align: center;\"><strong>ONTBIJT<\/strong><br \/>\nElke dag in het winkeltje naast de receptie.<\/p>\n<p>[\/vc_column_text][\/vc_column_inner][vc_column_inner width=&#8221;1\/4&#8243; css=&#8221;.vc_custom_1600070746603{padding-top: 15px !important;padding-right: 15px !important;padding-bottom: 15px !important;padding-left: 15px !important;}&#8221;][vc_single_image image=&#8221;2344&#8243; img_size=&#8221;71*71&#8243; alignment=&#8221;center&#8221;][vc_empty_space][vc_column_text css=&#8221;&#8221;]<\/p>\n<p style=\"text-align: center;\"><strong>TUSSENDOORTJE<\/strong><br \/>\nIn de zomer, van <span data-olk-copy-source=\"MessageBody\">04\/07\/2026 tot 31\/08\/2026<\/span> van 16u tot 18u uur bij ons terecht voor zelfgemaakte pannenkoeken met suiker, boterhampasta of ambachtelijk gemaakte jam.<\/p>\n<p>[\/vc_column_text][\/vc_column_inner][vc_column_inner width=&#8221;1\/4&#8243;][vc_single_image image=&#8221;2352&#8243; img_size=&#8221;71*71&#8243; alignment=&#8221;center&#8221;][vc_empty_space][vc_column_text css=&#8221;&#8221;]<\/p>\n<p class=\"ewa-rteLine\" style=\"text-align: center;\"><strong>SNACKBAR<br \/>\n<\/strong><em>Geopend tijdens de volgende periodes:<\/em><br \/>\n<strong>Lange weekenden van mei<\/strong><br \/>\n<strong>Juni en september<\/strong> (vrijdag- en zaterdagavond)<\/p>\n<p>[\/vc_column_text][\/vc_column_inner][vc_column_inner width=&#8221;1\/4&#8243;][vc_single_image image=&#8221;2348&#8243; img_size=&#8221;71*71&#8243; alignment=&#8221;center&#8221;][vc_empty_space][vc_column_text css=&#8221;&#8221;]<\/p>\n<p style=\"text-align: center;\"><span class=\"ql-und\"><strong>PIZZA<\/strong><b><br \/>\n<\/b><\/span><strong>Zomer<\/strong> elke avond in de zomer van <span data-olk-copy-source=\"MessageBody\">04\/07\/2026 tot 31\/08\/2026<\/span><\/p>\n<p>[\/vc_column_text][\/vc_column_inner][\/vc_row_inner]<\/div>[\/vc_column][\/vc_row][vc_row css=&#8221;.vc_custom_1545318805271{background-color: #e8e8e8 !important;}&#8221;][vc_column]<div class=\"wrappedcontent\">[vc_row_inner gap=&#8221;35&#8243; css=&#8221;.vc_custom_1600070942660{margin-left: -0.5px !important;padding-top: 15px !important;padding-right: 15px !important;padding-bottom: 15px !important;padding-left: 15px !important;background-color: #ffffff !important;}&#8221;][vc_column_inner width=&#8221;2\/3&#8243;][vc_text_separator title=&#8221;FIETSVERHUUR&#8221; color=&#8221;white&#8221;][vc_empty_space height=&#8221;12px&#8221;][vc_column_text]De &#8220;longtail&#8221; doet zijn intrede: deze nieuwe fiets is speciaal ontworpen voor gezinnen, want er kunnen maar liefst twee kinderen achterop!<\/p>\n<p>Huur uw elektrische fietsen direct bij de receptie van de camping, wel zo makkelijk. Onze camping draagt het label &#8220;Accueil V\u00e9lo&#8221;, dat staat voor een fietsvriendelijk ontvangst en vele praktische diensten speciaal voor fietsers\u2026<\/p>\n<p><strong>Niet te missen op uw fietstocht:<\/strong> het prachtige middeleeuwse dorp Yvoire, eenvoudig bereikbaar via het fietspad dat langs de camping loopt. En wie zin heeft kan zelfs doorfietsen tot Gen\u00e8ve!<\/p>\n<p>Tip voor uw fietsvakantie rondom het meer: download de app &#8220;V\u00e9lo Savoie Mont Blanc&#8221;.[\/vc_column_text][\/vc_column_inner][vc_column_inner width=&#8221;1\/3&#8243;][vc_masonry_media_grid element_width=&#8221;12&#8243; gap=&#8221;0&#8243; grid_id=&#8221;vc_gid:1771257992972-7ef4bf10-59d9-10&#8243; include=&#8221;1582&#8243;][\/vc_column_inner][\/vc_row_inner][vc_empty_space]<div class=\"text-center btnwrap\"><a class=\"btn btn-huttopia-cta\" href=\"http:\/\/checkout.campings-nature.com\/site\/nl\/929\" role=\"button\" target=\"\" onclick=\"dataLayer.push({'event':'clickCity', 'clickText':'Reserveer uw verblijf'})\">Reserveer uw verblijf<\/a><\/div><\/div>[\/vc_column][\/vc_row][vc_row][vc_column]<div class=\"wrappedcontent\">[vc_column_text]<\/p>\n<h3>In de omgeving<\/h3>\n<p>De camping is het ideale vertrekpunt voor leuke dagtrips, bijv. naar de bekende kuuroorden Thonon les Bains en Evian, Avoriaz met zijn frisse berglucht, Yvoire (op 3 km) \u00e9\u00e9n van de 10 mooiste dorpen van Frankrijk, op slechts 40 minuten van Gen\u00e8ve en de onweerstaanbare Zwitserse chocola.[\/vc_column_text]<\/div>[\/vc_column][\/vc_row]<\/p>\n<\/div>","protected":false},"excerpt":{"rendered":"<p>[vc_row][vc_column][vc_single_image image=&#8221;1370&#8243; img_size=&#8221;1900&#215;500&#8243; alignment=&#8221;center&#8221;][\/vc_column][\/vc_row][vc_row][vc_column][\/vc_column][\/vc_row][vc_row css=&#8221;.vc_custom_1545318805271{background-color: #e8e8e8 !important;}&#8221;][vc_column][\/vc_column][\/vc_row][vc_row][vc_column][\/vc_column][\/vc_row][vc_row css=&#8221;.vc_custom_1545318805271{background-color: #e8e8e8 !important;}&#8221;][vc_column][\/vc_column][\/vc_row][vc_row][vc_column][\/vc_column][\/vc_row]<\/p>\n","protected":false},"author":4,"featured_media":0,"parent":0,"menu_order":0,"comment_status":"closed","ping_status":"closed","template":"","meta":{"footnotes":""},"class_list":["post-398","page","type-page","status-publish","hentry"],"yoast_head":"<!-- This site is optimized with the Yoast SEO plugin v25.6 - https:\/\/yoast.com\/wordpress\/plugins\/seo\/ -->\n<title>Camping La Pin\u00e8de - Activiteiten en Services<\/title>\n<meta name=\"description\" content=\"Op Camping La Pin\u00e8de \u2013 Excenevex : Profiteert u van hoogwaardige recreatievoorzieningen en services zodat u optimaal kunt genieten van een welverdiende vakantie aan het meer van Gen\u00e8ve.\" \/>\n<meta name=\"robots\" content=\"index, follow, max-snippet:-1, max-image-preview:large, max-video-preview:-1\" \/>\n<link rel=\"canonical\" href=\"https:\/\/www.camping-lapinede-excenevex.com\/nl\/activiteiten-services\/\" \/>\n<meta property=\"og:locale\" content=\"nl_NL\" \/>\n<meta property=\"og:type\" content=\"article\" \/>\n<meta property=\"og:title\" content=\"Camping La Pin\u00e8de - Activiteiten en Services\" \/>\n<meta property=\"og:description\" content=\"Op Camping La Pin\u00e8de \u2013 Excenevex : Profiteert u van hoogwaardige recreatievoorzieningen en services zodat u optimaal kunt genieten van een welverdiende vakantie aan het meer van Gen\u00e8ve.\" \/>\n<meta property=\"og:url\" content=\"https:\/\/www.camping-lapinede-excenevex.com\/nl\/activiteiten-services\/\" \/>\n<meta property=\"og:site_name\" content=\"Camping La Pin\u00e8de - Excenevex\" \/>\n<meta property=\"article:modified_time\" content=\"2026-02-16T16:07:09+00:00\" \/>\n<meta name=\"twitter:card\" content=\"summary_large_image\" \/>\n<meta name=\"twitter:label1\" content=\"Est. reading time\" \/>\n\t<meta name=\"twitter:data1\" content=\"8 minuten\" \/>\n<script type=\"application\/ld+json\" class=\"yoast-schema-graph\">{\"@context\":\"https:\/\/schema.org\",\"@graph\":[{\"@type\":\"WebPage\",\"@id\":\"https:\/\/www.camping-lapinede-excenevex.com\/nl\/activiteiten-services\/\",\"url\":\"https:\/\/www.camping-lapinede-excenevex.com\/nl\/activiteiten-services\/\",\"name\":\"Camping La Pin\u00e8de - Activiteiten en Services\",\"isPartOf\":{\"@id\":\"https:\/\/www.camping-lapinede-excenevex.com\/nl\/#website\"},\"datePublished\":\"2018-12-20T13:22:22+00:00\",\"dateModified\":\"2026-02-16T16:07:09+00:00\",\"description\":\"Op Camping La Pin\u00e8de \u2013 Excenevex : Profiteert u van hoogwaardige recreatievoorzieningen en services zodat u optimaal kunt genieten van een welverdiende vakantie aan het meer van Gen\u00e8ve.\",\"breadcrumb\":{\"@id\":\"https:\/\/www.camping-lapinede-excenevex.com\/nl\/activiteiten-services\/#breadcrumb\"},\"inLanguage\":\"nl\",\"potentialAction\":[{\"@type\":\"ReadAction\",\"target\":[\"https:\/\/www.camping-lapinede-excenevex.com\/nl\/activiteiten-services\/\"]}]},{\"@type\":\"BreadcrumbList\",\"@id\":\"https:\/\/www.camping-lapinede-excenevex.com\/nl\/activiteiten-services\/#breadcrumb\",\"itemListElement\":[{\"@type\":\"ListItem\",\"position\":1,\"name\":\"Home\",\"item\":\"https:\/\/www.camping-lapinede-excenevex.com\/nl\/\"},{\"@type\":\"ListItem\",\"position\":2,\"name\":\"Activiteiten \/ Services\"}]},{\"@type\":\"WebSite\",\"@id\":\"https:\/\/www.camping-lapinede-excenevex.com\/nl\/#website\",\"url\":\"https:\/\/www.camping-lapinede-excenevex.com\/nl\/\",\"name\":\"Camping La Pin\u00e8de - Excenevex\",\"description\":\"Just another Citykamp site\",\"potentialAction\":[{\"@type\":\"SearchAction\",\"target\":{\"@type\":\"EntryPoint\",\"urlTemplate\":\"https:\/\/www.camping-lapinede-excenevex.com\/nl\/?s={search_term_string}\"},\"query-input\":{\"@type\":\"PropertyValueSpecification\",\"valueRequired\":true,\"valueName\":\"search_term_string\"}}],\"inLanguage\":\"nl\"}]}<\/script>\n<!-- \/ Yoast SEO plugin. -->","yoast_head_json":{"title":"Camping La Pin\u00e8de - Activiteiten en Services","description":"Op Camping La Pin\u00e8de \u2013 Excenevex : Profiteert u van hoogwaardige recreatievoorzieningen en services zodat u optimaal kunt genieten van een welverdiende vakantie aan het meer van Gen\u00e8ve.","robots":{"index":"index","follow":"follow","max-snippet":"max-snippet:-1","max-image-preview":"max-image-preview:large","max-video-preview":"max-video-preview:-1"},"canonical":"https:\/\/www.camping-lapinede-excenevex.com\/nl\/activiteiten-services\/","og_locale":"nl_NL","og_type":"article","og_title":"Camping La Pin\u00e8de - Activiteiten en Services","og_description":"Op Camping La Pin\u00e8de \u2013 Excenevex : Profiteert u van hoogwaardige recreatievoorzieningen en services zodat u optimaal kunt genieten van een welverdiende vakantie aan het meer van Gen\u00e8ve.","og_url":"https:\/\/www.camping-lapinede-excenevex.com\/nl\/activiteiten-services\/","og_site_name":"Camping La Pin\u00e8de - Excenevex","article_modified_time":"2026-02-16T16:07:09+00:00","twitter_card":"summary_large_image","twitter_misc":{"Est. reading time":"8 minuten"},"schema":{"@context":"https:\/\/schema.org","@graph":[{"@type":"WebPage","@id":"https:\/\/www.camping-lapinede-excenevex.com\/nl\/activiteiten-services\/","url":"https:\/\/www.camping-lapinede-excenevex.com\/nl\/activiteiten-services\/","name":"Camping La Pin\u00e8de - Activiteiten en Services","isPartOf":{"@id":"https:\/\/www.camping-lapinede-excenevex.com\/nl\/#website"},"datePublished":"2018-12-20T13:22:22+00:00","dateModified":"2026-02-16T16:07:09+00:00","description":"Op Camping La Pin\u00e8de \u2013 Excenevex : Profiteert u van hoogwaardige recreatievoorzieningen en services zodat u optimaal kunt genieten van een welverdiende vakantie aan het meer van Gen\u00e8ve.","breadcrumb":{"@id":"https:\/\/www.camping-lapinede-excenevex.com\/nl\/activiteiten-services\/#breadcrumb"},"inLanguage":"nl","potentialAction":[{"@type":"ReadAction","target":["https:\/\/www.camping-lapinede-excenevex.com\/nl\/activiteiten-services\/"]}]},{"@type":"BreadcrumbList","@id":"https:\/\/www.camping-lapinede-excenevex.com\/nl\/activiteiten-services\/#breadcrumb","itemListElement":[{"@type":"ListItem","position":1,"name":"Home","item":"https:\/\/www.camping-lapinede-excenevex.com\/nl\/"},{"@type":"ListItem","position":2,"name":"Activiteiten \/ Services"}]},{"@type":"WebSite","@id":"https:\/\/www.camping-lapinede-excenevex.com\/nl\/#website","url":"https:\/\/www.camping-lapinede-excenevex.com\/nl\/","name":"Camping La Pin\u00e8de - Excenevex","description":"Just another Citykamp site","potentialAction":[{"@type":"SearchAction","target":{"@type":"EntryPoint","urlTemplate":"https:\/\/www.camping-lapinede-excenevex.com\/nl\/?s={search_term_string}"},"query-input":{"@type":"PropertyValueSpecification","valueRequired":true,"valueName":"search_term_string"}}],"inLanguage":"nl"}]}},"_links":{"self":[{"href":"https:\/\/www.camping-lapinede-excenevex.com\/nl\/wp-json\/wp\/v2\/pages\/398","targetHints":{"allow":["GET"]}}],"collection":[{"href":"https:\/\/www.camping-lapinede-excenevex.com\/nl\/wp-json\/wp\/v2\/pages"}],"about":[{"href":"https:\/\/www.camping-lapinede-excenevex.com\/nl\/wp-json\/wp\/v2\/types\/page"}],"author":[{"embeddable":true,"href":"https:\/\/www.camping-lapinede-excenevex.com\/nl\/wp-json\/wp\/v2\/users\/4"}],"replies":[{"embeddable":true,"href":"https:\/\/www.camping-lapinede-excenevex.com\/nl\/wp-json\/wp\/v2\/comments?post=398"}],"version-history":[{"count":6,"href":"https:\/\/www.camping-lapinede-excenevex.com\/nl\/wp-json\/wp\/v2\/pages\/398\/revisions"}],"predecessor-version":[{"id":2602,"href":"https:\/\/www.camping-lapinede-excenevex.com\/nl\/wp-json\/wp\/v2\/pages\/398\/revisions\/2602"}],"wp:attachment":[{"href":"https:\/\/www.camping-lapinede-excenevex.com\/nl\/wp-json\/wp\/v2\/media?parent=398"}],"curies":[{"name":"wp","href":"https:\/\/api.w.org\/{rel}","templated":true}]}}