{"id":387,"date":"2018-12-20T13:21:41","date_gmt":"2018-12-20T13:21:41","guid":{"rendered":"http:\/\/www.citykamp.com\/lapinedeexcenevex\/?page_id=387"},"modified":"2025-05-26T07:52:14","modified_gmt":"2025-05-26T07:52:14","slug":"accommodaties","status":"publish","type":"page","link":"https:\/\/www.camping-lapinede-excenevex.com\/nl\/accommodaties\/","title":{"rendered":"Accommodaties"},"content":{"rendered":"<div class=\"wpb-content-wrapper\"><p>[vc_row][vc_column][vc_single_image image=&#8221;1328&#8243; img_size=&#8221;1900X500&#8243; alignment=&#8221;center&#8221;][\/vc_column][\/vc_row][vc_row][vc_column]<div class=\"wrappedcontent\">[vc_row_inner equal_height=&#8221;yes&#8221; content_placement=&#8221;middle&#8221; gap=&#8221;30&#8243; css=&#8221;.vc_custom_1628170077879{margin-left: -0.5px !important;}&#8221;][vc_column_inner width=&#8221;2\/3&#8243;][vc_column_text css=&#8221;&#8221;]<\/p>\n<h3>Verhuur van tenten of chalets in Camping La Pin\u00e8de<\/h3>\n<p>Dommel weg in een echt bed, met het zachte geruis van de wind in de bomen, of bewonder de zonsondergang vanaf uw terras\u2026<br \/>\nOp camping La Pin\u00e8de heeft u de keus uit verschillende accommodaties: &#8220;toile &amp; bois&#8221; tenten van canvas en hout, stacaravans en chalets. Er is hier geen televisie en de magie van de plek laat veel aan de verbeelding over&#8230;[\/vc_column_text][\/vc_column_inner][vc_column_inner width=&#8221;1\/3&#8243;][vc_column_text css=&#8221;.vc_custom_1666604410815{padding-top: 15px !important;padding-right: 15px !important;padding-bottom: 15px !important;padding-left: 15px !important;background-color: #14636e !important;}&#8221;]<\/p>\n<p style=\"text-align: center;\"><span style=\"color: #ffffff;\">Lakens en handdoeken zijn te huur<\/span><\/p>\n<p>[\/vc_column_text][\/vc_column_inner][\/vc_row_inner]<\/div>[\/vc_column][\/vc_row][vc_row css=&#8221;.vc_custom_1545315940381{margin-left: -0.5px !important;background-color: #e8e8e8 !important;}&#8221;][vc_column]<div class=\"wrappedcontent\">[vc_column_text]<\/p>\n<h3 style=\"text-align: center;\">&#8211; Tent en\u00a0 Bungalowtent &#8211;<\/h3>\n<p>[\/vc_column_text][vc_empty_space height=&#8221;25px&#8221;][vc_row_inner gap=&#8221;35&#8243; css=&#8221;.vc_custom_1545316646191{margin-left: -0.5px !important;}&#8221;][vc_column_inner width=&#8221;1\/3&#8243;][vc_text_separator title=&#8221;Lodgetent Maasa\u00ef&#8221; color=&#8221;white&#8221;][vc_column_text]<\/p>\n<p style=\"text-align: center;\">25 m\u00b2 &#8211; 4\u00a0personen.<\/p>\n<p>[\/vc_column_text][vc_empty_space height=&#8221;12px&#8221;][vc_masonry_media_grid element_width=&#8221;12&#8243; gap=&#8221;0&#8243; grid_id=&#8221;vc_gid:1748245911645-a99c93d6-89bc-1&#8243; include=&#8221;1332&#8243;][vc_empty_space height=&#8221;12px&#8221;][vc_column_text css=&#8221;&#8221;]<strong>&gt;<\/strong> 2 slaapkamers met 2 eenpersoonsbedden 80 x 200.<br \/>\n<strong>&gt;<\/strong> Badkamer met inloopdouche, wastafel en apart toilet.<br \/>\n<strong>&gt;<\/strong> Volledig uitgeruste keukenhoek. (filterkoffiezetapparaat)<br \/>\n<strong>&gt;<\/strong> Overdekt terras van 15 m\u00b2, 2 makkelijke stoelen en koffietafel.<br \/>\n<strong>&gt;<\/strong> Vloerverwarming.<\/p>\n<p style=\"text-align: center;\"><span style=\"text-decoration: underline;\"><a href=\"https:\/\/media.huttopia.com\/hebergements\/117-tente-lodge-maasai\/Inventaire\/excenevex-inventaire-tente-maasai-fr-en.pdf\" target=\"_blank\" rel=\"noopener\">Inventarislijst<\/a><\/span><\/p>\n<p>[\/vc_column_text][\/vc_column_inner][vc_column_inner width=&#8221;1\/3&#8243;][vc_text_separator title=&#8221;Canadienne Tent&#8221; color=&#8221;white&#8221;][vc_column_text]<\/p>\n<p style=\"text-align: center;\">20 m\u00b2 &#8211; 5\u00a0personen.<\/p>\n<p>[\/vc_column_text][vc_empty_space height=&#8221;12px&#8221;][vc_masonry_media_grid element_width=&#8221;12&#8243; gap=&#8221;0&#8243; grid_id=&#8221;vc_gid:1748245911651-ada2a488-0222-4&#8243; include=&#8221;1336&#8243;][vc_empty_space height=&#8221;12px&#8221;][vc_column_text css=&#8221;&#8221;]<strong>&gt;<\/strong> 2 slaapkamers: \u00e9\u00e9n met een tweepersoonsbed 140&#215;200 en \u00e9\u00e9n met een tweepersoonsbed 140&#215;190 met daarboven een eenpersoonsbed van 90&#215;190.<br \/>\n<strong>&gt;<\/strong> Volledig uitgeruste keukenhoek (filterkoffiezetapparaat)<br \/>\n<strong>&gt;<\/strong> Houten terras<\/p>\n<p style=\"text-align: center;\"><span style=\"text-decoration: underline;\"><a href=\"https:\/\/media.huttopia.com\/hebergements\/106-tente-canadienne-ii\/inventaire\/excenevex-inventaire-tente-canadienne-fr-en.pdf\" target=\"_blank\" rel=\"noopener\">Inventarislijst<\/a><\/span><\/p>\n<p>[\/vc_column_text][\/vc_column_inner][vc_column_inner width=&#8221;1\/3&#8243;][vc_text_separator title=&#8221;Trappeur Tent&#8221; color=&#8221;white&#8221;][vc_column_text]<\/p>\n<p style=\"text-align: center;\">25 m\u00b2 &#8211; 5 personen.<\/p>\n<p>[\/vc_column_text][vc_empty_space height=&#8221;12px&#8221;][vc_masonry_media_grid element_width=&#8221;12&#8243; gap=&#8221;0&#8243; grid_id=&#8221;vc_gid:1748245911654-4d06930d-dc05-1&#8243; include=&#8221;1340&#8243;][vc_empty_space height=&#8221;12px&#8221;][vc_column_text css=&#8221;&#8221;]<strong>&gt;<\/strong> 2 slaapkamers: \u00e9\u00e9n met een tweepersoonsbed 140&#215;200 en \u00e9\u00e9n met een tweepersoonsbed 140&#215;190 met daarboven een eenpersoonsbed van 90&#215;190.<br \/>\n<strong>&gt;<\/strong> Volledig uitgeruste keukenhoek (filterkoffiezetapparaat)<br \/>\n<strong>&gt;<\/strong> Badkamer<br \/>\n<strong>&gt;<\/strong> Houten terras<\/p>\n<p style=\"text-align: center;\"><span style=\"text-decoration: underline;\"><a href=\"https:\/\/media.huttopia.com\/hebergements\/111-tente-trappeur-camping\/Inventaire\/excenevex-inventaire-tente-trappeur-fr-en.pdf\" target=\"_blank\" rel=\"noopener\">Inventarislijst<\/a><\/span><\/p>\n<p>[\/vc_column_text][\/vc_column_inner][\/vc_row_inner][vc_empty_space height=&#8221;20px&#8221;]<div class=\"text-center btnwrap\"><a class=\"btn btn-huttopia-cta\" href=\"http:\/\/checkout.campings-nature.com\/site\/nl\/929\" role=\"button\" target=\"\" onclick=\"dataLayer.push({'event':'clickCity', 'clickText':'Reserveer uw verblijf'})\">Reserveer uw verblijf<\/a><\/div><\/div>[\/vc_column][\/vc_row][vc_row][vc_column]<div class=\"wrappedcontent\">[vc_column_text]<\/p>\n<h3 style=\"text-align: center;\">&#8211; Chalets en Stacaravan &#8211;<\/h3>\n<p>[\/vc_column_text][vc_empty_space height=&#8221;25px&#8221;][vc_row_inner gap=&#8221;35&#8243; css=&#8221;.vc_custom_1545317360247{margin-left: -0.5px !important;}&#8221;][vc_column_inner width=&#8221;1\/3&#8243;][vc_text_separator title=&#8221;Chalet Evasion&#8221;][vc_column_text]<\/p>\n<p style=\"text-align: center;\">25 m\u00b2 &#8211; 5 personen.<\/p>\n<p>[\/vc_column_text][vc_empty_space height=&#8221;12px&#8221;][vc_masonry_media_grid element_width=&#8221;12&#8243; gap=&#8221;0&#8243; grid_id=&#8221;vc_gid:1748245911661-c8c280f9-6b2e-0&#8243; include=&#8221;1631&#8243;][vc_empty_space height=&#8221;12px&#8221;][vc_column_text css=&#8221;&#8221;]<strong>&gt; <\/strong>Het chalet beschikt over een uitgeruste keukenhoek (met een gootsteen, gaskookstel, magnetron, koelkast en filterkoffiezetapparaat), woonkamer en eethoek.<br \/>\n<strong>&gt;<\/strong> Er zijn twee slaapkamers: \u00e9\u00e9n met een tweepersoonsbed van 140\u00d7200 en \u00e9\u00e9n slaapkamer met drie eenpersoonsbedden van 80\u00d7200, waarvan \u00e9\u00e9n stapelbed.<br \/>\n<strong>&gt;<\/strong> Beide slaapkamers beschikken over kastruimte.<br \/>\n<strong>&gt;<\/strong> Badkamer met douche en bergruimte, apart toilet.<\/p>\n<p style=\"text-align: center;\"><span style=\"text-decoration: underline;\"><a href=\"https:\/\/media.huttopia.com\/hebergements\/104-chalet-evasion-plat\/Inventaire\/excenevex-inventaire-chalet-evasion-fr-en.pdf\" target=\"_blank\" rel=\"noopener\">Inventarislijst<\/a><\/span><\/p>\n<p>[\/vc_column_text][\/vc_column_inner][vc_column_inner width=&#8221;1\/3&#8243;][vc_text_separator title=&#8221;Roulotte&#8221;][vc_column_text]<\/p>\n<p style=\"text-align: center;\">21 m\u00b2 &#8211; 4 personen.<\/p>\n<p>[\/vc_column_text][vc_empty_space height=&#8221;12px&#8221;][vc_masonry_media_grid element_width=&#8221;12&#8243; gap=&#8221;0&#8243; grid_id=&#8221;vc_gid:1748245911666-ef1b78a1-7b63-2&#8243; include=&#8221;1635&#8243;][vc_empty_space height=&#8221;12px&#8221;][vc_column_text css=&#8221;&#8221;]<strong>&gt;<\/strong> Woonruimte: zithoek met tafel en bank.<br \/>\n<strong>&gt;<\/strong> Keukenhoek (aanrecht, gasstel, magnetron, koelkast, vaatwerk, filterkoffiezetapparaat).<br \/>\n<strong>&gt;<\/strong> 2 aparte slaapkamers: 1 slaapkamer met tweepersoonsbed (140\u00d7200) en 1 slaapkamer met een stapelbed (70\u00d7190).<br \/>\n<strong>&gt;<\/strong> Badkamer met wastafel en douche \u2013 aparte wc<br \/>\n<strong>&gt;<\/strong> Buiten: houten picknicktafel, parasol, 2 pop-up fauteuils.<\/p>\n<p style=\"text-align: center;\"><span style=\"text-decoration: underline;\"><a href=\"https:\/\/media.huttopia.com\/hebergements\/138-roulotte-xl\/inventaires\/excenevex-inventaire-roulotte-fr-en.pdf\" target=\"_blank\" rel=\"noopener\">Inventarislijst<\/a><\/span><\/p>\n<p>[\/vc_column_text][\/vc_column_inner][vc_column_inner width=&#8221;1\/3&#8243;][vc_text_separator title=&#8221;Chalet Ottawa&#8221;][vc_column_text]<\/p>\n<p style=\"text-align: center;\">33 m\u00b2 &#8211; 6 personen.<\/p>\n<p>[\/vc_column_text][vc_empty_space height=&#8221;12px&#8221;][vc_masonry_media_grid element_width=&#8221;12&#8243; gap=&#8221;0&#8243; grid_id=&#8221;vc_gid:1748245911671-4e86356e-f613-10&#8243; include=&#8221;2171&#8243;][vc_empty_space height=&#8221;12px&#8221;][vc_column_text css=&#8221;&#8221;]<strong>&gt;<\/strong> Grote zithoek met schuifdeuren en ingerichte keuken (aanrecht, koelkast, magnetron\u2026) met een aangename ruimte binnen en buiten om volledig te ontspannen in de natuur.<br \/>\n<strong>&gt;<\/strong> Slaapruimte met drie volledig zelfstandige slaapkamers: een met een tweepersoonsbed (160\u00d7200) die uitkomt op het terras, twee slaapkamers met twee eenpersoonsbeden (80\u00d7200) en veel bergruimte.<br \/>\n<strong>&gt;<\/strong> Een ruime badkamer met twee wasbakken en een XL douche voor nog meer comfort. Aparte wc.<br \/>\n<strong>&gt;<\/strong> Terras 14 m\u00b2.<\/p>\n<p style=\"text-align: center;\"><span style=\"text-decoration: underline;\"><a href=\"https:\/\/media.huttopia.com\/hebergements\/91-chalet-ottawa\/inventaire\/excenevex-inventaire-chalet-ottawa-fr-en.pdf\" target=\"_blank\" rel=\"noopener\">Inventarislijst<\/a><\/span><\/p>\n<p>[\/vc_column_text][\/vc_column_inner][\/vc_row_inner][vc_empty_space height=&#8221;40px&#8221;][vc_row_inner gap=&#8221;35&#8243; css=&#8221;.vc_custom_1545317360247{margin-left: -0.5px !important;}&#8221;][vc_column_inner width=&#8221;1\/3&#8243;][vc_text_separator title=&#8221;Stacaravan 2 slaapkamers&#8221;][vc_column_text]<\/p>\n<p style=\"text-align: center;\">27 m\u00b2 &#8211; 5 personen.<\/p>\n<p>[\/vc_column_text][vc_empty_space height=&#8221;12px&#8221;][vc_masonry_media_grid element_width=&#8221;12&#8243; gap=&#8221;0&#8243; grid_id=&#8221;vc_gid:1748245911676-b7d8e967-bb30-5&#8243; include=&#8221;1284&#8243;][vc_empty_space height=&#8221;12px&#8221;][vc_column_text css=&#8221;&#8221;]<strong>&gt; <\/strong>1 slaapkamer met een tweepersoonsbed 140 x 190, 1 slaapkamer met 2 eenpersoonsbedden 80 x 190. Extra slaapplek op de slaapbank van 120 x 190 in de woonkamer<br \/>\n<strong>&gt;<\/strong> Volledig uitgeruste keukenhoek. (filterkoffiezetapparaat)<br \/>\n<strong>&gt;<\/strong> Badkamer met douche, wastafel en apart toilet.<br \/>\n<strong>&gt;<\/strong> Overdekt terras met tuinameublement<\/p>\n<p style=\"text-align: center;\"><span style=\"text-decoration: underline;\"><a href=\"https:\/\/media.huttopia.com\/hebergements\/12-mobile-home-2-chambres\/inventaire\/excenevex-inventaire-mobile-home-2-chambres-fr-en.pdf\" target=\"_blank\" rel=\"noopener\">Inventarislijst<\/a><\/span><\/p>\n<p>[\/vc_column_text][\/vc_column_inner][vc_column_inner width=&#8221;1\/3&#8243;][vc_text_separator title=&#8221;Stacaravan 3 slaapkamers&#8221;][vc_column_text]<\/p>\n<p style=\"text-align: center;\">30 m\u00b2 &#8211; 6 personen.<\/p>\n<p>[\/vc_column_text][vc_empty_space height=&#8221;12px&#8221;][vc_masonry_media_grid element_width=&#8221;12&#8243; gap=&#8221;0&#8243; grid_id=&#8221;vc_gid:1748245911680-a575d6f0-99b5-5&#8243; include=&#8221;583&#8243;][vc_empty_space height=&#8221;12px&#8221;][vc_column_text css=&#8221;&#8221;]<strong>&gt;<\/strong> 1 slaapkamer met tweepersoonsbed 140 x 190, 2 slaapkamers met 2 eenpersoonsbedden 80 x 190.<br \/>\n<strong>&gt;<\/strong> Extra slaapplek op de slaapbank 120 x 190 in de woonkamer.<br \/>\n<strong>&gt;<\/strong> Volledig uitgeruste keukenhoek (filterkoffiezetapparaat)<br \/>\n<strong>&gt;<\/strong> Badkamer met douche, wastafel en apart toilet.<br \/>\n<strong>&gt;<\/strong> Overdekt terras met tuinameublement.<\/p>\n<p style=\"text-align: center;\"><span style=\"text-decoration: underline;\"><a href=\"https:\/\/media.huttopia.com\/hebergements\/99-mh-6-8-pers-3-chambres\/inventaire\/excenevex-inventaire-mobile-home-3-chambres-fr-en.pdf\" target=\"_blank\" rel=\"noopener\">Inventarislijst<\/a><\/span><\/p>\n<p>[\/vc_column_text][\/vc_column_inner][vc_column_inner width=&#8221;1\/3&#8243;][vc_text_separator title=&#8221;Chalet Ontario voor mindervaliden&#8221; css=&#8221;&#8221;][vc_column_text css=&#8221;&#8221;]<\/p>\n<p style=\"text-align: center;\">35 m\u00b2 &#8211; 4 personen.<\/p>\n<p>[\/vc_column_text][vc_empty_space height=&#8221;12px&#8221;][vc_masonry_media_grid element_width=&#8221;12&#8243; gap=&#8221;0&#8243; css=&#8221;&#8221; grid_id=&#8221;vc_gid:1748245911684-310900fd-2883-2&#8243; include=&#8221;2482&#8243;][vc_empty_space height=&#8221;12px&#8221;][vc_column_text css=&#8221;&#8221;]<strong>&gt;<\/strong> Ouderslaapkamer met een tweepersoonsbed (160\u00d7200) en een XL doucheruimte. De tweede slaapkamer, bijv. voor de kinderen, heeft een stapelbed (afmeting per bed 90&#215;200).<br \/>\n<strong>&gt;<\/strong> De woonkamer kan het beste omschreven worden als een ruim opgezette leefomgeving met een volledig ingerichte keukenhoek (voorzien van een gootsteen, inductiekookplaat, magnetron, koelkast&#8230;). Er is een eettafel met bank voor 4 personen, om gezellig te tafelen tijdens uw vakantie.<br \/>\n<strong>&gt;<\/strong> De comfortabele badkamer is praktisch ingericht met een gecertificeerde wascabine, aangepast voor mindervaliden.<br \/>\n<strong>&gt;<\/strong> Overdekt terras met rolstoeloprit.[\/vc_column_text][\/vc_column_inner][\/vc_row_inner][vc_empty_space height=&#8221;20px&#8221;]<div class=\"text-center btnwrap\"><a class=\"btn btn-huttopia-cta\" href=\"http:\/\/checkout.campings-nature.com\/site\/nl\/929\" role=\"button\" target=\"\" onclick=\"dataLayer.push({'event':'clickCity', 'clickText':'Reserveer uw verblijf'})\">Reserveer uw verblijf<\/a><\/div>[vc_empty_space height=&#8221;20px&#8221;][vc_column_text]<i class=\"fa fa-map\" style=\"font-size: 12px;\"><\/i> <span style=\"text-decoration: underline;\"><a href=\"https:\/\/media.huttopia.com\/destinations\/pinede-excenevex\/plan-camping.pdf\" target=\"_blank\" rel=\"noopener noreferrer\">Zie de plattegrond van de camping<\/a><\/span>[\/vc_column_text]<\/div>[\/vc_column][\/vc_row][vc_row css=&#8221;.vc_custom_1546614100395{background-color: #e8e8e8 !important;}&#8221;][vc_column]<div class=\"wrappedcontent\">[vc_column_text css=&#8221;&#8221;]<\/p>\n<h3 style=\"text-align: center;\">Extra services tijdens uw verblijf<\/h3>\n<ul>\n<li>Verleng uw weekend: vertrek mogelijk tot 16 uur op zondag! (met uitzondering van schoolvakanties en afhankelijk van beschikbaarheid van uw accommodatie)<\/li>\n<li>Verblijven vanaf 2 of 3 nachten, zelfs in de zomer!<\/li>\n<li>Optionele eindschoonmaak<\/li>\n<li>Babypakket: bedje en kinderstoel gratis (behalve in juli en augustus), reserveren verplicht<\/li>\n<\/ul>\n<p>[\/vc_column_text]<\/div>[\/vc_column][\/vc_row]<\/p>\n<\/div>","protected":false},"excerpt":{"rendered":"<p>[vc_row][vc_column][vc_single_image image=&#8221;1328&#8243; img_size=&#8221;1900X500&#8243; alignment=&#8221;center&#8221;][\/vc_column][\/vc_row][vc_row][vc_column][\/vc_column][\/vc_row][vc_row css=&#8221;.vc_custom_1545315940381{margin-left: -0.5px !important;background-color: #e8e8e8 !important;}&#8221;][vc_column][\/vc_column][\/vc_row][vc_row][vc_column][\/vc_column][\/vc_row][vc_row css=&#8221;.vc_custom_1546614100395{background-color: #e8e8e8 !important;}&#8221;][vc_column][\/vc_column][\/vc_row]<\/p>\n","protected":false},"author":4,"featured_media":0,"parent":0,"menu_order":0,"comment_status":"closed","ping_status":"closed","template":"","meta":{"footnotes":""},"class_list":["post-387","page","type-page","status-publish","hentry"],"yoast_head":"<!-- This site is optimized with the Yoast SEO plugin v25.6 - https:\/\/yoast.com\/wordpress\/plugins\/seo\/ -->\n<title>Camping La Pin\u00e8de - Accommodaties<\/title>\n<meta name=\"description\" content=\"Verhuur van tenten of chalets in Camping La Pin\u00e8de. Dommel weg in een echt bed, met het zachte geruis van de wind in de bomen, of bewonder de zonsondergang vanaf uw terras\u2026 Op camping La Pin\u00e8de heeft u de keus uit verschillende accommodaties: \u201ctoile &amp; bois\u201d tenten van canvas en hout, stacaravans en chalets.\" \/>\n<meta name=\"robots\" content=\"index, follow, max-snippet:-1, max-image-preview:large, max-video-preview:-1\" \/>\n<link rel=\"canonical\" href=\"https:\/\/www.camping-lapinede-excenevex.com\/nl\/accommodaties\/\" \/>\n<meta property=\"og:locale\" content=\"nl_NL\" \/>\n<meta property=\"og:type\" content=\"article\" \/>\n<meta property=\"og:title\" content=\"Camping La Pin\u00e8de - Accommodaties\" \/>\n<meta property=\"og:description\" content=\"Verhuur van tenten of chalets in Camping La Pin\u00e8de. Dommel weg in een echt bed, met het zachte geruis van de wind in de bomen, of bewonder de zonsondergang vanaf uw terras\u2026 Op camping La Pin\u00e8de heeft u de keus uit verschillende accommodaties: \u201ctoile &amp; bois\u201d tenten van canvas en hout, stacaravans en chalets.\" \/>\n<meta property=\"og:url\" content=\"https:\/\/www.camping-lapinede-excenevex.com\/nl\/accommodaties\/\" \/>\n<meta property=\"og:site_name\" content=\"Camping La Pin\u00e8de - Excenevex\" \/>\n<meta property=\"article:modified_time\" content=\"2025-05-26T07:52:14+00:00\" \/>\n<meta name=\"twitter:card\" content=\"summary_large_image\" \/>\n<meta name=\"twitter:label1\" content=\"Est. reading time\" \/>\n\t<meta name=\"twitter:data1\" content=\"6 minuten\" \/>\n<script type=\"application\/ld+json\" class=\"yoast-schema-graph\">{\"@context\":\"https:\/\/schema.org\",\"@graph\":[{\"@type\":\"WebPage\",\"@id\":\"https:\/\/www.camping-lapinede-excenevex.com\/nl\/accommodaties\/\",\"url\":\"https:\/\/www.camping-lapinede-excenevex.com\/nl\/accommodaties\/\",\"name\":\"Camping La Pin\u00e8de - Accommodaties\",\"isPartOf\":{\"@id\":\"https:\/\/www.camping-lapinede-excenevex.com\/nl\/#website\"},\"datePublished\":\"2018-12-20T13:21:41+00:00\",\"dateModified\":\"2025-05-26T07:52:14+00:00\",\"description\":\"Verhuur van tenten of chalets in Camping La Pin\u00e8de. Dommel weg in een echt bed, met het zachte geruis van de wind in de bomen, of bewonder de zonsondergang vanaf uw terras\u2026 Op camping La Pin\u00e8de heeft u de keus uit verschillende accommodaties: \u201ctoile & bois\u201d tenten van canvas en hout, stacaravans en chalets.\",\"breadcrumb\":{\"@id\":\"https:\/\/www.camping-lapinede-excenevex.com\/nl\/accommodaties\/#breadcrumb\"},\"inLanguage\":\"nl\",\"potentialAction\":[{\"@type\":\"ReadAction\",\"target\":[\"https:\/\/www.camping-lapinede-excenevex.com\/nl\/accommodaties\/\"]}]},{\"@type\":\"BreadcrumbList\",\"@id\":\"https:\/\/www.camping-lapinede-excenevex.com\/nl\/accommodaties\/#breadcrumb\",\"itemListElement\":[{\"@type\":\"ListItem\",\"position\":1,\"name\":\"Home\",\"item\":\"https:\/\/www.camping-lapinede-excenevex.com\/nl\/\"},{\"@type\":\"ListItem\",\"position\":2,\"name\":\"Accommodaties\"}]},{\"@type\":\"WebSite\",\"@id\":\"https:\/\/www.camping-lapinede-excenevex.com\/nl\/#website\",\"url\":\"https:\/\/www.camping-lapinede-excenevex.com\/nl\/\",\"name\":\"Camping La Pin\u00e8de - Excenevex\",\"description\":\"Just another Citykamp site\",\"potentialAction\":[{\"@type\":\"SearchAction\",\"target\":{\"@type\":\"EntryPoint\",\"urlTemplate\":\"https:\/\/www.camping-lapinede-excenevex.com\/nl\/?s={search_term_string}\"},\"query-input\":{\"@type\":\"PropertyValueSpecification\",\"valueRequired\":true,\"valueName\":\"search_term_string\"}}],\"inLanguage\":\"nl\"}]}<\/script>\n<!-- \/ Yoast SEO plugin. -->","yoast_head_json":{"title":"Camping La Pin\u00e8de - Accommodaties","description":"Verhuur van tenten of chalets in Camping La Pin\u00e8de. Dommel weg in een echt bed, met het zachte geruis van de wind in de bomen, of bewonder de zonsondergang vanaf uw terras\u2026 Op camping La Pin\u00e8de heeft u de keus uit verschillende accommodaties: \u201ctoile & bois\u201d tenten van canvas en hout, stacaravans en chalets.","robots":{"index":"index","follow":"follow","max-snippet":"max-snippet:-1","max-image-preview":"max-image-preview:large","max-video-preview":"max-video-preview:-1"},"canonical":"https:\/\/www.camping-lapinede-excenevex.com\/nl\/accommodaties\/","og_locale":"nl_NL","og_type":"article","og_title":"Camping La Pin\u00e8de - Accommodaties","og_description":"Verhuur van tenten of chalets in Camping La Pin\u00e8de. Dommel weg in een echt bed, met het zachte geruis van de wind in de bomen, of bewonder de zonsondergang vanaf uw terras\u2026 Op camping La Pin\u00e8de heeft u de keus uit verschillende accommodaties: \u201ctoile & bois\u201d tenten van canvas en hout, stacaravans en chalets.","og_url":"https:\/\/www.camping-lapinede-excenevex.com\/nl\/accommodaties\/","og_site_name":"Camping La Pin\u00e8de - Excenevex","article_modified_time":"2025-05-26T07:52:14+00:00","twitter_card":"summary_large_image","twitter_misc":{"Est. reading time":"6 minuten"},"schema":{"@context":"https:\/\/schema.org","@graph":[{"@type":"WebPage","@id":"https:\/\/www.camping-lapinede-excenevex.com\/nl\/accommodaties\/","url":"https:\/\/www.camping-lapinede-excenevex.com\/nl\/accommodaties\/","name":"Camping La Pin\u00e8de - Accommodaties","isPartOf":{"@id":"https:\/\/www.camping-lapinede-excenevex.com\/nl\/#website"},"datePublished":"2018-12-20T13:21:41+00:00","dateModified":"2025-05-26T07:52:14+00:00","description":"Verhuur van tenten of chalets in Camping La Pin\u00e8de. Dommel weg in een echt bed, met het zachte geruis van de wind in de bomen, of bewonder de zonsondergang vanaf uw terras\u2026 Op camping La Pin\u00e8de heeft u de keus uit verschillende accommodaties: \u201ctoile & bois\u201d tenten van canvas en hout, stacaravans en chalets.","breadcrumb":{"@id":"https:\/\/www.camping-lapinede-excenevex.com\/nl\/accommodaties\/#breadcrumb"},"inLanguage":"nl","potentialAction":[{"@type":"ReadAction","target":["https:\/\/www.camping-lapinede-excenevex.com\/nl\/accommodaties\/"]}]},{"@type":"BreadcrumbList","@id":"https:\/\/www.camping-lapinede-excenevex.com\/nl\/accommodaties\/#breadcrumb","itemListElement":[{"@type":"ListItem","position":1,"name":"Home","item":"https:\/\/www.camping-lapinede-excenevex.com\/nl\/"},{"@type":"ListItem","position":2,"name":"Accommodaties"}]},{"@type":"WebSite","@id":"https:\/\/www.camping-lapinede-excenevex.com\/nl\/#website","url":"https:\/\/www.camping-lapinede-excenevex.com\/nl\/","name":"Camping La Pin\u00e8de - Excenevex","description":"Just another Citykamp site","potentialAction":[{"@type":"SearchAction","target":{"@type":"EntryPoint","urlTemplate":"https:\/\/www.camping-lapinede-excenevex.com\/nl\/?s={search_term_string}"},"query-input":{"@type":"PropertyValueSpecification","valueRequired":true,"valueName":"search_term_string"}}],"inLanguage":"nl"}]}},"_links":{"self":[{"href":"https:\/\/www.camping-lapinede-excenevex.com\/nl\/wp-json\/wp\/v2\/pages\/387","targetHints":{"allow":["GET"]}}],"collection":[{"href":"https:\/\/www.camping-lapinede-excenevex.com\/nl\/wp-json\/wp\/v2\/pages"}],"about":[{"href":"https:\/\/www.camping-lapinede-excenevex.com\/nl\/wp-json\/wp\/v2\/types\/page"}],"author":[{"embeddable":true,"href":"https:\/\/www.camping-lapinede-excenevex.com\/nl\/wp-json\/wp\/v2\/users\/4"}],"replies":[{"embeddable":true,"href":"https:\/\/www.camping-lapinede-excenevex.com\/nl\/wp-json\/wp\/v2\/comments?post=387"}],"version-history":[{"count":5,"href":"https:\/\/www.camping-lapinede-excenevex.com\/nl\/wp-json\/wp\/v2\/pages\/387\/revisions"}],"predecessor-version":[{"id":2542,"href":"https:\/\/www.camping-lapinede-excenevex.com\/nl\/wp-json\/wp\/v2\/pages\/387\/revisions\/2542"}],"wp:attachment":[{"href":"https:\/\/www.camping-lapinede-excenevex.com\/nl\/wp-json\/wp\/v2\/media?parent=387"}],"curies":[{"name":"wp","href":"https:\/\/api.w.org\/{rel}","templated":true}]}}