{"id":742,"date":"2018-12-20T16:12:54","date_gmt":"2018-12-20T16:12:54","guid":{"rendered":"http:\/\/www.citykamp.com\/lapinedeexcenevex\/?page_id=742"},"modified":"2022-10-24T09:55:33","modified_gmt":"2022-10-24T09:55:33","slug":"region","status":"publish","type":"page","link":"https:\/\/www.camping-lapinede-excenevex.com\/de\/region\/","title":{"rendered":"Region"},"content":{"rendered":"<div class=\"wpb-content-wrapper\"><p>[vc_row][vc_column][vc_single_image image=&#8220;1362&#8243; img_size=&#8220;1900&#215;500&#8243; alignment=&#8220;center&#8220;][\/vc_column][\/vc_row][vc_row][vc_column]<div class=\"wrappedcontent\">[vc_column_text]<\/p>\n<h3 style=\"text-align: center\">&#8211; Entdecken Sie den Genfersee &#8211;<\/h3>\n<p>[\/vc_column_text][vc_empty_space][vc_row_inner gap=&#8220;35&#8243; css=&#8220;.vc_custom_1545384967097{margin-left: -0.5px !important;}&#8220;][vc_column_inner width=&#8220;1\/2&#8243;][vc_masonry_media_grid element_width=&#8220;12&#8243; gap=&#8220;0&#8243; grid_id=&#8220;vc_gid:1666605200705-1745ee36-1040-4&#8243; include=&#8220;852&#8243;][vc_empty_space height=&#8220;20px&#8220;][vc_text_separator title=&#8220;WASSERSPORTAKTIVIT\u00c4TEN&#8220;][vc_empty_space height=&#8220;12px&#8220;][vc_column_text]Auf dem Genfersee k\u00f6nnen Sie Tretbootfahren, Segeln, Stehpaddeln, Windsurfen, Kitesurfen, Kajakfahren, Flyboarden sowie Boote ohne Bootsschein, Liegest\u00fchle und Sonnenschirme mieten&#8230; Der gr\u00f6\u00dfte See Europas ist ideal f\u00fcr alle m\u00f6glichen Arten von Aktivit\u00e4ten. Der Strand von Excenevex, der direkt vom Campingplatz aus zug\u00e4nglich ist, und die vielen anderen Str\u00e4nde der Umgebung bieten Ihnen einen herrlichen Blick auf die einzigartige Landschaftskulisse rund um den See.<\/p>\n<p><em>Wichtig: Auch Hunde an der Leine sind auf dem Strand von Excenevex nicht erlaubt.<\/em>[\/vc_column_text][\/vc_column_inner][vc_column_inner width=&#8220;1\/2&#8243;][vc_masonry_media_grid element_width=&#8220;12&#8243; gap=&#8220;0&#8243; grid_id=&#8220;vc_gid:1666605200708-0bc2c484-8fd9-0&#8243; include=&#8220;1350&#8243;][vc_empty_space height=&#8220;20px&#8220;][vc_text_separator title=&#8220;SCHIFFSAUSFL\u00dcGE&#8220;][vc_empty_space height=&#8220;12px&#8220;][vc_column_text]Entdecken Sie w\u00e4hrend einer \u00dcberfahrt oder Rundfahrt an Bord eines der legend\u00e4ren Schiffe die atemberaubende Sch\u00f6nheit des Genfersees.<\/p>\n<p><strong>&gt;<\/strong> Haben Sie Lust die Schweiz zu besuchen? Von Yvoire aus gelangen Sie mit dem Schiff nach Nyon (charmante, ehemals gallor\u00f6mische Stadt), Genf (charaktervolle Stadt mit vielen Facetten) oder Lausanne (die olympische Hauptstadt und ein definitives Must-See).[\/vc_column_text][\/vc_column_inner][\/vc_row_inner]<\/div>[\/vc_column][\/vc_row][vc_row css=&#8220;.vc_custom_1545383751792{background-color: #e8e8e8 !important;}&#8220;][vc_column]<div class=\"wrappedcontent\">[vc_column_text]<\/p>\n<h3 style=\"text-align: center\">&#8211; D\u00f6rfer und St\u00e4dte, die man nicht vers\u00e4umen sollte &#8211;<\/h3>\n<p>[\/vc_column_text][vc_empty_space][vc_row_inner gap=&#8220;35&#8243; css=&#8220;.vc_custom_1545383740694{margin-left: -0.5px !important;}&#8220;][vc_column_inner width=&#8220;1\/3&#8243;][vc_masonry_media_grid element_width=&#8220;12&#8243; gap=&#8220;0&#8243; grid_id=&#8220;vc_gid:1666605200710-f0c90db2-fc8b-10&#8243; include=&#8220;1054&#8243;][vc_empty_space height=&#8220;20px&#8220;][vc_text_separator title=&#8220;EXCENEVEX&#8220; color=&#8220;white&#8220;][vc_empty_space height=&#8220;12px&#8220;][vc_column_text]Ist ein h\u00fcbsches Dorf am Seeufer mit einzigartigen kleinen Fischerh\u00e4fen und einem sch\u00f6nen Seeweg, der von der Schiffsanlegestelle bis zum Strand f\u00fchrt. Die zahlreichen Restaurants verw\u00f6hnen die Besucher mit lokalen Spezialit\u00e4ten.[\/vc_column_text][\/vc_column_inner][vc_column_inner width=&#8220;1\/3&#8243;][vc_masonry_media_grid element_width=&#8220;12&#8243; gap=&#8220;0&#8243; grid_id=&#8220;vc_gid:1666605200712-0918ca6c-02f2-7&#8243; include=&#8220;864&#8243;][vc_empty_space height=&#8220;20px&#8220;][vc_text_separator title=&#8220;THONON LES BAINS &amp; EVIAN LES BAINS&#8220; color=&#8220;white&#8220;][vc_empty_space height=&#8220;12px&#8220;][vc_column_text]Besuchen Sie die Kurorte Thonon-les-Bains und Evian-les-Bains, die f\u00fcr ihre sch\u00f6ne Innenstadt und Thermen ber\u00fchmt sind.[\/vc_column_text][\/vc_column_inner][vc_column_inner width=&#8220;1\/3&#8243;][vc_masonry_media_grid element_width=&#8220;12&#8243; gap=&#8220;0&#8243; grid_id=&#8220;vc_gid:1666605200714-7b021a47-ce3f-2&#8243; include=&#8220;1354&#8243;][vc_empty_space height=&#8220;20px&#8220;][vc_text_separator title=&#8220;YVOIRE&#8220; color=&#8220;white&#8220;][vc_empty_space height=&#8220;12px&#8220;][vc_column_text]Auch Yvoire, ein bildh\u00fcbsches mittelalterliches Dorf, das offiziell zu den sch\u00f6nsten D\u00f6rfern Frankreichs z\u00e4hlt, lohnt den Abstecher.[\/vc_column_text][\/vc_column_inner][\/vc_row_inner][vc_empty_space][vc_column_text]<\/p>\n<h3 style=\"text-align: center\">&#8211; Weintourismus mit Blick auf den See &#8211;<\/h3>\n<p>[\/vc_column_text][vc_empty_space][vc_row_inner gap=&#8220;35&#8243; css=&#8220;.vc_custom_1545383901331{margin-left: -0.5px !important;}&#8220;][vc_column_inner width=&#8220;1\/2&#8243;][vc_masonry_media_grid element_width=&#8220;12&#8243; gap=&#8220;0&#8243; grid_id=&#8220;vc_gid:1666605200717-810d58f2-a7c6-0&#8243; include=&#8220;872&#8243;][vc_empty_space height=&#8220;20px&#8220;][vc_text_separator title=&#8220;AOC CREPY&#8220; color=&#8220;white&#8220;][vc_empty_space height=&#8220;12px&#8220;][vc_column_text]Brechen Sie direkt vom Campingplatz La Pin\u00e8de zu einer Tour durch die Weing\u00fcter auf und probieren Sie den AOC Cr\u00e9py, der zu den ersten mit diesem G\u00fctesiegel ausgezeichneten Weinen z\u00e4hlt. Nutzen Sie die ideale Gelegenheit diese trockenen, goldgelben Wei\u00dfweine zu verkosten.[\/vc_column_text][\/vc_column_inner][vc_column_inner width=&#8220;1\/2&#8243;][vc_masonry_media_grid element_width=&#8220;12&#8243; gap=&#8220;0&#8243; grid_id=&#8220;vc_gid:1666605200718-a2bc0d31-c4eb-1&#8243; include=&#8220;876&#8243;][vc_empty_space height=&#8220;20px&#8220;][vc_text_separator title=&#8220;DIE SCHWEIZ UND GENF IN UNMITTELBARER N\u00c4HE&#8220; color=&#8220;white&#8220;][vc_empty_space height=&#8220;12px&#8220;][vc_column_text]Wie w\u00e4re es mit einer Shopping-Tour? Genf ist eine dynamische Stadt voller Kunst und Kultur. Flanieren Sie untertags durch die Stra\u00dfen und kehren Sie abends in eines der gastronomischen Restaurants ein oder st\u00fcrzen Sie sich ins Genfer Nachtleben![\/vc_column_text][\/vc_column_inner][\/vc_row_inner][vc_empty_space]<div class=\"text-center btnwrap\"><a class=\"btn btn-huttopia-cta\" href=\"http:\/\/checkout.campings-nature.com\/site\/de\/929\" role=\"button\" target=\"\" onclick=\"dataLayer.push({'event':'clickCity', 'clickText':'Buchen Sie Ihren Aufenthalt'})\">Buchen Sie Ihren Aufenthalt<\/a><\/div><\/div>[\/vc_column][\/vc_row][vc_row][vc_column]<div class=\"wrappedcontent\">[vc_column_text]<\/p>\n<h3 style=\"text-align: center\">&#8211; Gesch\u00fctztes Natur- und Kulturerbe der Haute-Savoie &#8211;<\/h3>\n<p>[\/vc_column_text][vc_empty_space][vc_row_inner gap=&#8220;35&#8243; css=&#8220;.vc_custom_1545384264803{margin-left: -0.5px !important;}&#8220;][vc_column_inner width=&#8220;1\/3&#8243;][vc_masonry_media_grid element_width=&#8220;12&#8243; gap=&#8220;0&#8243; grid_id=&#8220;vc_gid:1666605200720-bd031593-7776-6&#8243; include=&#8220;906&#8243;][vc_empty_space height=&#8220;20px&#8220;][vc_text_separator title=&#8220;GEOPARK CHABLAIS &#8211; UNESCO GLOBAL GEOPARK&#8220;][vc_empty_space height=&#8220;12px&#8220;][vc_column_text]Vom Genfersee bis zu den Gipfeln des Gebiets Portes du Soleil (Morzine-Avoriaz) zeugt dieses besondere Naturschutzgebiet von der starken Verbundenheit zwischen Mensch und Natur. Eine Auswahl repr\u00e4sentativer Orte offenbart die Einzigartigkeit des Gebiets von Chablais.[\/vc_column_text][\/vc_column_inner][vc_column_inner width=&#8220;1\/3&#8243;][vc_masonry_media_grid element_width=&#8220;12&#8243; gap=&#8220;0&#8243; grid_id=&#8220;vc_gid:1666605200722-75ca052a-351b-10&#8243; include=&#8220;910&#8243;][vc_empty_space height=&#8220;20px&#8220;][vc_text_separator title=&#8220;DIE BURGEN VON ALLINGES&#8220;][vc_empty_space height=&#8220;12px&#8220;][vc_column_text]Die Burgruinen von Ch\u00e2teau-Neuf und Ch\u00e2teau-Vieux stehen einander auf dem Gipfel des Berges von Allinges gegen\u00fcber. Genie\u00dfen Sie von hier aus einen der sch\u00f6nsten Panoramablicke \u00fcber die Chablais-Gebiet.[\/vc_column_text][\/vc_column_inner][vc_column_inner width=&#8220;1\/3&#8243;][vc_masonry_media_grid element_width=&#8220;12&#8243; gap=&#8220;0&#8243; grid_id=&#8220;vc_gid:1666605200723-b1008e4a-4c41-3&#8243; include=&#8220;921&#8243;][vc_empty_space height=&#8220;20px&#8220;][vc_text_separator title=&#8220;DER TIERPARK AIGLES DU LEMAN&#8220; color=&#8220;white&#8220;][vc_empty_space height=&#8220;12px&#8220;][vc_column_text]Adler, Geier, Nachtv\u00f6gel, Milane, Falken&#8230; Hier gibt es 70 Vogelarten und \u00fcber 200 V\u00f6gel sowie gro\u00dfartige Shows. In erster Linie dient dieser Ort aber dem Schutz und der Erhaltung der Greifv\u00f6gel.[\/vc_column_text][\/vc_column_inner][\/vc_row_inner][vc_empty_space]<div class=\"text-center btnwrap\"><a class=\"btn btn-huttopia-cta\" href=\"http:\/\/checkout.campings-nature.com\/site\/de\/929\" role=\"button\" target=\"\" onclick=\"dataLayer.push({'event':'clickCity', 'clickText':'Buchen Sie Ihren Aufenthalt'})\">Buchen Sie Ihren Aufenthalt<\/a><\/div><\/div>[\/vc_column][\/vc_row]<\/p>\n<\/div>","protected":false},"excerpt":{"rendered":"<p>[vc_row][vc_column][vc_single_image image=&#8220;1362&#8243; img_size=&#8220;1900&#215;500&#8243; alignment=&#8220;center&#8220;][\/vc_column][\/vc_row][vc_row][vc_column][\/vc_column][\/vc_row][vc_row css=&#8220;.vc_custom_1545383751792{background-color: #e8e8e8 !important;}&#8220;][vc_column][\/vc_column][\/vc_row][vc_row][vc_column][\/vc_column][\/vc_row]<\/p>\n","protected":false},"author":4,"featured_media":0,"parent":0,"menu_order":0,"comment_status":"closed","ping_status":"closed","template":"","meta":{"footnotes":""},"class_list":["post-742","page","type-page","status-publish","hentry"],"yoast_head":"<!-- This site is optimized with the Yoast SEO plugin v25.6 - https:\/\/yoast.com\/wordpress\/plugins\/seo\/ -->\n<title>Campingplatz La Pin\u00e8de - Region<\/title>\n<meta name=\"description\" content=\"Entdecken Sie den Genfer See: Wassersport und Bootsfahrt. Entdecken Sie die D\u00f6rfer und St\u00e4dte unbedingt: Excenevex, Thonon Les Bains, Evian Les Bains und Yvoire. Genie\u00dfen Sie mit Ihrer Familie ein erhaltenes Erbe.\" \/>\n<meta name=\"robots\" content=\"index, follow, max-snippet:-1, max-image-preview:large, max-video-preview:-1\" \/>\n<link rel=\"canonical\" href=\"https:\/\/www.camping-lapinede-excenevex.com\/de\/region\/\" \/>\n<meta property=\"og:locale\" content=\"de_DE\" \/>\n<meta property=\"og:type\" content=\"article\" \/>\n<meta property=\"og:title\" content=\"Campingplatz La Pin\u00e8de - Region\" \/>\n<meta property=\"og:description\" content=\"Entdecken Sie den Genfer See: Wassersport und Bootsfahrt. Entdecken Sie die D\u00f6rfer und St\u00e4dte unbedingt: Excenevex, Thonon Les Bains, Evian Les Bains und Yvoire. Genie\u00dfen Sie mit Ihrer Familie ein erhaltenes Erbe.\" \/>\n<meta property=\"og:url\" content=\"https:\/\/www.camping-lapinede-excenevex.com\/de\/region\/\" \/>\n<meta property=\"og:site_name\" content=\"Camping La Pin\u00e8de - Excenevex\" \/>\n<meta property=\"article:modified_time\" content=\"2022-10-24T09:55:33+00:00\" \/>\n<meta name=\"twitter:card\" content=\"summary_large_image\" \/>\n<meta name=\"twitter:label1\" content=\"Est. reading time\" \/>\n\t<meta name=\"twitter:data1\" content=\"4 Minuten\" \/>\n<script type=\"application\/ld+json\" class=\"yoast-schema-graph\">{\"@context\":\"https:\/\/schema.org\",\"@graph\":[{\"@type\":\"WebPage\",\"@id\":\"https:\/\/www.camping-lapinede-excenevex.com\/de\/region\/\",\"url\":\"https:\/\/www.camping-lapinede-excenevex.com\/de\/region\/\",\"name\":\"Campingplatz La Pin\u00e8de - Region\",\"isPartOf\":{\"@id\":\"https:\/\/www.camping-lapinede-excenevex.com\/de\/#website\"},\"datePublished\":\"2018-12-20T16:12:54+00:00\",\"dateModified\":\"2022-10-24T09:55:33+00:00\",\"description\":\"Entdecken Sie den Genfer See: Wassersport und Bootsfahrt. Entdecken Sie die D\u00f6rfer und St\u00e4dte unbedingt: Excenevex, Thonon Les Bains, Evian Les Bains und Yvoire. Genie\u00dfen Sie mit Ihrer Familie ein erhaltenes Erbe.\",\"breadcrumb\":{\"@id\":\"https:\/\/www.camping-lapinede-excenevex.com\/de\/region\/#breadcrumb\"},\"inLanguage\":\"de-DE\",\"potentialAction\":[{\"@type\":\"ReadAction\",\"target\":[\"https:\/\/www.camping-lapinede-excenevex.com\/de\/region\/\"]}]},{\"@type\":\"BreadcrumbList\",\"@id\":\"https:\/\/www.camping-lapinede-excenevex.com\/de\/region\/#breadcrumb\",\"itemListElement\":[{\"@type\":\"ListItem\",\"position\":1,\"name\":\"Home\",\"item\":\"https:\/\/www.camping-lapinede-excenevex.com\/de\/\"},{\"@type\":\"ListItem\",\"position\":2,\"name\":\"Region\"}]},{\"@type\":\"WebSite\",\"@id\":\"https:\/\/www.camping-lapinede-excenevex.com\/de\/#website\",\"url\":\"https:\/\/www.camping-lapinede-excenevex.com\/de\/\",\"name\":\"Camping La Pin\u00e8de - Excenevex\",\"description\":\"Just another Citykamp site\",\"potentialAction\":[{\"@type\":\"SearchAction\",\"target\":{\"@type\":\"EntryPoint\",\"urlTemplate\":\"https:\/\/www.camping-lapinede-excenevex.com\/de\/?s={search_term_string}\"},\"query-input\":{\"@type\":\"PropertyValueSpecification\",\"valueRequired\":true,\"valueName\":\"search_term_string\"}}],\"inLanguage\":\"de-DE\"}]}<\/script>\n<!-- \/ Yoast SEO plugin. -->","yoast_head_json":{"title":"Campingplatz La Pin\u00e8de - Region","description":"Entdecken Sie den Genfer See: Wassersport und Bootsfahrt. Entdecken Sie die D\u00f6rfer und St\u00e4dte unbedingt: Excenevex, Thonon Les Bains, Evian Les Bains und Yvoire. Genie\u00dfen Sie mit Ihrer Familie ein erhaltenes Erbe.","robots":{"index":"index","follow":"follow","max-snippet":"max-snippet:-1","max-image-preview":"max-image-preview:large","max-video-preview":"max-video-preview:-1"},"canonical":"https:\/\/www.camping-lapinede-excenevex.com\/de\/region\/","og_locale":"de_DE","og_type":"article","og_title":"Campingplatz La Pin\u00e8de - Region","og_description":"Entdecken Sie den Genfer See: Wassersport und Bootsfahrt. Entdecken Sie die D\u00f6rfer und St\u00e4dte unbedingt: Excenevex, Thonon Les Bains, Evian Les Bains und Yvoire. Genie\u00dfen Sie mit Ihrer Familie ein erhaltenes Erbe.","og_url":"https:\/\/www.camping-lapinede-excenevex.com\/de\/region\/","og_site_name":"Camping La Pin\u00e8de - Excenevex","article_modified_time":"2022-10-24T09:55:33+00:00","twitter_card":"summary_large_image","twitter_misc":{"Est. reading time":"4 Minuten"},"schema":{"@context":"https:\/\/schema.org","@graph":[{"@type":"WebPage","@id":"https:\/\/www.camping-lapinede-excenevex.com\/de\/region\/","url":"https:\/\/www.camping-lapinede-excenevex.com\/de\/region\/","name":"Campingplatz La Pin\u00e8de - Region","isPartOf":{"@id":"https:\/\/www.camping-lapinede-excenevex.com\/de\/#website"},"datePublished":"2018-12-20T16:12:54+00:00","dateModified":"2022-10-24T09:55:33+00:00","description":"Entdecken Sie den Genfer See: Wassersport und Bootsfahrt. Entdecken Sie die D\u00f6rfer und St\u00e4dte unbedingt: Excenevex, Thonon Les Bains, Evian Les Bains und Yvoire. Genie\u00dfen Sie mit Ihrer Familie ein erhaltenes Erbe.","breadcrumb":{"@id":"https:\/\/www.camping-lapinede-excenevex.com\/de\/region\/#breadcrumb"},"inLanguage":"de-DE","potentialAction":[{"@type":"ReadAction","target":["https:\/\/www.camping-lapinede-excenevex.com\/de\/region\/"]}]},{"@type":"BreadcrumbList","@id":"https:\/\/www.camping-lapinede-excenevex.com\/de\/region\/#breadcrumb","itemListElement":[{"@type":"ListItem","position":1,"name":"Home","item":"https:\/\/www.camping-lapinede-excenevex.com\/de\/"},{"@type":"ListItem","position":2,"name":"Region"}]},{"@type":"WebSite","@id":"https:\/\/www.camping-lapinede-excenevex.com\/de\/#website","url":"https:\/\/www.camping-lapinede-excenevex.com\/de\/","name":"Camping La Pin\u00e8de - Excenevex","description":"Just another Citykamp site","potentialAction":[{"@type":"SearchAction","target":{"@type":"EntryPoint","urlTemplate":"https:\/\/www.camping-lapinede-excenevex.com\/de\/?s={search_term_string}"},"query-input":{"@type":"PropertyValueSpecification","valueRequired":true,"valueName":"search_term_string"}}],"inLanguage":"de-DE"}]}},"_links":{"self":[{"href":"https:\/\/www.camping-lapinede-excenevex.com\/de\/wp-json\/wp\/v2\/pages\/742","targetHints":{"allow":["GET"]}}],"collection":[{"href":"https:\/\/www.camping-lapinede-excenevex.com\/de\/wp-json\/wp\/v2\/pages"}],"about":[{"href":"https:\/\/www.camping-lapinede-excenevex.com\/de\/wp-json\/wp\/v2\/types\/page"}],"author":[{"embeddable":true,"href":"https:\/\/www.camping-lapinede-excenevex.com\/de\/wp-json\/wp\/v2\/users\/4"}],"replies":[{"embeddable":true,"href":"https:\/\/www.camping-lapinede-excenevex.com\/de\/wp-json\/wp\/v2\/comments?post=742"}],"version-history":[{"count":3,"href":"https:\/\/www.camping-lapinede-excenevex.com\/de\/wp-json\/wp\/v2\/pages\/742\/revisions"}],"predecessor-version":[{"id":2143,"href":"https:\/\/www.camping-lapinede-excenevex.com\/de\/wp-json\/wp\/v2\/pages\/742\/revisions\/2143"}],"wp:attachment":[{"href":"https:\/\/www.camping-lapinede-excenevex.com\/de\/wp-json\/wp\/v2\/media?parent=742"}],"curies":[{"name":"wp","href":"https:\/\/api.w.org\/{rel}","templated":true}]}}