{"id":708,"date":"2018-12-20T16:07:46","date_gmt":"2018-12-20T16:07:46","guid":{"rendered":"http:\/\/www.citykamp.com\/lapinedeexcenevex\/?page_id=708"},"modified":"2026-02-16T16:06:25","modified_gmt":"2026-02-16T16:06:25","slug":"aktivitaeten-dienstleistungen","status":"publish","type":"page","link":"https:\/\/www.camping-lapinede-excenevex.com\/de\/aktivitaeten-dienstleistungen\/","title":{"rendered":"Aktivitaten \/ Dienstleistungen"},"content":{"rendered":"<div class=\"wpb-content-wrapper\"><p>[vc_row][vc_column][vc_single_image image=&#8220;1372&#8243; img_size=&#8220;1900&#215;500&#8243; alignment=&#8220;center&#8220;][\/vc_column][\/vc_row][vc_row][vc_column]<div class=\"wrappedcontent\">[vc_column_text]<\/p>\n<h3>Der Campingplatz La Pin\u00e8de &#8211; Excenevex:<\/h3>\n<p>Verf\u00fcgt \u00fcber hochwertige Freizeiteinrichtungen und Dienstleistungen, die Ihnen einen Urlaub voller wundersch\u00f6ner gemeinsamer Momente garantieren.[\/vc_column_text][vc_empty_space height=&#8220;35px&#8220;][vc_column_text]<\/p>\n<h3 style=\"text-align: center;\">&#8211; Das ideale Urlaubsziel f\u00fcr einen erholsamen Urlaub voller Spa\u00df am See &#8211;<\/h3>\n<p>[\/vc_column_text][vc_empty_space][vc_row_inner gap=&#8220;35&#8243; css=&#8220;.vc_custom_1545381444162{margin-left: -0.5px !important;}&#8220;][vc_column_inner width=&#8220;1\/3&#8243;][vc_masonry_media_grid element_width=&#8220;12&#8243; gap=&#8220;0&#8243; grid_id=&#8220;vc_gid:1771257858715-c4407cd9-d8de-0&#8243; include=&#8220;1376&#8243;][vc_empty_space height=&#8220;20px&#8220;][vc_text_separator title=&#8220;SCHWIMMBADBEREICH&#8220;][vc_empty_space height=&#8220;12px&#8220;][vc_column_text css=&#8220;&#8220;]Jacuzzi, beheiztes Hallenbad, Au\u00dfenpool , Planschbecken f\u00fcr die Kleinen&#8230; Entspannen Sie bei einem guten Buch in der Liege w\u00e4hrend Ihre Kinder im Wasser herumtollen.<\/p>\n<p>Beheiztes Innenschwimmbad : vom <span data-olk-copy-source=\"MessageBody\">02\/04\/2026 bis 04\/10\/2026<\/span><br \/>\nAu\u00dfenpool (nicht beheizt) : vom <span data-olk-copy-source=\"MessageBody\">28\/04\/2026 bis 27\/09\/2026<\/span>[\/vc_column_text][\/vc_column_inner][vc_column_inner width=&#8220;1\/3&#8243;][vc_masonry_media_grid element_width=&#8220;12&#8243; gap=&#8220;0&#8243; grid_id=&#8220;vc_gid:1771257858717-76c90ea2-91d9-8&#8243; include=&#8220;1380&#8243;][vc_empty_space height=&#8220;20px&#8220;][vc_text_separator title=&#8220;BADESPA\u00df IM GENFERSEE&#8220;][vc_empty_space height=&#8220;12px&#8220;][vc_column_text]Sie haben Lust sich im k\u00fchlen Nass zu erfrischen oder am Sandstrand zu faulenzen? Der Strand von Excenevex, direkt vor dem Campingplatz, ist ideal f\u00fcr Baderatten und Sonnenanbeter. Er ist flach und wird im Sommer beaufsichtigt. Er ist der einzige feine Sandstrand am Genfersee und perfekt f\u00fcr Familien. Nutzen Sie das Plancha-Angebot vor Ort f\u00fcr Ihre Picknicke am Strand!<\/p>\n<p>Der Strand ist f\u00fcr Hunde verboten, auch wenn sie an der Leine gehalten werden.<\/p>\n<p>Wussten Sie, dass&#8230; im Sommer die durchschnittliche Wassertemperatur des Sees 25\u00b0C betr\u00e4gt?[\/vc_column_text][\/vc_column_inner][vc_column_inner width=&#8220;1\/3&#8243;][vc_masonry_media_grid element_width=&#8220;12&#8243; gap=&#8220;0&#8243; grid_id=&#8220;vc_gid:1771257858718-340b9c10-fb10-3&#8243; include=&#8220;779&#8243;][vc_empty_space height=&#8220;20px&#8220;][vc_text_separator title=&#8220;KINDERCLUB&#8220;][vc_empty_space height=&#8220;12px&#8220;][vc_column_text css=&#8220;&#8220;]Jeden Vormittag! Im Sommer werden Freizeitaktivit\u00e4ten f\u00fcr Kinder von 5 bis 12 Jahren angeboten. Schatzsuche oder H\u00fcttenbauen &#8211; es gibt viele herrliche Gelegenheiten, um andere Kinder kennenzulernen und beim Spielen neue Freundschaften zu schlie\u00dfen! <em>(vom <span data-olk-copy-source=\"MessageBody\">05\/07\/2026 bis 28\/08\/2026<\/span>)<\/em>[\/vc_column_text][\/vc_column_inner][\/vc_row_inner][vc_empty_space][vc_row_inner gap=&#8220;35&#8243; css=&#8220;.vc_custom_1545381447058{margin-left: -0.5px !important;}&#8220;][vc_column_inner width=&#8220;1\/3&#8243;][vc_masonry_media_grid element_width=&#8220;12&#8243; gap=&#8220;0&#8243; grid_id=&#8220;vc_gid:1771257858719-ed5db7ae-fe82-1&#8243; include=&#8220;1384&#8243;][vc_empty_space height=&#8220;20px&#8220;][vc_text_separator title=&#8220;AKTIVIT\u00c4TSPROGRAMM IN SOMMER&#8220;][vc_empty_space height=&#8220;12px&#8220;][vc_column_text css=&#8220;&#8220;]Im Sommer bietet der Campingplatz La Pin\u00e8de Familienunterhaltung, gro\u00dfe Spiele, Sportturniere, Themenabende, Konzerte, Kinoabende unter freiem Himmel&#8230;[\/vc_column_text][\/vc_column_inner][vc_column_inner width=&#8220;1\/3&#8243;][vc_masonry_media_grid element_width=&#8220;12&#8243; gap=&#8220;0&#8243; grid_id=&#8220;vc_gid:1771257858719-f07e4e91-68d8-1&#8243; include=&#8220;787&#8243;][vc_empty_space height=&#8220;20px&#8220;][vc_text_separator title=&#8220;GESELLIGE ABENDE&#8220;][vc_empty_space height=&#8220;12px&#8220;][vc_column_text css=&#8220;&#8220;]Erleben Sie im Sommer mit der ganzen Familie einmalige Momente unter freiem Sternenhimmel. Zaubershow, Konzerte, Riesenspiele&#8230; <em>(vom 05\/07\/2026 bis 28\/08\/2026)<\/em>[\/vc_column_text][\/vc_column_inner][vc_column_inner width=&#8220;1\/3&#8243;][vc_masonry_media_grid element_width=&#8220;12&#8243; gap=&#8220;0&#8243; grid_id=&#8220;vc_gid:1771257858720-b13c4f38-00cf-1&#8243; include=&#8220;1388&#8243;][vc_empty_space height=&#8220;20px&#8220;][vc_text_separator title=&#8220;MIETEN SIE EINEN ANLEGERING F\u00dcR LHR BOOT&#8220;][vc_empty_space height=&#8220;12px&#8220;][vc_column_text]Es stehen 69 Anlegeringe auf dem Campingplatz La Pin\u00e8de d&#8217;Excenevex zur Verf\u00fcgung. Nur Motorboote mit einer L\u00e4nge unter 5,5 m und einer Breite von weniger als 2,2 m und einem Tiefgang von bis zu 0,45 m sind zugelassen. Von Juli bis August werden Boote auf dem Campingplatz ohne Anlegeringe nicht akzeptiert.<\/p>\n<p>Kontaktnummer f\u00fcr weitere Informationen oder Reservierung: +33 (0)4 37 64 22 35.[\/vc_column_text][\/vc_column_inner][\/vc_row_inner][vc_empty_space][vc_row_inner gap=&#8220;35&#8243; css=&#8220;.vc_custom_1654088233812{margin-left: -0.5px !important;padding-top: 15px !important;padding-right: 15px !important;padding-bottom: 15px !important;padding-left: 15px !important;background-color: #e8e8e8 !important;}&#8220;][vc_column_inner width=&#8220;1\/3&#8243;][vc_masonry_media_grid element_width=&#8220;12&#8243; gap=&#8220;0&#8243; grid_id=&#8220;vc_gid:1771257858721-ba2674f4-6830-3&#8243; include=&#8220;1584&#8243;][\/vc_column_inner][vc_column_inner width=&#8220;2\/3&#8243;][vc_text_separator title=&#8220;TENNISCLUB&#8220; color=&#8220;white&#8220;][vc_empty_space height=&#8220;12px&#8220;][vc_column_text]<span style=\"font-size: 14pt;\"><strong>TENNIS CLUB D&#8217;EXCENEVEX<\/strong><\/span><\/p>\n<p>Der Tennisclub Excenevex befindet sich nur 200 m vom Campingplatz entfernt.<\/p>\n<p>Sie k\u00f6nnen direkt an der rezeption des Tennisclubs angeben, zu welchen Zeiten Sie den Platz nutzen wollen, sowie Schnupperstunden und Kurse buchen.<\/p>\n<p><a href=\"https:\/\/www.tennis-club-excenevex.com\/\" target=\"_blank\" rel=\"noopener\"><u>Mehr Erfahren<\/u><\/a>[\/vc_column_text][\/vc_column_inner][\/vc_row_inner]<\/div>[\/vc_column][\/vc_row][vc_row css=&#8220;.vc_custom_1545381401815{background-color: #e8e8e8 !important;}&#8220;][vc_column]<div class=\"wrappedcontent\">[vc_column_text]<\/p>\n<h3 style=\"text-align: center;\">&#8211; Das Dienstleistungsangebot des Campingplatzes La Pin\u00e8de &#8211; Excenevex beinhaltet&#8230; &#8211;<\/h3>\n<p>[\/vc_column_text][vc_empty_space][vc_row_inner gap=&#8220;35&#8243; css=&#8220;.vc_custom_1545381450714{margin-left: -0.5px !important;}&#8220;][vc_column_inner width=&#8220;1\/3&#8243;][vc_masonry_media_grid element_width=&#8220;12&#8243; gap=&#8220;0&#8243; grid_id=&#8220;vc_gid:1771257858722-59472820-e630-1&#8243; include=&#8220;1394&#8243;][vc_empty_space height=&#8220;20px&#8220;][vc_text_separator title=&#8220;EINEN FREUNDLICHEN REZEPTIONSBEREICH&#8220; color=&#8220;white&#8220;][vc_empty_space height=&#8220;12px&#8220;][vc_column_text]Sie sind gerade angekommen? Begeben Sie sich in die Rezeption, wo Sie alle wichtigen Informationen \u00fcber den Campingplatz und Ihren Aufenthalt erhalten. Das Rezeptionsteam steht Ihnen gerne Ihren ganzen Aufenthalt hindurch mit Tourismusinformationen bez\u00fcglich der wichtigsten Sehensw\u00fcrdigkeiten rund um den Genfersee sowie dem Aktivit\u00e4ts- und Ausflugsangebot der Umgebung zur Seite.[\/vc_column_text][\/vc_column_inner][vc_column_inner width=&#8220;1\/3&#8243;][vc_masonry_media_grid element_width=&#8220;12&#8243; gap=&#8220;0&#8243; grid_id=&#8220;vc_gid:1771257858723-f1e7eac9-ed22-0&#8243; include=&#8220;799&#8243;][vc_empty_space height=&#8220;20px&#8220;][vc_text_separator title=&#8220;MINI-MARKT&#8220; color=&#8220;white&#8220;][vc_empty_space height=&#8220;12px&#8220;][vc_column_text]Vor Ort finden Sie die wichtigsten Produkte f\u00fcr Ihren Aufenthalt. Verpflegung, frisches Brot und Feingeb\u00e4ck, Campingartikeln&#8230; ein sehr praktischer Ort![\/vc_column_text][\/vc_column_inner][vc_column_inner width=&#8220;1\/3&#8243;][vc_masonry_media_grid element_width=&#8220;12&#8243; gap=&#8220;0&#8243; grid_id=&#8220;vc_gid:1771257858723-f6c03a26-2d11-5&#8243; include=&#8220;803&#8243;][vc_empty_space height=&#8220;20px&#8220;][vc_text_separator title=&#8220;PRAKTISCHE DIENSTLEISTUNGEN&#8220; color=&#8220;white&#8220;][vc_empty_space height=&#8220;12px&#8220;][vc_column_text css=&#8220;&#8220;]<strong>&gt;<\/strong> Waschsalon (Waschm\u00fcnzen sind an der Rezeption erh\u00e4ltlich)<br \/>\n<strong>&gt;<\/strong> Babyset (Bett + Hochstuhl)<br \/>\n<strong>&gt;<\/strong> Vermietung von K\u00fchlschr\u00e4nken und Grillger\u00e4ten je nach Verf\u00fcgbarkeit<br \/>\n<strong>&gt;<\/strong> Endreinigung<br \/>\n<strong>&gt;<\/strong> Reisemobil-Servicestation (gratis mit Ihrem Stellplatz)<br \/>\n<strong>&gt;<\/strong> Eine kostenlose Wifi-Zone in der Snack-Bar (kein Wifi in den Unterk\u00fcnften).[\/vc_column_text][\/vc_column_inner][\/vc_row_inner]<\/div>[\/vc_column][\/vc_row][vc_row][vc_column]<div class=\"wrappedcontent\">[vc_column_text css=&#8220;.vc_custom_1705326707219{padding-top: 15px !important;padding-right: 15px !important;padding-bottom: 15px !important;padding-left: 15px !important;background-color: #ffffff !important;}&#8220;]<\/p>\n<h2 style=\"text-align: center;\"><strong>CAF\u00c9-COMPTOIR<\/strong><\/h2>\n<p>[\/vc_column_text][vc_column_text css=&#8220;.vc_custom_1705326698604{padding-top: 15px !important;padding-right: 25px !important;padding-bottom: 15px !important;padding-left: 25px !important;background-color: #ffffff !important;}&#8220;]<\/p>\n<p style=\"text-align: center;\">Das Caf\u00e9-comptoir erf\u00fcllt alle Ihre W\u00fcnsche nach Gaumenfreuden: Aperitifbretter, hausgemachte Pizzas, Eis.<\/p>\n<p>[\/vc_column_text][vc_row_inner gap=&#8220;35&#8243; css=&#8220;.vc_custom_1600070757579{margin-left: -0.5px !important;padding-top: 15px !important;padding-right: 15px !important;padding-bottom: 15px !important;padding-left: 15px !important;background-color: #ffffff !important;}&#8220;][vc_column_inner width=&#8220;1\/4&#8243;][vc_single_image image=&#8220;2342&#8243; img_size=&#8220;71*71&#8243; alignment=&#8220;center&#8220;][vc_empty_space][vc_column_text]<\/p>\n<p class=\"ewa-rteLine\" style=\"text-align: center;\"><strong>FR\u00dcHST\u00dcCK<\/strong><br \/>\nT\u00e4glich im Minishop neben der Rezeption.<\/p>\n<p>[\/vc_column_text][\/vc_column_inner][vc_column_inner width=&#8220;1\/4&#8243; css=&#8220;.vc_custom_1600070746603{padding-top: 15px !important;padding-right: 15px !important;padding-bottom: 15px !important;padding-left: 15px !important;}&#8220;][vc_single_image image=&#8220;2346&#8243; img_size=&#8220;71*71&#8243; alignment=&#8220;center&#8220;][vc_empty_space][vc_column_text css=&#8220;&#8220;]<\/p>\n<p style=\"text-align: center;\"><strong>NACHMITTAGSKAFFEE<\/strong><br \/>\nIm Sommer bieten wir nachmittags hausgemachte Cr\u00eapes mit Zucker, Schoko-Haselnuss-Aufstrich oder handwerklich zubereiteter Konfit\u00fcre an. <em>Vom <span data-olk-copy-source=\"MessageBody\">04\/07\/2026 bis 31\/08\/2026<\/span> von 16:00 bis 18:00 Uhr.<\/em><\/p>\n<p>[\/vc_column_text][\/vc_column_inner][vc_column_inner width=&#8220;1\/4&#8243;][vc_single_image image=&#8220;2354&#8243; img_size=&#8220;71*71&#8243; alignment=&#8220;center&#8220;][vc_empty_space][vc_column_text css=&#8220;&#8220;]<\/p>\n<p class=\"ewa-rteLine\" style=\"text-align: center;\"><strong>SNACKBAR<br \/>\n<\/strong><em>\u00d6ffnungszeiten:<\/em><br \/>\n<strong>An den Br\u00fcckentagen im Mai<\/strong><br \/>\n<strong>Im Juni und September<\/strong> (Freitag- und Samstagabends).<\/p>\n<p>[\/vc_column_text][\/vc_column_inner][vc_column_inner width=&#8220;1\/4&#8243;][vc_single_image image=&#8220;2350&#8243; img_size=&#8220;71*71&#8243; alignment=&#8220;center&#8220;][vc_empty_space][vc_column_text css=&#8220;&#8220;]<\/p>\n<p style=\"text-align: center;\"><span class=\"ql-und\"><strong>PIZZA<\/strong><\/span><br \/>\n<strong>Im Sommer<\/strong> vom 04\/07\/2026 bis 31\/08\/2026<\/p>\n<p>[\/vc_column_text][\/vc_column_inner][\/vc_row_inner]<\/div>[\/vc_column][\/vc_row][vc_row css=&#8220;.vc_custom_1545381401815{background-color: #e8e8e8 !important;}&#8220;][vc_column]<div class=\"wrappedcontent\">[vc_row_inner gap=&#8220;35&#8243; css=&#8220;.vc_custom_1600071061594{margin-left: -0.5px !important;padding-top: 15px !important;padding-right: 15px !important;padding-bottom: 15px !important;padding-left: 15px !important;background-color: #ffffff !important;}&#8220;][vc_column_inner width=&#8220;2\/3&#8243;][vc_text_separator title=&#8220;FAHRRADVERMIETUNG&#8220; color=&#8220;white&#8220;][vc_empty_space height=&#8220;12px&#8220;][vc_column_text]Ab sofort gibt es auch Longtail-E-Bikes bei Huttopia! Die eigens f\u00fcr Familien konzipierten Fahrr\u00e4der k\u00f6nnen bis zu zwei Kindern auf dem R\u00fccksitz bef\u00f6rdern.<\/p>\n<p>Mieten Sie Ihre E-Bikes ganz unkompliziert direkt an der Rezeption des Campingplatzes. Unser Campingplatz tr\u00e4gt das radfahrerfreundliche Label \u201eAccueil v\u00e9lo\u201c und bietet Ihnen zahlreiche Serviceleistungen speziell f\u00fcr Radfahrer.<\/p>\n<p><strong>Per Fahrrad zu entdecken:<\/strong> Der am Campingplatz vorbeif\u00fchrende Radweg f\u00fchrt zum h\u00fcbschen mittelalterlichen Dorf Yvoire. Und wer Lust hat, kann bis nach Genf weiterfahren!<\/p>\n<p>Tipps f\u00fcr einen Radurlaub am See: Laden Sie einfach die App \u201eV\u00e9lo Savoie Mont Blanc\u201c auf Ihr Handy.[\/vc_column_text][\/vc_column_inner][vc_column_inner width=&#8220;1\/3&#8243;][vc_masonry_media_grid element_width=&#8220;12&#8243; gap=&#8220;0&#8243; grid_id=&#8220;vc_gid:1771257858726-fcb93d8d-9b75-1&#8243; include=&#8220;1584&#8243;][\/vc_column_inner][\/vc_row_inner][vc_empty_space]<div class=\"text-center btnwrap\"><a class=\"btn btn-huttopia-cta\" href=\"http:\/\/checkout.campings-nature.com\/site\/de\/929\" role=\"button\" target=\"\" onclick=\"dataLayer.push({'event':'clickCity', 'clickText':'Buchen Sie Ihren Aufenthalt'})\">Buchen Sie Ihren Aufenthalt<\/a><\/div><\/div>[\/vc_column][\/vc_row][vc_row][vc_column]<div class=\"wrappedcontent\">[vc_column_text]<\/p>\n<h3>In der N\u00e4he<\/h3>\n<p>Der Campingplatz ist ein idealer Ausgangspunkt f\u00fcr erlebnisreiche Tagesausfl\u00fcge, wie zum Beispiel nach Thonon-les-Bains und Evian, beide bekannt f\u00fcr ihre Thermen, nach Avoriaz, um frische Bergluft zu schnuppern, nach Yvoire (3 km), das zu den 10 sch\u00f6nsten D\u00f6rfern Frankreichs z\u00e4hlt oder ins nur 40 Minuten entfernte Genf und zu den vielen L\u00e4den mit Schweizer Schokolade.[\/vc_column_text]<\/div>[\/vc_column][\/vc_row]<\/p>\n<\/div>","protected":false},"excerpt":{"rendered":"<p>[vc_row][vc_column][vc_single_image image=&#8220;1372&#8243; img_size=&#8220;1900&#215;500&#8243; alignment=&#8220;center&#8220;][\/vc_column][\/vc_row][vc_row][vc_column][\/vc_column][\/vc_row][vc_row css=&#8220;.vc_custom_1545381401815{background-color: #e8e8e8 !important;}&#8220;][vc_column][\/vc_column][\/vc_row][vc_row][vc_column][\/vc_column][\/vc_row][vc_row css=&#8220;.vc_custom_1545381401815{background-color: #e8e8e8 !important;}&#8220;][vc_column][\/vc_column][\/vc_row][vc_row][vc_column][\/vc_column][\/vc_row]<\/p>\n","protected":false},"author":4,"featured_media":0,"parent":0,"menu_order":0,"comment_status":"closed","ping_status":"closed","template":"","meta":{"footnotes":""},"class_list":["post-708","page","type-page","status-publish","hentry"],"yoast_head":"<!-- This site is optimized with the Yoast SEO plugin v25.6 - https:\/\/yoast.com\/wordpress\/plugins\/seo\/ -->\n<title>Campingplatz La Pin\u00e8de - Aktivitaten \/ Dienstleistungen<\/title>\n<meta name=\"description\" content=\"Der Campingplatz La Pin\u00e8de - Excenevex: Verf\u00fcgt \u00fcber hochwertige Freizeiteinrichtungen und Dienstleistungen, die Ihnen einen Urlaub voller wundersch\u00f6ner gemeinsamer Momente garantieren.\" \/>\n<meta name=\"robots\" content=\"index, follow, max-snippet:-1, max-image-preview:large, max-video-preview:-1\" \/>\n<link rel=\"canonical\" href=\"https:\/\/www.camping-lapinede-excenevex.com\/de\/aktivitaeten-dienstleistungen\/\" \/>\n<meta property=\"og:locale\" content=\"de_DE\" \/>\n<meta property=\"og:type\" content=\"article\" \/>\n<meta property=\"og:title\" content=\"Campingplatz La Pin\u00e8de - Aktivitaten \/ Dienstleistungen\" \/>\n<meta property=\"og:description\" content=\"Der Campingplatz La Pin\u00e8de - Excenevex: Verf\u00fcgt \u00fcber hochwertige Freizeiteinrichtungen und Dienstleistungen, die Ihnen einen Urlaub voller wundersch\u00f6ner gemeinsamer Momente garantieren.\" \/>\n<meta property=\"og:url\" content=\"https:\/\/www.camping-lapinede-excenevex.com\/de\/aktivitaeten-dienstleistungen\/\" \/>\n<meta property=\"og:site_name\" content=\"Camping La Pin\u00e8de - Excenevex\" \/>\n<meta property=\"article:modified_time\" content=\"2026-02-16T16:06:25+00:00\" \/>\n<meta name=\"twitter:card\" content=\"summary_large_image\" \/>\n<meta name=\"twitter:label1\" content=\"Est. reading time\" \/>\n\t<meta name=\"twitter:data1\" content=\"8 Minuten\" \/>\n<script type=\"application\/ld+json\" class=\"yoast-schema-graph\">{\"@context\":\"https:\/\/schema.org\",\"@graph\":[{\"@type\":\"WebPage\",\"@id\":\"https:\/\/www.camping-lapinede-excenevex.com\/de\/aktivitaeten-dienstleistungen\/\",\"url\":\"https:\/\/www.camping-lapinede-excenevex.com\/de\/aktivitaeten-dienstleistungen\/\",\"name\":\"Campingplatz La Pin\u00e8de - Aktivitaten \/ Dienstleistungen\",\"isPartOf\":{\"@id\":\"https:\/\/www.camping-lapinede-excenevex.com\/de\/#website\"},\"datePublished\":\"2018-12-20T16:07:46+00:00\",\"dateModified\":\"2026-02-16T16:06:25+00:00\",\"description\":\"Der Campingplatz La Pin\u00e8de - Excenevex: Verf\u00fcgt \u00fcber hochwertige Freizeiteinrichtungen und Dienstleistungen, die Ihnen einen Urlaub voller wundersch\u00f6ner gemeinsamer Momente garantieren.\",\"breadcrumb\":{\"@id\":\"https:\/\/www.camping-lapinede-excenevex.com\/de\/aktivitaeten-dienstleistungen\/#breadcrumb\"},\"inLanguage\":\"de-DE\",\"potentialAction\":[{\"@type\":\"ReadAction\",\"target\":[\"https:\/\/www.camping-lapinede-excenevex.com\/de\/aktivitaeten-dienstleistungen\/\"]}]},{\"@type\":\"BreadcrumbList\",\"@id\":\"https:\/\/www.camping-lapinede-excenevex.com\/de\/aktivitaeten-dienstleistungen\/#breadcrumb\",\"itemListElement\":[{\"@type\":\"ListItem\",\"position\":1,\"name\":\"Home\",\"item\":\"https:\/\/www.camping-lapinede-excenevex.com\/de\/\"},{\"@type\":\"ListItem\",\"position\":2,\"name\":\"Aktivitaten \/ Dienstleistungen\"}]},{\"@type\":\"WebSite\",\"@id\":\"https:\/\/www.camping-lapinede-excenevex.com\/de\/#website\",\"url\":\"https:\/\/www.camping-lapinede-excenevex.com\/de\/\",\"name\":\"Camping La Pin\u00e8de - Excenevex\",\"description\":\"Just another Citykamp site\",\"potentialAction\":[{\"@type\":\"SearchAction\",\"target\":{\"@type\":\"EntryPoint\",\"urlTemplate\":\"https:\/\/www.camping-lapinede-excenevex.com\/de\/?s={search_term_string}\"},\"query-input\":{\"@type\":\"PropertyValueSpecification\",\"valueRequired\":true,\"valueName\":\"search_term_string\"}}],\"inLanguage\":\"de-DE\"}]}<\/script>\n<!-- \/ Yoast SEO plugin. -->","yoast_head_json":{"title":"Campingplatz La Pin\u00e8de - Aktivitaten \/ Dienstleistungen","description":"Der Campingplatz La Pin\u00e8de - Excenevex: Verf\u00fcgt \u00fcber hochwertige Freizeiteinrichtungen und Dienstleistungen, die Ihnen einen Urlaub voller wundersch\u00f6ner gemeinsamer Momente garantieren.","robots":{"index":"index","follow":"follow","max-snippet":"max-snippet:-1","max-image-preview":"max-image-preview:large","max-video-preview":"max-video-preview:-1"},"canonical":"https:\/\/www.camping-lapinede-excenevex.com\/de\/aktivitaeten-dienstleistungen\/","og_locale":"de_DE","og_type":"article","og_title":"Campingplatz La Pin\u00e8de - Aktivitaten \/ Dienstleistungen","og_description":"Der Campingplatz La Pin\u00e8de - Excenevex: Verf\u00fcgt \u00fcber hochwertige Freizeiteinrichtungen und Dienstleistungen, die Ihnen einen Urlaub voller wundersch\u00f6ner gemeinsamer Momente garantieren.","og_url":"https:\/\/www.camping-lapinede-excenevex.com\/de\/aktivitaeten-dienstleistungen\/","og_site_name":"Camping La Pin\u00e8de - Excenevex","article_modified_time":"2026-02-16T16:06:25+00:00","twitter_card":"summary_large_image","twitter_misc":{"Est. reading time":"8 Minuten"},"schema":{"@context":"https:\/\/schema.org","@graph":[{"@type":"WebPage","@id":"https:\/\/www.camping-lapinede-excenevex.com\/de\/aktivitaeten-dienstleistungen\/","url":"https:\/\/www.camping-lapinede-excenevex.com\/de\/aktivitaeten-dienstleistungen\/","name":"Campingplatz La Pin\u00e8de - Aktivitaten \/ Dienstleistungen","isPartOf":{"@id":"https:\/\/www.camping-lapinede-excenevex.com\/de\/#website"},"datePublished":"2018-12-20T16:07:46+00:00","dateModified":"2026-02-16T16:06:25+00:00","description":"Der Campingplatz La Pin\u00e8de - Excenevex: Verf\u00fcgt \u00fcber hochwertige Freizeiteinrichtungen und Dienstleistungen, die Ihnen einen Urlaub voller wundersch\u00f6ner gemeinsamer Momente garantieren.","breadcrumb":{"@id":"https:\/\/www.camping-lapinede-excenevex.com\/de\/aktivitaeten-dienstleistungen\/#breadcrumb"},"inLanguage":"de-DE","potentialAction":[{"@type":"ReadAction","target":["https:\/\/www.camping-lapinede-excenevex.com\/de\/aktivitaeten-dienstleistungen\/"]}]},{"@type":"BreadcrumbList","@id":"https:\/\/www.camping-lapinede-excenevex.com\/de\/aktivitaeten-dienstleistungen\/#breadcrumb","itemListElement":[{"@type":"ListItem","position":1,"name":"Home","item":"https:\/\/www.camping-lapinede-excenevex.com\/de\/"},{"@type":"ListItem","position":2,"name":"Aktivitaten \/ Dienstleistungen"}]},{"@type":"WebSite","@id":"https:\/\/www.camping-lapinede-excenevex.com\/de\/#website","url":"https:\/\/www.camping-lapinede-excenevex.com\/de\/","name":"Camping La Pin\u00e8de - Excenevex","description":"Just another Citykamp site","potentialAction":[{"@type":"SearchAction","target":{"@type":"EntryPoint","urlTemplate":"https:\/\/www.camping-lapinede-excenevex.com\/de\/?s={search_term_string}"},"query-input":{"@type":"PropertyValueSpecification","valueRequired":true,"valueName":"search_term_string"}}],"inLanguage":"de-DE"}]}},"_links":{"self":[{"href":"https:\/\/www.camping-lapinede-excenevex.com\/de\/wp-json\/wp\/v2\/pages\/708","targetHints":{"allow":["GET"]}}],"collection":[{"href":"https:\/\/www.camping-lapinede-excenevex.com\/de\/wp-json\/wp\/v2\/pages"}],"about":[{"href":"https:\/\/www.camping-lapinede-excenevex.com\/de\/wp-json\/wp\/v2\/types\/page"}],"author":[{"embeddable":true,"href":"https:\/\/www.camping-lapinede-excenevex.com\/de\/wp-json\/wp\/v2\/users\/4"}],"replies":[{"embeddable":true,"href":"https:\/\/www.camping-lapinede-excenevex.com\/de\/wp-json\/wp\/v2\/comments?post=708"}],"version-history":[{"count":7,"href":"https:\/\/www.camping-lapinede-excenevex.com\/de\/wp-json\/wp\/v2\/pages\/708\/revisions"}],"predecessor-version":[{"id":2601,"href":"https:\/\/www.camping-lapinede-excenevex.com\/de\/wp-json\/wp\/v2\/pages\/708\/revisions\/2601"}],"wp:attachment":[{"href":"https:\/\/www.camping-lapinede-excenevex.com\/de\/wp-json\/wp\/v2\/media?parent=708"}],"curies":[{"name":"wp","href":"https:\/\/api.w.org\/{rel}","templated":true}]}}