{"id":698,"date":"2018-12-20T16:05:44","date_gmt":"2018-12-20T16:05:44","guid":{"rendered":"http:\/\/www.citykamp.com\/lapinedeexcenevex\/?page_id=698"},"modified":"2025-05-26T07:53:11","modified_gmt":"2025-05-26T07:53:11","slug":"mietunterkuenfte","status":"publish","type":"page","link":"https:\/\/www.camping-lapinede-excenevex.com\/de\/mietunterkuenfte\/","title":{"rendered":"Mietunterk\u00fcnfte"},"content":{"rendered":"<div class=\"wpb-content-wrapper\"><p>[vc_row][vc_column][vc_single_image image=&#8220;1330&#8243; img_size=&#8220;1900&#215;500&#8243;][\/vc_column][\/vc_row][vc_row][vc_column]<div class=\"wrappedcontent\">[vc_row_inner equal_height=&#8220;yes&#8220; content_placement=&#8220;middle&#8220; gap=&#8220;30&#8243; css=&#8220;.vc_custom_1628170234673{margin-left: -0.5px !important;}&#8220;][vc_column_inner width=&#8220;2\/3&#8243;][vc_column_text css=&#8220;&#8220;]<\/p>\n<h3>Zelt oder Chalet mieten in Camping La Pin\u00e8de<\/h3>\n<p>Lassen Sie sich in einem echten Bett von den Ger\u00e4uschen des Windes, der mit dem Zeltdach spielt, in den Schlaf schaukeln oder beobachten Sie von Ihrer Terrasse aus den Sonnenuntergang&#8230; Der Campingplatz La Pin\u00e8de bietet Ihnen unterschiedliche Mietunterk\u00fcnfte: Zelte aus Tuch &amp; Holz, Mobilheime oder Chalets. Hier gibt es keinen Fernseher, die Magie des Ortes l\u00e4sst der Fantasie freien Lauf&#8230;[\/vc_column_text][\/vc_column_inner][vc_column_inner width=&#8220;1\/3&#8243;][vc_column_text css=&#8220;.vc_custom_1666604458293{padding-top: 15px !important;padding-right: 15px !important;padding-bottom: 15px !important;padding-left: 15px !important;background-color: #14636e !important;}&#8220;]<\/p>\n<p style=\"text-align: center;\"><span style=\"color: #ffffff;\">Bettw\u00e4sche und Handt\u00fccher k\u00f6nnen gemietet werden<\/span><\/p>\n<p>[\/vc_column_text][\/vc_column_inner][\/vc_row_inner]<\/div>[\/vc_column][\/vc_row][vc_row css=&#8220;.vc_custom_1545381720445{background-color: #e8e8e8 !important;}&#8220;][vc_column]<div class=\"wrappedcontent\">[vc_column_text]<\/p>\n<h3 style=\"text-align: center;\">&#8211; Zelte und Leinenbungalows &#8211;<\/h3>\n<p>[\/vc_column_text][vc_empty_space height=&#8220;25px&#8220;][vc_row_inner gap=&#8220;35&#8243; css=&#8220;.vc_custom_1545382153203{margin-left: -0.5px !important;}&#8220;][vc_column_inner width=&#8220;1\/3&#8243;][vc_text_separator title=&#8220;Lodgezelt Maasa\u00ef&#8220; color=&#8220;white&#8220;][vc_column_text]<\/p>\n<p style=\"text-align: center;\">25 m\u00b2 &#8211; 4 pers.<\/p>\n<p>[\/vc_column_text][vc_empty_space height=&#8220;12px&#8220;][vc_masonry_media_grid element_width=&#8220;12&#8243; gap=&#8220;0&#8243; grid_id=&#8220;vc_gid:1748245911808-feef7797-7080-1&#8243; include=&#8220;1334&#8243;][vc_empty_space height=&#8220;12px&#8220;][vc_column_text css=&#8220;&#8220;]&gt; 2 Zimmer mit 2 Einzelbetten (80 x 200).<br \/>\n&gt; Badezimmer mit italienischer Dusche, Waschbecken und getrenntem WC.<br \/>\n&gt; ausgestattete Kochecke. (Filterkaffeemaschine)<br \/>\n&gt; \u00fcberdachte Terrasse (15 m\u00b2), 2 Sessel und ein Couchtisch.<br \/>\n&gt; Fu\u00dfbodenheizung.<\/p>\n<p style=\"text-align: center;\"><span style=\"text-decoration: underline;\"><a href=\"https:\/\/media.huttopia.com\/hebergements\/117-tente-lodge-maasai\/Inventaire\/excenevex-inventaire-tente-maasai-fr-en.pdf\" target=\"_blank\" rel=\"noopener\">Siehe Inventar<\/a><\/span><\/p>\n<p>[\/vc_column_text][\/vc_column_inner][vc_column_inner width=&#8220;1\/3&#8243;][vc_text_separator title=&#8220;Zelt Canadienne&#8220; color=&#8220;white&#8220;][vc_column_text]<\/p>\n<p style=\"text-align: center;\">20 m\u00b2 &#8211; 5 pers.<\/p>\n<p>[\/vc_column_text][vc_empty_space height=&#8220;12px&#8220;][vc_masonry_media_grid element_width=&#8220;12&#8243; gap=&#8220;0&#8243; grid_id=&#8220;vc_gid:1748245911811-156bb14e-2445-7&#8243; include=&#8220;1338&#8243;][vc_empty_space height=&#8220;12px&#8220;][vc_column_text css=&#8220;&#8220;]&gt; 2 Zimmer: f\u00fcr die Eltern ein Doppelbett (140 x 200) und f\u00fcr die Kinder ein Doppelbett (140 x 190) mit einem dar\u00fcber aufgestockten Einzelbett (90 x 190).<br \/>\n&gt; ausgestattete Kochecke (Filterkaffeemaschine)<br \/>\n&gt; Holzterrasse<\/p>\n<p style=\"text-align: center;\"><span style=\"text-decoration: underline;\"><a href=\"https:\/\/media.huttopia.com\/hebergements\/106-tente-canadienne-ii\/inventaire\/excenevex-inventaire-tente-canadienne-fr-en.pdf\" target=\"_blank\" rel=\"noopener\">Siehe Inventar<\/a><\/span><\/p>\n<p>[\/vc_column_text][\/vc_column_inner][vc_column_inner width=&#8220;1\/3&#8243;][vc_text_separator title=&#8220;Zelt Trappeur&#8220; color=&#8220;white&#8220;][vc_column_text]<\/p>\n<p style=\"text-align: center;\">25 m\u00b2 &#8211; 5 pers.<\/p>\n<p>[\/vc_column_text][vc_empty_space height=&#8220;12px&#8220;][vc_masonry_media_grid element_width=&#8220;12&#8243; gap=&#8220;0&#8243; grid_id=&#8220;vc_gid:1748245911815-78bb2105-c82f-5&#8243; include=&#8220;1342&#8243;][vc_empty_space height=&#8220;12px&#8220;][vc_column_text css=&#8220;&#8220;]&gt; 2 Zimmer: f\u00fcr die Eltern ein Doppelbett (140 x 200) und f\u00fcr die Kinder ein Doppelbett (140 x 190) mit einem dar\u00fcber aufgestockten Einzelbett (90 x 190).<br \/>\n&gt; ausgestattete Kochecke (Filterkaffeemaschine)<br \/>\n&gt; Badezimmer<br \/>\n&gt; Holzterrasse<\/p>\n<p style=\"text-align: center;\"><span style=\"text-decoration: underline;\"><a href=\"https:\/\/media.huttopia.com\/hebergements\/111-tente-trappeur-camping\/Inventaire\/excenevex-inventaire-tente-trappeur-fr-en.pdf\" target=\"_blank\" rel=\"noopener\">Siehe Inventar<\/a><\/span><\/p>\n<p>[\/vc_column_text][\/vc_column_inner][\/vc_row_inner][vc_empty_space height=&#8220;20px&#8220;]<div class=\"text-center btnwrap\"><a class=\"btn btn-huttopia-cta\" href=\"http:\/\/checkout.campings-nature.com\/site\/de\/929\" role=\"button\" target=\"\" onclick=\"dataLayer.push({'event':'clickCity', 'clickText':'Buchen Sie Ihren Aufenthalt'})\">Buchen Sie Ihren Aufenthalt<\/a><\/div><\/div>[\/vc_column][\/vc_row][vc_row][vc_column]<div class=\"wrappedcontent\">[vc_column_text]<\/p>\n<h3 style=\"text-align: center;\">&#8211;\u00a0Chalet und Mobilheim &#8211;<\/h3>\n<p>[\/vc_column_text][vc_empty_space height=&#8220;25px&#8220;][vc_row_inner gap=&#8220;35&#8243; css=&#8220;.vc_custom_1545383082301{margin-left: -0.5px !important;}&#8220;][vc_column_inner width=&#8220;1\/3&#8243;][vc_text_separator title=&#8220;Chalet Evasion&#8220;][vc_column_text]<\/p>\n<p style=\"text-align: center;\">25 m\u00b2 &#8211; 5 pers.<\/p>\n<p>[\/vc_column_text][vc_empty_space height=&#8220;12px&#8220;][vc_masonry_media_grid element_width=&#8220;12&#8243; gap=&#8220;0&#8243; grid_id=&#8220;vc_gid:1748245911818-935a88e0-7aa5-0&#8243; include=&#8220;1633&#8243;][vc_empty_space height=&#8220;12px&#8220;][vc_column_text css=&#8220;&#8220;]&gt; Gemeinschaftsraum mit Einbauk\u00fcche (Sp\u00fcle, Gasherd, Mikrowelle, K\u00fchlschrank, Filterkaffeemaschine), Wohnraum mit Essbereich.<br \/>\n&gt; Schlafbereich mit zwei Zimmern: eines mit einem Doppelbett 140\u00d7200 cm und eines mit drei Einzelbetten 80\u00d7200 cm, davon ein Stockbett.<br \/>\n&gt; Die beiden Zimmer verf\u00fcgen \u00fcber Ablagem\u00f6glichkeiten.<br \/>\n&gt; Badezimmer mit Dusche und Ablagem\u00f6glichkeiten und getrenntem WC.<\/p>\n<p style=\"text-align: center;\"><span style=\"text-decoration: underline;\"><a href=\"https:\/\/media.huttopia.com\/hebergements\/104-chalet-evasion-plat\/Inventaire\/excenevex-inventaire-chalet-evasion-fr-en.pdf\" target=\"_blank\" rel=\"noopener\">Siehe Inventar<\/a><\/span><\/p>\n<p>[\/vc_column_text][\/vc_column_inner][vc_column_inner width=&#8220;1\/3&#8243;][vc_text_separator title=&#8220;Roulotte&#8220;][vc_column_text]<\/p>\n<p style=\"text-align: center;\">21 m\u00b2 &#8211; 4 pers.<\/p>\n<p>[\/vc_column_text][vc_empty_space height=&#8220;12px&#8220;][vc_masonry_media_grid element_width=&#8220;12&#8243; gap=&#8220;0&#8243; grid_id=&#8220;vc_gid:1748245911820-91d1e160-2c15-3&#8243; include=&#8220;1637&#8243;][vc_empty_space height=&#8220;12px&#8220;][vc_column_text css=&#8220;&#8220;]&gt; Wohnraum: Wohnbereich mit Tisch und Sitzbank.<br \/>\n&gt; K\u00fcchenbereich (Sp\u00fcle, Gasherd, Mikrowelle, K\u00fchlschrank, Geschirr, Filterkaffeemaschine).<br \/>\n&gt; 2 separate Schlafzimmer: 1 Zimmer mit Doppelbett (140 \u00d7 200 cm) und 1 Zimmer mit Etagenbett (2 Schlafm\u00f6glichkeiten von je 70 \u00d7 190 cm).<br \/>\n&gt; Badezimmer mit Waschbecken und Dusche \u2013 separates WC<br \/>\n&gt; Au\u00dfenbereich: Picknicktisch aus Holz, Sonnenschirm, 2 Faltst\u00fchle.<\/p>\n<p style=\"text-align: center;\"><span style=\"text-decoration: underline;\"><a href=\"https:\/\/media.huttopia.com\/hebergements\/138-roulotte-xl\/inventaires\/excenevex-inventaire-roulotte-fr-en.pdf\" target=\"_blank\" rel=\"noopener\">Siehe Inventar<\/a><\/span><\/p>\n<p>[\/vc_column_text][\/vc_column_inner][vc_column_inner width=&#8220;1\/3&#8243;][vc_text_separator title=&#8220;Chalet Ottawa&#8220;][vc_column_text]<\/p>\n<p style=\"text-align: center;\">33 m\u00b2 &#8211; 6 pers.<\/p>\n<p>[\/vc_column_text][vc_empty_space height=&#8220;12px&#8220;][vc_masonry_media_grid element_width=&#8220;12&#8243; gap=&#8220;0&#8243; grid_id=&#8220;vc_gid:1748245911824-6c3d1edc-fc59-10&#8243; include=&#8220;2173&#8243;][vc_empty_space height=&#8220;12px&#8220;][vc_column_text css=&#8220;&#8220;]&gt; Sein gro\u00dfer Wohnraum mit Glasschiebet\u00fcr und voll ausgestatteter K\u00fcche (Sp\u00fcle, K\u00fchlschrank, Mikrowelle\u2026) bietet Ihnen einen herrlichen Innen-\/Au\u00dfen-Wohnbereich f\u00fcr einen garantiert erholsamen Natururlaub.<br \/>\n&gt; Ein Schlafbereich mit drei getrennten Zimmern: ein Elternschlafzimmer mit einem Doppelbett (160 x 200 cm) und Zugang zur Terrasse, zwei Zimmer mit je zwei Einzelbetten (80 x 200 cm) und zahlreichen Ablagem\u00f6glichkeiten.<br \/>\n&gt; Ein gro\u00dfes Badezimmer mit Doppel-Waschtisch und XL-Dusche f\u00fcr noch mehr Komfort. Separates WC<br \/>\n&gt; 14 m\u00b2 gro\u00dfe Terrasse.<\/p>\n<p style=\"text-align: center;\"><span style=\"text-decoration: underline;\"><a href=\"https:\/\/media.huttopia.com\/hebergements\/91-chalet-ottawa\/inventaire\/excenevex-inventaire-chalet-ottawa-fr-en.pdf\" target=\"_blank\" rel=\"noopener\">Siehe Inventar<\/a><\/span><\/p>\n<p>[\/vc_column_text][\/vc_column_inner][\/vc_row_inner][vc_empty_space height=&#8220;40px&#8220;][vc_row_inner gap=&#8220;35&#8243; css=&#8220;.vc_custom_1545383082301{margin-left: -0.5px !important;}&#8220;][vc_column_inner width=&#8220;1\/3&#8243;][vc_text_separator title=&#8220;Mobilheim 2 Zimmer&#8220;][vc_column_text]<\/p>\n<p style=\"text-align: center;\">27 m\u00b2 &#8211; 5 pers.<\/p>\n<p>[\/vc_column_text][vc_empty_space height=&#8220;12px&#8220;][vc_masonry_media_grid element_width=&#8220;12&#8243; gap=&#8220;0&#8243; grid_id=&#8220;vc_gid:1748245911827-b227f770-d245-1&#8243; include=&#8220;1286&#8243;][vc_empty_space height=&#8220;12px&#8220;][vc_column_text css=&#8220;&#8220;]&gt; 1 Zimmer mit einem Doppelbett (140 x 190), 1 Zimmer mit 2 Einzelbetten (80 x 190). Ausziehbares Sofa im Wohnzimmer als zus\u00e4tzliche Schlafgelegenheit (Schlaffl\u00e4che: 120 x 190),<br \/>\n&gt; ausgestattete Kochecke (Filterkaffeemaschine)<br \/>\n&gt; Badezimmer mit Dusche, Waschbecken und getrenntem WC.<br \/>\n&gt; \u00fcberdachte Terrasse, Gartensitzgruppe<\/p>\n<p style=\"text-align: center;\"><span style=\"text-decoration: underline;\"><a href=\"https:\/\/media.huttopia.com\/hebergements\/12-mobile-home-2-chambres\/inventaire\/excenevex-inventaire-mobile-home-2-chambres-fr-en.pdf\" target=\"_blank\" rel=\"noopener\">Siehe Inventar<\/a><\/span><\/p>\n<p>[\/vc_column_text][\/vc_column_inner][vc_column_inner width=&#8220;1\/3&#8243;][vc_text_separator title=&#8220;Mobilheim 3 Zimmer&#8220;][vc_column_text]<\/p>\n<p style=\"text-align: center;\">30 m\u00b2 &#8211; 6 pers.<\/p>\n<p>[\/vc_column_text][vc_empty_space height=&#8220;12px&#8220;][vc_masonry_media_grid element_width=&#8220;12&#8243; gap=&#8220;0&#8243; grid_id=&#8220;vc_gid:1748245911830-e32c41ba-f16c-4&#8243; include=&#8220;836&#8243;][vc_empty_space height=&#8220;12px&#8220;][vc_column_text css=&#8220;&#8220;]&gt; 1 Zimmer mit einem Doppelbett (140 x 190), 2 Zimmer mit 2 Einzelbetten (80 x 190).<br \/>\n&gt; Ausziehbares Sofa im Wohnzimmer als zus\u00e4tzliche Schlafgelegenheit (Schlaffl\u00e4che: 120 x 190)<br \/>\n&gt; ausgestattete Kochecke (Filterkaffeemaschine)<br \/>\n&gt; Badezimmer mit Dusche, Waschbecken und getrenntem WC.<br \/>\n&gt; \u00fcberdachte Terrasse, Gartensitzgruppe<\/p>\n<p style=\"text-align: center;\"><span style=\"text-decoration: underline;\"><a href=\"https:\/\/media.huttopia.com\/hebergements\/99-mh-6-8-pers-3-chambres\/inventaire\/excenevex-inventaire-mobile-home-3-chambres-fr-en.pdf\" target=\"_blank\" rel=\"noopener\">Siehe Inventar<\/a><\/span><\/p>\n<p>[\/vc_column_text][\/vc_column_inner][vc_column_inner width=&#8220;1\/3&#8243;][vc_text_separator title=&#8220;Barrierefreies Chalet Ontario&#8220; css=&#8220;&#8220;][vc_column_text css=&#8220;&#8220;]<\/p>\n<p style=\"text-align: center;\">35 m\u00b2 &#8211; 4 pers.<\/p>\n<p>[\/vc_column_text][vc_empty_space height=&#8220;12px&#8220;][vc_masonry_media_grid element_width=&#8220;12&#8243; gap=&#8220;0&#8243; css=&#8220;&#8220; grid_id=&#8220;vc_gid:1748245911833-70172c21-b507-4&#8243; include=&#8220;2484&#8243;][vc_empty_space height=&#8220;12px&#8220;][vc_column_text css=&#8220;&#8220;]&gt; Besitzt eine Elternsuite mit einem Doppelbett (160\u00d7200) und einem XL-Badezimmer mit Dusche. Das zweite Zimmer ist mit einem Stockbett ausgestattet (2 Einzelbetten 90&#215;200) und ideal f\u00fcr die Kinder.<br \/>\n&gt; Der Wohnzimmerbereich ist sehr ger\u00e4umig und verf\u00fcgt \u00fcber eine den R\u00e4umlichkeiten angepasste K\u00fcche mit Vertiefungen (Sp\u00fcle, Induktionskochplatte, Mikrowelle, K\u00fchlschrank etc.), einen Tisch f\u00fcr 4 Personen und eine Essbank.<br \/>\n&gt; Das Badezimmer besitzt eine barrierefreie Kabine und ist praktisch und komfortabel zugleich.<br \/>\n&gt; \u00fcberdachte Terrasse mit Auffahrrampe f\u00fcr Rollst\u00fchle.[\/vc_column_text][\/vc_column_inner][\/vc_row_inner][vc_empty_space height=&#8220;20px&#8220;]<div class=\"text-center btnwrap\"><a class=\"btn btn-huttopia-cta\" href=\"http:\/\/checkout.campings-nature.com\/site\/de\/929\" role=\"button\" target=\"\" onclick=\"dataLayer.push({'event':'clickCity', 'clickText':'Buchen Sie Ihren Aufenthalt'})\">Buchen Sie Ihren Aufenthalt<\/a><\/div>[vc_column_text]<i class=\"fa fa-map\" style=\"font-size: 12px;\"><\/i> <span style=\"text-decoration: underline;\"><a href=\"https:\/\/media.huttopia.com\/destinations\/pinede-excenevex\/plan-camping.pdf\" target=\"_blank\" rel=\"noopener noreferrer\">Siehe den Plan des Campingplatzes<\/a><\/span>[\/vc_column_text]<\/div>[\/vc_column][\/vc_row][vc_row css=&#8220;.vc_custom_1545383104823{background-color: #e8e8e8 !important;}&#8220;][vc_column]<div class=\"wrappedcontent\">[vc_column_text css=&#8220;&#8220;]<\/p>\n<h3 style=\"text-align: center;\">Zusatzleistungen zu unseren Mietunterk\u00fcnften<\/h3>\n<ul>\n<li>Verl\u00e4ngern Sie Ihr Wochenende: Abreise bis 16 Uhr am Sonntag m\u00f6glich! (au\u00dferhalb der Schulferien und je nach Verf\u00fcgbarkeit Ihrer Unterkunft)<\/li>\n<li>Auch im Sommer k\u00f6nnen Sie ab 2 oder 3 N\u00e4chten buchen<\/li>\n<li>Option: Reinigungspauschale<\/li>\n<li>Babyset-Verleih (Bett und Hochstuhl) gegen Vorreservierung, (kostenlos, ausgenommen Juli und August).<\/li>\n<\/ul>\n<p>[\/vc_column_text]<\/div>[\/vc_column][\/vc_row]<\/p>\n<\/div>","protected":false},"excerpt":{"rendered":"<p>[vc_row][vc_column][vc_single_image image=&#8220;1330&#8243; img_size=&#8220;1900&#215;500&#8243;][\/vc_column][\/vc_row][vc_row][vc_column][\/vc_column][\/vc_row][vc_row css=&#8220;.vc_custom_1545381720445{background-color: #e8e8e8 !important;}&#8220;][vc_column][\/vc_column][\/vc_row][vc_row][vc_column][\/vc_column][\/vc_row][vc_row css=&#8220;.vc_custom_1545383104823{background-color: #e8e8e8 !important;}&#8220;][vc_column][\/vc_column][\/vc_row]<\/p>\n","protected":false},"author":4,"featured_media":0,"parent":0,"menu_order":0,"comment_status":"closed","ping_status":"closed","template":"","meta":{"footnotes":""},"class_list":["post-698","page","type-page","status-publish","hentry"],"yoast_head":"<!-- This site is optimized with the Yoast SEO plugin v25.6 - https:\/\/yoast.com\/wordpress\/plugins\/seo\/ -->\n<title>Campingplatz La Pin\u00e8de - Mietunterk\u00fcnfte<\/title>\n<meta name=\"description\" content=\"Lassen Sie sich in einem echten Bett von den Ger\u00e4uschen des Windes, der mit dem Zeltdach spielt, in den Schlaf schaukeln oder beobachten Sie von Ihrer Terrasse aus den Sonnenuntergang... Der Campingplatz La Pin\u00e8de bietet Ihnen unterschiedliche Mietunterk\u00fcnfte: Zelte aus Tuch &amp; Holz, Mobilheime oder Chalets.\" \/>\n<meta name=\"robots\" content=\"index, follow, max-snippet:-1, max-image-preview:large, max-video-preview:-1\" \/>\n<link rel=\"canonical\" href=\"https:\/\/www.camping-lapinede-excenevex.com\/de\/mietunterkuenfte\/\" \/>\n<meta property=\"og:locale\" content=\"de_DE\" \/>\n<meta property=\"og:type\" content=\"article\" \/>\n<meta property=\"og:title\" content=\"Campingplatz La Pin\u00e8de - Mietunterk\u00fcnfte\" \/>\n<meta property=\"og:description\" content=\"Lassen Sie sich in einem echten Bett von den Ger\u00e4uschen des Windes, der mit dem Zeltdach spielt, in den Schlaf schaukeln oder beobachten Sie von Ihrer Terrasse aus den Sonnenuntergang... Der Campingplatz La Pin\u00e8de bietet Ihnen unterschiedliche Mietunterk\u00fcnfte: Zelte aus Tuch &amp; Holz, Mobilheime oder Chalets.\" \/>\n<meta property=\"og:url\" content=\"https:\/\/www.camping-lapinede-excenevex.com\/de\/mietunterkuenfte\/\" \/>\n<meta property=\"og:site_name\" content=\"Camping La Pin\u00e8de - Excenevex\" \/>\n<meta property=\"article:modified_time\" content=\"2025-05-26T07:53:11+00:00\" \/>\n<meta name=\"twitter:card\" content=\"summary_large_image\" \/>\n<meta name=\"twitter:label1\" content=\"Est. reading time\" \/>\n\t<meta name=\"twitter:data1\" content=\"6 Minuten\" \/>\n<script type=\"application\/ld+json\" class=\"yoast-schema-graph\">{\"@context\":\"https:\/\/schema.org\",\"@graph\":[{\"@type\":\"WebPage\",\"@id\":\"https:\/\/www.camping-lapinede-excenevex.com\/de\/mietunterkuenfte\/\",\"url\":\"https:\/\/www.camping-lapinede-excenevex.com\/de\/mietunterkuenfte\/\",\"name\":\"Campingplatz La Pin\u00e8de - Mietunterk\u00fcnfte\",\"isPartOf\":{\"@id\":\"https:\/\/www.camping-lapinede-excenevex.com\/de\/#website\"},\"datePublished\":\"2018-12-20T16:05:44+00:00\",\"dateModified\":\"2025-05-26T07:53:11+00:00\",\"description\":\"Lassen Sie sich in einem echten Bett von den Ger\u00e4uschen des Windes, der mit dem Zeltdach spielt, in den Schlaf schaukeln oder beobachten Sie von Ihrer Terrasse aus den Sonnenuntergang... Der Campingplatz La Pin\u00e8de bietet Ihnen unterschiedliche Mietunterk\u00fcnfte: Zelte aus Tuch & Holz, Mobilheime oder Chalets.\",\"breadcrumb\":{\"@id\":\"https:\/\/www.camping-lapinede-excenevex.com\/de\/mietunterkuenfte\/#breadcrumb\"},\"inLanguage\":\"de-DE\",\"potentialAction\":[{\"@type\":\"ReadAction\",\"target\":[\"https:\/\/www.camping-lapinede-excenevex.com\/de\/mietunterkuenfte\/\"]}]},{\"@type\":\"BreadcrumbList\",\"@id\":\"https:\/\/www.camping-lapinede-excenevex.com\/de\/mietunterkuenfte\/#breadcrumb\",\"itemListElement\":[{\"@type\":\"ListItem\",\"position\":1,\"name\":\"Home\",\"item\":\"https:\/\/www.camping-lapinede-excenevex.com\/de\/\"},{\"@type\":\"ListItem\",\"position\":2,\"name\":\"Mietunterk\u00fcnfte\"}]},{\"@type\":\"WebSite\",\"@id\":\"https:\/\/www.camping-lapinede-excenevex.com\/de\/#website\",\"url\":\"https:\/\/www.camping-lapinede-excenevex.com\/de\/\",\"name\":\"Camping La Pin\u00e8de - Excenevex\",\"description\":\"Just another Citykamp site\",\"potentialAction\":[{\"@type\":\"SearchAction\",\"target\":{\"@type\":\"EntryPoint\",\"urlTemplate\":\"https:\/\/www.camping-lapinede-excenevex.com\/de\/?s={search_term_string}\"},\"query-input\":{\"@type\":\"PropertyValueSpecification\",\"valueRequired\":true,\"valueName\":\"search_term_string\"}}],\"inLanguage\":\"de-DE\"}]}<\/script>\n<!-- \/ Yoast SEO plugin. -->","yoast_head_json":{"title":"Campingplatz La Pin\u00e8de - Mietunterk\u00fcnfte","description":"Lassen Sie sich in einem echten Bett von den Ger\u00e4uschen des Windes, der mit dem Zeltdach spielt, in den Schlaf schaukeln oder beobachten Sie von Ihrer Terrasse aus den Sonnenuntergang... Der Campingplatz La Pin\u00e8de bietet Ihnen unterschiedliche Mietunterk\u00fcnfte: Zelte aus Tuch & Holz, Mobilheime oder Chalets.","robots":{"index":"index","follow":"follow","max-snippet":"max-snippet:-1","max-image-preview":"max-image-preview:large","max-video-preview":"max-video-preview:-1"},"canonical":"https:\/\/www.camping-lapinede-excenevex.com\/de\/mietunterkuenfte\/","og_locale":"de_DE","og_type":"article","og_title":"Campingplatz La Pin\u00e8de - Mietunterk\u00fcnfte","og_description":"Lassen Sie sich in einem echten Bett von den Ger\u00e4uschen des Windes, der mit dem Zeltdach spielt, in den Schlaf schaukeln oder beobachten Sie von Ihrer Terrasse aus den Sonnenuntergang... Der Campingplatz La Pin\u00e8de bietet Ihnen unterschiedliche Mietunterk\u00fcnfte: Zelte aus Tuch & Holz, Mobilheime oder Chalets.","og_url":"https:\/\/www.camping-lapinede-excenevex.com\/de\/mietunterkuenfte\/","og_site_name":"Camping La Pin\u00e8de - Excenevex","article_modified_time":"2025-05-26T07:53:11+00:00","twitter_card":"summary_large_image","twitter_misc":{"Est. reading time":"6 Minuten"},"schema":{"@context":"https:\/\/schema.org","@graph":[{"@type":"WebPage","@id":"https:\/\/www.camping-lapinede-excenevex.com\/de\/mietunterkuenfte\/","url":"https:\/\/www.camping-lapinede-excenevex.com\/de\/mietunterkuenfte\/","name":"Campingplatz La Pin\u00e8de - Mietunterk\u00fcnfte","isPartOf":{"@id":"https:\/\/www.camping-lapinede-excenevex.com\/de\/#website"},"datePublished":"2018-12-20T16:05:44+00:00","dateModified":"2025-05-26T07:53:11+00:00","description":"Lassen Sie sich in einem echten Bett von den Ger\u00e4uschen des Windes, der mit dem Zeltdach spielt, in den Schlaf schaukeln oder beobachten Sie von Ihrer Terrasse aus den Sonnenuntergang... Der Campingplatz La Pin\u00e8de bietet Ihnen unterschiedliche Mietunterk\u00fcnfte: Zelte aus Tuch & Holz, Mobilheime oder Chalets.","breadcrumb":{"@id":"https:\/\/www.camping-lapinede-excenevex.com\/de\/mietunterkuenfte\/#breadcrumb"},"inLanguage":"de-DE","potentialAction":[{"@type":"ReadAction","target":["https:\/\/www.camping-lapinede-excenevex.com\/de\/mietunterkuenfte\/"]}]},{"@type":"BreadcrumbList","@id":"https:\/\/www.camping-lapinede-excenevex.com\/de\/mietunterkuenfte\/#breadcrumb","itemListElement":[{"@type":"ListItem","position":1,"name":"Home","item":"https:\/\/www.camping-lapinede-excenevex.com\/de\/"},{"@type":"ListItem","position":2,"name":"Mietunterk\u00fcnfte"}]},{"@type":"WebSite","@id":"https:\/\/www.camping-lapinede-excenevex.com\/de\/#website","url":"https:\/\/www.camping-lapinede-excenevex.com\/de\/","name":"Camping La Pin\u00e8de - Excenevex","description":"Just another Citykamp site","potentialAction":[{"@type":"SearchAction","target":{"@type":"EntryPoint","urlTemplate":"https:\/\/www.camping-lapinede-excenevex.com\/de\/?s={search_term_string}"},"query-input":{"@type":"PropertyValueSpecification","valueRequired":true,"valueName":"search_term_string"}}],"inLanguage":"de-DE"}]}},"_links":{"self":[{"href":"https:\/\/www.camping-lapinede-excenevex.com\/de\/wp-json\/wp\/v2\/pages\/698","targetHints":{"allow":["GET"]}}],"collection":[{"href":"https:\/\/www.camping-lapinede-excenevex.com\/de\/wp-json\/wp\/v2\/pages"}],"about":[{"href":"https:\/\/www.camping-lapinede-excenevex.com\/de\/wp-json\/wp\/v2\/types\/page"}],"author":[{"embeddable":true,"href":"https:\/\/www.camping-lapinede-excenevex.com\/de\/wp-json\/wp\/v2\/users\/4"}],"replies":[{"embeddable":true,"href":"https:\/\/www.camping-lapinede-excenevex.com\/de\/wp-json\/wp\/v2\/comments?post=698"}],"version-history":[{"count":5,"href":"https:\/\/www.camping-lapinede-excenevex.com\/de\/wp-json\/wp\/v2\/pages\/698\/revisions"}],"predecessor-version":[{"id":2543,"href":"https:\/\/www.camping-lapinede-excenevex.com\/de\/wp-json\/wp\/v2\/pages\/698\/revisions\/2543"}],"wp:attachment":[{"href":"https:\/\/www.camping-lapinede-excenevex.com\/de\/wp-json\/wp\/v2\/media?parent=698"}],"curies":[{"name":"wp","href":"https:\/\/api.w.org\/{rel}","templated":true}]}}