{"id":692,"date":"2018-12-20T16:04:50","date_gmt":"2018-12-20T16:04:50","guid":{"rendered":"http:\/\/www.citykamp.com\/lapinedeexcenevex\/?page_id=692"},"modified":"2019-07-04T13:07:28","modified_gmt":"2019-07-04T13:07:28","slug":"stellplaetze","status":"publish","type":"page","link":"https:\/\/www.camping-lapinede-excenevex.com\/de\/stellplaetze\/","title":{"rendered":"Stellpl\u00e4tze"},"content":{"rendered":"<div class=\"wpb-content-wrapper\"><p>[vc_row][vc_column][vc_single_image image=&#8220;1088&#8243; img_size=&#8220;1900X500&#8243; alignment=&#8220;center&#8220;][\/vc_column][\/vc_row][vc_row][vc_column]<div class=\"wrappedcontent\">[vc_column_text]<\/p>\n<h3>Campen Sie mitten in Savoyen auf einem bewaldeten Campingplatz mit Blick auf den Genfersee.<\/h3>\n<p>Der Camping La Pin\u00e8de d\u201cExcenevex bietet, im Schatten von Kiefern und Eichen, ruhige 80 m\u00b2 gro\u00dfe Stellpl\u00e4tze auf Sand- und Rasenfl\u00e4chen, ganz in der N\u00e4he des einzigen Sandstrandes des Genfersees![\/vc_column_text]<\/div>[\/vc_column][\/vc_row][vc_row css=&#8220;.vc_custom_1545324836893{background-color: #e8e8e8 !important;}&#8220;][vc_column]<div class=\"wrappedcontent\">[vc_row_inner gap=&#8220;35&#8243; css=&#8220;.vc_custom_1545324644602{margin-left: -0.5px !important;}&#8220;][vc_column_inner width=&#8220;1\/3&#8243;][vc_masonry_media_grid element_width=&#8220;12&#8243; gap=&#8220;0&#8243; grid_id=&#8220;vc_gid:1562245638977-7bb21c95-3c7c-8&#8243; include=&#8220;1269&#8243;][vc_empty_space height=&#8220;20px&#8220;][vc_text_separator title=&#8220;STELLPL\u00c4TZE&#8220; color=&#8220;white&#8220;][vc_empty_space height=&#8220;12px&#8220;][vc_column_text]Alle Stellpl\u00e4tze sind mit Strom (16A) ausgestattet. Sie m\u00fcssen nur noch den idealen Platz f\u00fcr Ihr Zelt, Ihren Wohnwagen oder Ihr Wohnmobil aussuchen und es steht Ihrem Aktivurlaub in den Alpen nichts mehr im Wege![\/vc_column_text][\/vc_column_inner][vc_column_inner width=&#8220;1\/3&#8243;][vc_masonry_media_grid element_width=&#8220;12&#8243; gap=&#8220;0&#8243; grid_id=&#8220;vc_gid:1562245638979-761eaf85-d72f-8&#8243; include=&#8220;544&#8243;][vc_empty_space height=&#8220;20px&#8220;][vc_text_separator title=&#8220;SANIT\u00c4RANLAGEN&#8220; color=&#8220;white&#8220;][vc_empty_space height=&#8220;12px&#8220;][vc_column_text]Die Sanit\u00e4rbereiche sind beheizt sowie barrierefrei und verf\u00fcgen au\u00dferdem \u00fcber einen Wickelraum.[\/vc_column_text][\/vc_column_inner][vc_column_inner width=&#8220;1\/3&#8243;][vc_masonry_media_grid element_width=&#8220;12&#8243; gap=&#8220;0&#8243; grid_id=&#8220;vc_gid:1562245638981-fb390b1a-09b0-4&#8243; include=&#8220;548&#8243;][vc_empty_space height=&#8220;20px&#8220;][vc_text_separator title=&#8220;ZUS\u00c4TZLICHE DIENSTLEISTUNGEN F\u00dcR CAMPER&#8220; color=&#8220;white&#8220;][vc_empty_space height=&#8220;12px&#8220;][vc_column_text]Ein Waschraum mit Waschmaschinen und W\u00e4schetrockner (M\u00fcnzen und Waschmittel sind an der Rezeption erh\u00e4ltlich).<br \/>\nVermietung von K\u00fchlschr\u00e4nken und Grillger\u00e4ten.<br \/>\nReisemobil-Servicestation (mind. 1 Nacht), Chemietoilette, Reifenf\u00fcllstation.<br \/>\nMini-Markt und t\u00e4glich frisches Brot[\/vc_column_text][\/vc_column_inner][\/vc_row_inner][vc_empty_space height=&#8220;20px&#8220;]<div class=\"text-center btnwrap\"><a class=\"btn btn-huttopia-cta\" href=\"http:\/\/checkout.campings-nature.com\/site\/de\/929\" role=\"button\" target=\"\" onclick=\"dataLayer.push({'event':'clickCity', 'clickText':'Buchen Sie Ihren Aufenthalt'})\">Buchen Sie Ihren Aufenthalt<\/a><\/div>[vc_column_text]<i class=\"fa fa-map\" style=\"font-size: 12px;\"><\/i> <span style=\"text-decoration: underline;\"><a href=\"https:\/\/media.huttopia.com\/destinations\/pinede-excenevex\/plan-camping.pdf\" target=\"_blank\" rel=\"noopener noreferrer\">Siehe den Plan des Campingplatzes<\/a><\/span>[\/vc_column_text]<\/div>[\/vc_column][\/vc_row]<\/p>\n<\/div>","protected":false},"excerpt":{"rendered":"<p>[vc_row][vc_column][vc_single_image image=&#8220;1088&#8243; img_size=&#8220;1900X500&#8243; alignment=&#8220;center&#8220;][\/vc_column][\/vc_row][vc_row][vc_column][\/vc_column][\/vc_row][vc_row css=&#8220;.vc_custom_1545324836893{background-color: #e8e8e8 !important;}&#8220;][vc_column][\/vc_column][\/vc_row]<\/p>\n","protected":false},"author":4,"featured_media":0,"parent":0,"menu_order":0,"comment_status":"closed","ping_status":"closed","template":"","meta":{"footnotes":""},"class_list":["post-692","page","type-page","status-publish","hentry"],"yoast_head":"<!-- This site is optimized with the Yoast SEO plugin v25.6 - https:\/\/yoast.com\/wordpress\/plugins\/seo\/ -->\n<title>Campingplatz La Pin\u00e8de - Stellpl\u00e4tze<\/title>\n<meta name=\"description\" content=\"Bauen Sie Ihr Zelt auf oder installieren Sie Ihre Wohnmobile im Herzen von Savoie auf einem von B\u00e4umen ges\u00e4umten Campingplatz mit Blick auf den Genfer See.\" \/>\n<meta name=\"robots\" content=\"index, follow, max-snippet:-1, max-image-preview:large, max-video-preview:-1\" \/>\n<link rel=\"canonical\" href=\"https:\/\/www.camping-lapinede-excenevex.com\/de\/stellplaetze\/\" \/>\n<meta property=\"og:locale\" content=\"de_DE\" \/>\n<meta property=\"og:type\" content=\"article\" \/>\n<meta property=\"og:title\" content=\"Campingplatz La Pin\u00e8de - Stellpl\u00e4tze\" \/>\n<meta property=\"og:description\" content=\"Bauen Sie Ihr Zelt auf oder installieren Sie Ihre Wohnmobile im Herzen von Savoie auf einem von B\u00e4umen ges\u00e4umten Campingplatz mit Blick auf den Genfer See.\" \/>\n<meta property=\"og:url\" content=\"https:\/\/www.camping-lapinede-excenevex.com\/de\/stellplaetze\/\" \/>\n<meta property=\"og:site_name\" content=\"Camping La Pin\u00e8de - Excenevex\" \/>\n<meta property=\"article:modified_time\" content=\"2019-07-04T13:07:28+00:00\" \/>\n<meta name=\"twitter:card\" content=\"summary_large_image\" \/>\n<meta name=\"twitter:label1\" content=\"Est. reading time\" \/>\n\t<meta name=\"twitter:data1\" content=\"2 Minuten\" \/>\n<script type=\"application\/ld+json\" class=\"yoast-schema-graph\">{\"@context\":\"https:\/\/schema.org\",\"@graph\":[{\"@type\":\"WebPage\",\"@id\":\"https:\/\/www.camping-lapinede-excenevex.com\/de\/stellplaetze\/\",\"url\":\"https:\/\/www.camping-lapinede-excenevex.com\/de\/stellplaetze\/\",\"name\":\"Campingplatz La Pin\u00e8de - Stellpl\u00e4tze\",\"isPartOf\":{\"@id\":\"https:\/\/www.camping-lapinede-excenevex.com\/de\/#website\"},\"datePublished\":\"2018-12-20T16:04:50+00:00\",\"dateModified\":\"2019-07-04T13:07:28+00:00\",\"description\":\"Bauen Sie Ihr Zelt auf oder installieren Sie Ihre Wohnmobile im Herzen von Savoie auf einem von B\u00e4umen ges\u00e4umten Campingplatz mit Blick auf den Genfer See.\",\"breadcrumb\":{\"@id\":\"https:\/\/www.camping-lapinede-excenevex.com\/de\/stellplaetze\/#breadcrumb\"},\"inLanguage\":\"de-DE\",\"potentialAction\":[{\"@type\":\"ReadAction\",\"target\":[\"https:\/\/www.camping-lapinede-excenevex.com\/de\/stellplaetze\/\"]}]},{\"@type\":\"BreadcrumbList\",\"@id\":\"https:\/\/www.camping-lapinede-excenevex.com\/de\/stellplaetze\/#breadcrumb\",\"itemListElement\":[{\"@type\":\"ListItem\",\"position\":1,\"name\":\"Home\",\"item\":\"https:\/\/www.camping-lapinede-excenevex.com\/de\/\"},{\"@type\":\"ListItem\",\"position\":2,\"name\":\"Stellpl\u00e4tze\"}]},{\"@type\":\"WebSite\",\"@id\":\"https:\/\/www.camping-lapinede-excenevex.com\/de\/#website\",\"url\":\"https:\/\/www.camping-lapinede-excenevex.com\/de\/\",\"name\":\"Camping La Pin\u00e8de - Excenevex\",\"description\":\"Just another Citykamp site\",\"potentialAction\":[{\"@type\":\"SearchAction\",\"target\":{\"@type\":\"EntryPoint\",\"urlTemplate\":\"https:\/\/www.camping-lapinede-excenevex.com\/de\/?s={search_term_string}\"},\"query-input\":{\"@type\":\"PropertyValueSpecification\",\"valueRequired\":true,\"valueName\":\"search_term_string\"}}],\"inLanguage\":\"de-DE\"}]}<\/script>\n<!-- \/ Yoast SEO plugin. -->","yoast_head_json":{"title":"Campingplatz La Pin\u00e8de - Stellpl\u00e4tze","description":"Bauen Sie Ihr Zelt auf oder installieren Sie Ihre Wohnmobile im Herzen von Savoie auf einem von B\u00e4umen ges\u00e4umten Campingplatz mit Blick auf den Genfer See.","robots":{"index":"index","follow":"follow","max-snippet":"max-snippet:-1","max-image-preview":"max-image-preview:large","max-video-preview":"max-video-preview:-1"},"canonical":"https:\/\/www.camping-lapinede-excenevex.com\/de\/stellplaetze\/","og_locale":"de_DE","og_type":"article","og_title":"Campingplatz La Pin\u00e8de - Stellpl\u00e4tze","og_description":"Bauen Sie Ihr Zelt auf oder installieren Sie Ihre Wohnmobile im Herzen von Savoie auf einem von B\u00e4umen ges\u00e4umten Campingplatz mit Blick auf den Genfer See.","og_url":"https:\/\/www.camping-lapinede-excenevex.com\/de\/stellplaetze\/","og_site_name":"Camping La Pin\u00e8de - Excenevex","article_modified_time":"2019-07-04T13:07:28+00:00","twitter_card":"summary_large_image","twitter_misc":{"Est. reading time":"2 Minuten"},"schema":{"@context":"https:\/\/schema.org","@graph":[{"@type":"WebPage","@id":"https:\/\/www.camping-lapinede-excenevex.com\/de\/stellplaetze\/","url":"https:\/\/www.camping-lapinede-excenevex.com\/de\/stellplaetze\/","name":"Campingplatz La Pin\u00e8de - Stellpl\u00e4tze","isPartOf":{"@id":"https:\/\/www.camping-lapinede-excenevex.com\/de\/#website"},"datePublished":"2018-12-20T16:04:50+00:00","dateModified":"2019-07-04T13:07:28+00:00","description":"Bauen Sie Ihr Zelt auf oder installieren Sie Ihre Wohnmobile im Herzen von Savoie auf einem von B\u00e4umen ges\u00e4umten Campingplatz mit Blick auf den Genfer See.","breadcrumb":{"@id":"https:\/\/www.camping-lapinede-excenevex.com\/de\/stellplaetze\/#breadcrumb"},"inLanguage":"de-DE","potentialAction":[{"@type":"ReadAction","target":["https:\/\/www.camping-lapinede-excenevex.com\/de\/stellplaetze\/"]}]},{"@type":"BreadcrumbList","@id":"https:\/\/www.camping-lapinede-excenevex.com\/de\/stellplaetze\/#breadcrumb","itemListElement":[{"@type":"ListItem","position":1,"name":"Home","item":"https:\/\/www.camping-lapinede-excenevex.com\/de\/"},{"@type":"ListItem","position":2,"name":"Stellpl\u00e4tze"}]},{"@type":"WebSite","@id":"https:\/\/www.camping-lapinede-excenevex.com\/de\/#website","url":"https:\/\/www.camping-lapinede-excenevex.com\/de\/","name":"Camping La Pin\u00e8de - Excenevex","description":"Just another Citykamp site","potentialAction":[{"@type":"SearchAction","target":{"@type":"EntryPoint","urlTemplate":"https:\/\/www.camping-lapinede-excenevex.com\/de\/?s={search_term_string}"},"query-input":{"@type":"PropertyValueSpecification","valueRequired":true,"valueName":"search_term_string"}}],"inLanguage":"de-DE"}]}},"_links":{"self":[{"href":"https:\/\/www.camping-lapinede-excenevex.com\/de\/wp-json\/wp\/v2\/pages\/692","targetHints":{"allow":["GET"]}}],"collection":[{"href":"https:\/\/www.camping-lapinede-excenevex.com\/de\/wp-json\/wp\/v2\/pages"}],"about":[{"href":"https:\/\/www.camping-lapinede-excenevex.com\/de\/wp-json\/wp\/v2\/types\/page"}],"author":[{"embeddable":true,"href":"https:\/\/www.camping-lapinede-excenevex.com\/de\/wp-json\/wp\/v2\/users\/4"}],"replies":[{"embeddable":true,"href":"https:\/\/www.camping-lapinede-excenevex.com\/de\/wp-json\/wp\/v2\/comments?post=692"}],"version-history":[{"count":12,"href":"https:\/\/www.camping-lapinede-excenevex.com\/de\/wp-json\/wp\/v2\/pages\/692\/revisions"}],"predecessor-version":[{"id":1273,"href":"https:\/\/www.camping-lapinede-excenevex.com\/de\/wp-json\/wp\/v2\/pages\/692\/revisions\/1273"}],"wp:attachment":[{"href":"https:\/\/www.camping-lapinede-excenevex.com\/de\/wp-json\/wp\/v2\/media?parent=692"}],"curies":[{"name":"wp","href":"https:\/\/api.w.org\/{rel}","templated":true}]}}