{"id":685,"date":"2018-12-20T15:58:49","date_gmt":"2018-12-20T15:58:49","guid":{"rendered":"http:\/\/www.citykamp.com\/lapinedeexcenevex\/?page_id=685"},"modified":"2026-02-24T14:20:29","modified_gmt":"2026-02-24T14:20:29","slug":"home","status":"publish","type":"page","link":"https:\/\/www.camping-lapinede-excenevex.com\/de\/","title":{"rendered":"Home"},"content":{"rendered":"<div class=\"wpb-content-wrapper\"><p>[vc_row][vc_column]<div class=\"wrappedcontent\">[vc_empty_space][vc_column_text css=&#8220;.vc_custom_1764143513961{background-color: #E8E8E8 !important;}&#8220;]<\/p>\n<p style=\"text-align: center;\"><span style=\"font-size: 14pt; color: #23afc2;\">Beach Festival vom 16. bis 19. Juli 2026 in der N\u00e4he des Campingplatzes am Strand von Excenevex.<br \/>\n<\/span><\/p>\n<p>[\/vc_column_text][vc_empty_space][vc_row_inner gap=&#8220;25&#8243; css=&#8220;.vc_custom_1545322879886{margin-left: -0.5px !important;}&#8220;][vc_column_inner width=&#8220;2\/3&#8243;][vc_column_text css=&#8220;&#8220;]<\/p>\n<h3>Ideal gelegener Campingplatz am Genfersee, nahe der Schweiz am Fu\u00dfe der Alpen.<\/h3>\n<p><span style=\"font-size: 14pt; color: #23afc2;\">Ge\u00f6ffnet vom 02\/04\/2026 bis 04\/10\/2026<\/span><\/p>\n<p>Genie\u00dfen Sie Ihren Urlaub auf dem sch\u00f6nen, 12,5 ha gro\u00dfen und mit einem Schwimmbad ausgestatteten Campingplatz La Pin\u00e8de d&#8217;Excenevex. Er bietet die perfekte Kombination zwischen Erholung und Sport f\u00fcr Ihren Aufenthalt am Genfersee, dem gr\u00f6\u00dften See Europas! Besuchen Sie die Schweiz, die nur einen Katzensprung weit entfernt ist, und unumg\u00e4ngliche St\u00e4dte in Savoyen, wie zum Beispiel Thonon-Les-Bains und Evian&#8230; Verbringen Sie einen Urlaub am Wasser mit Blick auf die Alpen!<\/p>\n<p>Ob Sie mit Zelt oder Wohnwagen unterwegs sind oder eine Mietunterkunft mit allem Komfort buchen, w\u00e4hlen Sie das Pl\u00e4tzchen in der Natur, das Sie am liebsten haben &#8211; im Schatten von Kiefern oder hundertj\u00e4hriger Eichen. Dieser gro\u00dfz\u00fcgig angelegte Campingplatz bietet Ihnen eine sehr abwechslungsreiche nat\u00fcrliche Umgebung: sch\u00f6ne Bereiche mit vielen B\u00e4umen und andere freier liegende Pl\u00e4tze. Das gro\u00dfe Plus: Der h\u00fcbsche Fluss, der mitten durch den Campingplatz flie\u00dft, mit einem Hafen f\u00fcr kleine Motorboote.<\/p>\n<p>Nutzen Sie das hochwertige Dienstleistungsangebot vor Ort: Badebereiche, buntes Aktivit\u00e4tsprogramm, Restaurantbetrieb und kostenloser Zugang zu dem einzigen feinen Sandstrand des Sees&#8230; an diesem Urlaubsziel verbringen Kinder und Erwachsene einen wunderbaren Aktivurlaub![\/vc_column_text][\/vc_column_inner][vc_column_inner width=&#8220;1\/3&#8243; css=&#8220;.vc_custom_1545322865684{background-color: #e8e8e8 !important;}&#8220;][vc_empty_space height=&#8220;20px&#8220;][vc_column_text css=&#8220;.vc_custom_1545322961886{padding-top: 15px !important;padding-right: 15px !important;padding-bottom: 15px !important;padding-left: 15px !important;}&#8220;]<\/p>\n<p style=\"text-align: center;\"><span style=\"font-size: 14pt; color: #23afc2;\">UNSERE FAVORITEN :<\/span><\/p>\n<p style=\"text-align: center;\">Ein feiner Sandstrand zum Baden unmittelbarer N\u00e4he<\/p>\n<p style=\"text-align: center;\">Die Wassersportaktivit\u00e4ten auf dem Genfersee<\/p>\n<p style=\"text-align: center;\">Die Lage zwischen Genf und den Alpen<\/p>\n<p style=\"text-align: center;\">Die beheizten Schwimmb\u00e4der und der Wellnessbereich auf dem Campingplatz<\/p>\n<p>[\/vc_column_text][\/vc_column_inner][\/vc_row_inner][vc_empty_space]<div class=\"text-center btnwrap\"><a class=\"btn btn-huttopia-cta\" href=\"http:\/\/checkout.campings-nature.com\/site\/de\/929\" role=\"button\" target=\"\" onclick=\"dataLayer.push({'event':'clickCity', 'clickText':'Buchen Sie Ihren Aufenthalt'})\">Buchen Sie Ihren Aufenthalt<\/a><\/div>[vc_empty_space][vc_row_inner gap=&#8220;25&#8243; css=&#8220;.vc_custom_1545323305250{margin-left: -0.5px !important;}&#8220;][vc_column_inner width=&#8220;1\/4&#8243;][vc_masonry_media_grid element_width=&#8220;12&#8243; gap=&#8220;0&#8243; item=&#8220;689&#8243; grid_id=&#8220;vc_gid:1764143455469-aefc6a26-b2fc-3&#8243; include=&#8220;1306&#8243;][\/vc_column_inner][vc_column_inner width=&#8220;1\/4&#8243;][vc_masonry_media_grid element_width=&#8220;12&#8243; gap=&#8220;0&#8243; item=&#8220;939&#8243; grid_id=&#8220;vc_gid:1764143455474-554a5ace-7775-3&#8243; include=&#8220;1310&#8243;][\/vc_column_inner][vc_column_inner width=&#8220;1\/4&#8243;][vc_masonry_media_grid element_width=&#8220;12&#8243; gap=&#8220;0&#8243; item=&#8220;690&#8243; grid_id=&#8220;vc_gid:1764143455479-a94df56e-f175-2&#8243; include=&#8220;1314&#8243;][\/vc_column_inner][vc_column_inner width=&#8220;1\/4&#8243;][vc_masonry_media_grid element_width=&#8220;12&#8243; gap=&#8220;0&#8243; item=&#8220;691&#8243; grid_id=&#8220;vc_gid:1764143455483-4ff2d575-a920-4&#8243; include=&#8220;1318&#8243;][\/vc_column_inner][\/vc_row_inner][vc_empty_space height=&#8220;60px&#8220;][vc_row_inner][vc_column_inner width=&#8220;1\/4&#8243;][vc_icon icon_fontawesome=&#8220;fa fa-quote-left&#8220; color=&#8220;custom&#8220; custom_color=&#8220;#23afc2&#8243;][\/vc_column_inner][vc_column_inner width=&#8220;1\/2&#8243;][vc_column_text]<\/p>\n<p style=\"text-align: center;\"><em><span style=\"font-size: 16pt;\">Schattiger Ort, sehr gut in der N\u00e4he von sch\u00f6nen St\u00e4dten gelegen. Der Zugang zum See ist schnell und angenehm.<\/span>\u00a0\u00a0<\/em>\u00a0\u00a0<span style=\"font-size: 10pt;\">Caroline B.<\/span><br \/>\n<span style=\"color: #23afc2;\">\u2605\u2605\u2605\u2605<\/span><\/p>\n<p style=\"text-align: center;\"><em><span style=\"font-size: 16pt;\">Sch\u00f6ner und gro\u00dfer Campingplatz, schattige und gepflegte Grundst\u00fccke, sch\u00f6ner Au\u00dfenpool.<\/span><\/em><strong><em>\u00a0<span style=\"font-size: 10pt;\">\u00a0<\/span><\/em><\/strong><span style=\"font-size: 10pt;\">Mathieu T.<\/span><br \/>\n<span style=\"color: #23afc2;\">\u2605\u2605\u2605\u2605<\/span><\/p>\n<p>[\/vc_column_text][\/vc_column_inner][vc_column_inner width=&#8220;1\/4&#8243;][vc_icon icon_fontawesome=&#8220;fa fa-quote-right&#8220; color=&#8220;custom&#8220; align=&#8220;right&#8220; custom_color=&#8220;#23afc2&#8243;][\/vc_column_inner][\/vc_row_inner][vc_empty_space height=&#8220;60px&#8220;]<\/div>[\/vc_column][\/vc_row][vc_row css=&#8220;.vc_custom_1545323738142{background-color: #e8e8e8 !important;}&#8220;][vc_column]<div class=\"wrappedcontent\">[vc_column_text]<\/p>\n<h3>Anfahrt:<\/h3>\n<p><strong>Mit dem Auto :<\/strong><br \/>\n<strong>&gt; <\/strong>Von Annecy kommend<br \/>\n70 km auf der Autbahn A41. An der Ausfahrt 15 in Richtung \u201eVall\u00e9e verte\/Thonon\/Evian\u201c abfahren. Danach die D1206 und schlie\u00dflich die D1005 nehmen.<br \/>\n<strong>&gt; <\/strong>Von Lyon kommend<br \/>\n190 km auf der Autbahn A41. An der Ausfahrt 14 in Richtung \u201eAnnemasse\u201c abfahren. Danach die D1206 und schlie\u00dflich die D1005 nehmen.<br \/>\n<strong>&gt; <\/strong>Von Paris kommend<br \/>\nDie Autobahn A6 und danach A40 nehmen. An der Ausfahrt 14 in Richtung \u201eAnnemasse\u201c abfahren. Danach die D1206 und schlie\u00dflich die D1005 nehmen.<br \/>\n<strong>&gt; <\/strong>Von der Schweiz kommend<br \/>\nAb Genf 25 km auf der D1005.<br \/>\nAb Montreux 60 km auf der D1005.<\/p>\n<p><strong>Mit dem Zug :<\/strong><br \/>\n<strong>&gt; <\/strong>Thonon-les-Bains (10 km)<br \/>\n<strong>&gt; <\/strong>Perrignier (7 km)<br \/>\n<strong>&gt; <\/strong>Genf (30 km)<\/p>\n<p><strong>Mit dem Flugzeug :<\/strong> N\u00e4chstgelegener Flughafen: Internationaler Flughafen Genf Cointrin (30 km).[\/vc_column_text]<\/div>\n    <div id=\"map989021\" class=\"map\"><\/div>\n    <script type=\"text\/javascript\">\n        let iconType = L.icon({\n            iconUrl: baseDirectory + '\/img\/pin.png',\n            iconSize: [22, 48],\n            iconAnchor: [11, 46],\n            popupAnchor: [0, -46]\n        });\n        let map = L.map('map989021', {\n            center: L.latLng(46.345678, 6.358474200000046),\n            zoom: 10.8,\n            layers: [L.tileLayer('https:\/\/cartodb-basemaps-b.global.ssl.fastly.net\/light_all\/{z}\/{x}\/{y}.png', {\n                attribution: '&copy; <a href=\"https:\/\/www.openstreetmap.org\/copyright\">OpenStreetMap<\/a>'\n            })],\n            zoomSnap: 0.2\n        });\n        setTimeout(map.invalidateSize.bind(map), 100);\n        let contentString = '<div id=\"content\">' +\n            '<div id=\"siteNotice\">' +\n            '<\/div>' +\n            '<h4 id=\"firstHeading\" class=\"firstHeading\">Campingplatze La Pin\u00e8de<\/h4>' +\n            '<div id=\"bodyContent\">' +\n            '<p>Excenevex<\/p>' +\n            '<p>10 Avenue de la Plage 74140 Excenevex-Plage, Lac L\u00e9man<\/p>' +\n            '<\/div>' +\n            '<\/div>';\n        let marker = L.marker([46.345678, 6.358474200000046], {icon: iconType}).addTo(map);\n        marker.bindPopup(contentString).openPopup();\n        let iwOuter = document.querySelector('.leaflet-popup-content-wrapper');\n        let iwArrow = document.querySelector('.leaflet-popup-tip');\n        iwOuter.style.backgroundColor = '#23AFC2';\n        iwArrow.style.backgroundColor = '#23AFC2';\n    <\/script>\n    [\/vc_column][\/vc_row][vc_row el_id=&#8220;july24&#8243;][vc_column]<div class=\"wrappedcontent\">[vc_row_inner css=&#8220;.vc_custom_1545323892250{margin-left: -0.5px !important;}&#8220;][vc_column_inner width=&#8220;1\/4&#8243;][vc_column_text]<\/p>\n<p style=\"text-align: center;\">4<\/p>\n<p>[\/vc_column_text][vc_icon icon_fontawesome=&#8220;fa fa-star&#8220; color=&#8220;mulled_wine&#8220; size=&#8220;xs&#8220; align=&#8220;center&#8220; css=&#8220;.vc_custom_1545323922925{margin-bottom: -10px !important;}&#8220;][\/vc_column_inner][vc_column_inner width=&#8220;1\/4&#8243;][vc_column_text]<\/p>\n<p style=\"text-align: center;\">Gesamtfl\u00e4che: 12 ha<\/p>\n<p>[\/vc_column_text][vc_icon icon_fontawesome=&#8220;fa fa-envira&#8220; color=&#8220;mulled_wine&#8220; size=&#8220;xs&#8220; align=&#8220;center&#8220; css=&#8220;.vc_custom_1545323933664{margin-bottom: -10px !important;}&#8220;][\/vc_column_inner][vc_column_inner width=&#8220;1\/4&#8243;][vc_column_text]<\/p>\n<p style=\"text-align: center;\">500 stellpl\u00e4tze<\/p>\n<p>[\/vc_column_text][vc_icon icon_fontawesome=&#8220;fa fa-home&#8220; color=&#8220;mulled_wine&#8220; size=&#8220;xs&#8220; align=&#8220;center&#8220; css=&#8220;.vc_custom_1545323945402{margin-bottom: -10px !important;}&#8220;][\/vc_column_inner][vc_column_inner width=&#8220;1\/4&#8243;][vc_column_text]<\/p>\n<p style=\"text-align: center;\">Barrierefreier Campingplatz<\/p>\n<p>[\/vc_column_text][vc_icon icon_fontawesome=&#8220;fa fa-wheelchair&#8220; color=&#8220;mulled_wine&#8220; size=&#8220;xs&#8220; align=&#8220;center&#8220; css=&#8220;.vc_custom_1545323958838{margin-bottom: -10px !important;}&#8220;][\/vc_column_inner][\/vc_row_inner]<\/div>[\/vc_column][\/vc_row]<\/p>\n<\/div>","protected":false},"excerpt":{"rendered":"<p>[vc_row][vc_column][\/vc_column][\/vc_row][vc_row css=&#8220;.vc_custom_1545323738142{background-color: #e8e8e8 !important;}&#8220;][vc_column][\/vc_column][\/vc_row][vc_row el_id=&#8220;july24&#8243;][vc_column][\/vc_column][\/vc_row]<\/p>\n","protected":false},"author":4,"featured_media":0,"parent":0,"menu_order":0,"comment_status":"closed","ping_status":"closed","template":"templates\/page-home.php","meta":{"footnotes":""},"class_list":["post-685","page","type-page","status-publish","hentry"],"yoast_head":"<!-- This site is optimized with the Yoast SEO plugin v25.6 - https:\/\/yoast.com\/wordpress\/plugins\/seo\/ -->\n<title>Campingplatz La Pin\u00e8de<\/title>\n<meta name=\"description\" content=\"Ideal gelegener Campingplatz am Genfersee, nahe der Schweiz am Fu\u00dfe der Alpen. Ge\u00f6ffnet vom 19. April bis 29. September. Genie\u00dfen Sie Ihren Urlaub auf dem sch\u00f6nen, 12,5 ha gro\u00dfen und mit einem Schwimmbad ausgestatteten Campingplatz La Pin\u00e8de d\u2019Excenevex.\" \/>\n<meta name=\"robots\" content=\"index, follow, max-snippet:-1, max-image-preview:large, max-video-preview:-1\" \/>\n<link rel=\"canonical\" href=\"https:\/\/www.camping-lapinede-excenevex.com\/de\/\" \/>\n<meta property=\"og:locale\" content=\"de_DE\" \/>\n<meta property=\"og:type\" content=\"article\" \/>\n<meta property=\"og:title\" content=\"Campingplatz La Pin\u00e8de\" \/>\n<meta property=\"og:description\" content=\"Ideal gelegener Campingplatz am Genfersee, nahe der Schweiz am Fu\u00dfe der Alpen. Ge\u00f6ffnet vom 19. April bis 29. September. Genie\u00dfen Sie Ihren Urlaub auf dem sch\u00f6nen, 12,5 ha gro\u00dfen und mit einem Schwimmbad ausgestatteten Campingplatz La Pin\u00e8de d\u2019Excenevex.\" \/>\n<meta property=\"og:url\" content=\"https:\/\/www.camping-lapinede-excenevex.com\/de\/\" \/>\n<meta property=\"og:site_name\" content=\"Camping La Pin\u00e8de - Excenevex\" \/>\n<meta property=\"article:modified_time\" content=\"2026-02-24T14:20:29+00:00\" \/>\n<meta property=\"og:image\" content=\"https:\/\/www.camping-lapinede-excenevex.com\/uploads\/sites\/31\/2019\/12\/camping-la-pinede-excenevex-bandeau-locatifs.jpg\" \/>\n\t<meta property=\"og:image:width\" content=\"1440\" \/>\n\t<meta property=\"og:image:height\" content=\"713\" \/>\n\t<meta property=\"og:image:type\" content=\"image\/jpeg\" \/>\n<meta name=\"twitter:card\" content=\"summary_large_image\" \/>\n<meta name=\"twitter:label1\" content=\"Est. reading time\" \/>\n\t<meta name=\"twitter:data1\" content=\"3 Minuten\" \/>\n<script type=\"application\/ld+json\" class=\"yoast-schema-graph\">{\"@context\":\"https:\/\/schema.org\",\"@graph\":[{\"@type\":\"WebPage\",\"@id\":\"https:\/\/www.camping-lapinede-excenevex.com\/de\/\",\"url\":\"https:\/\/www.camping-lapinede-excenevex.com\/de\/\",\"name\":\"Campingplatz La Pin\u00e8de\",\"isPartOf\":{\"@id\":\"https:\/\/www.camping-lapinede-excenevex.com\/de\/#website\"},\"datePublished\":\"2018-12-20T15:58:49+00:00\",\"dateModified\":\"2026-02-24T14:20:29+00:00\",\"description\":\"Ideal gelegener Campingplatz am Genfersee, nahe der Schweiz am Fu\u00dfe der Alpen. Ge\u00f6ffnet vom 19. April bis 29. September. Genie\u00dfen Sie Ihren Urlaub auf dem sch\u00f6nen, 12,5 ha gro\u00dfen und mit einem Schwimmbad ausgestatteten Campingplatz La Pin\u00e8de d\u2019Excenevex.\",\"breadcrumb\":{\"@id\":\"https:\/\/www.camping-lapinede-excenevex.com\/de\/#breadcrumb\"},\"inLanguage\":\"de-DE\",\"potentialAction\":[{\"@type\":\"ReadAction\",\"target\":[\"https:\/\/www.camping-lapinede-excenevex.com\/de\/\"]}]},{\"@type\":\"BreadcrumbList\",\"@id\":\"https:\/\/www.camping-lapinede-excenevex.com\/de\/#breadcrumb\",\"itemListElement\":[{\"@type\":\"ListItem\",\"position\":1,\"name\":\"Home\",\"item\":\"https:\/\/www.camping-lapinede-excenevex.com\/de\/\"},{\"@type\":\"ListItem\",\"position\":2,\"name\":\"Home\"}]},{\"@type\":\"WebSite\",\"@id\":\"https:\/\/www.camping-lapinede-excenevex.com\/de\/#website\",\"url\":\"https:\/\/www.camping-lapinede-excenevex.com\/de\/\",\"name\":\"Camping La Pin\u00e8de - Excenevex\",\"description\":\"Just another Citykamp site\",\"potentialAction\":[{\"@type\":\"SearchAction\",\"target\":{\"@type\":\"EntryPoint\",\"urlTemplate\":\"https:\/\/www.camping-lapinede-excenevex.com\/de\/?s={search_term_string}\"},\"query-input\":{\"@type\":\"PropertyValueSpecification\",\"valueRequired\":true,\"valueName\":\"search_term_string\"}}],\"inLanguage\":\"de-DE\"}]}<\/script>\n<!-- \/ Yoast SEO plugin. -->","yoast_head_json":{"title":"Campingplatz La Pin\u00e8de","description":"Ideal gelegener Campingplatz am Genfersee, nahe der Schweiz am Fu\u00dfe der Alpen. Ge\u00f6ffnet vom 19. April bis 29. September. Genie\u00dfen Sie Ihren Urlaub auf dem sch\u00f6nen, 12,5 ha gro\u00dfen und mit einem Schwimmbad ausgestatteten Campingplatz La Pin\u00e8de d\u2019Excenevex.","robots":{"index":"index","follow":"follow","max-snippet":"max-snippet:-1","max-image-preview":"max-image-preview:large","max-video-preview":"max-video-preview:-1"},"canonical":"https:\/\/www.camping-lapinede-excenevex.com\/de\/","og_locale":"de_DE","og_type":"article","og_title":"Campingplatz La Pin\u00e8de","og_description":"Ideal gelegener Campingplatz am Genfersee, nahe der Schweiz am Fu\u00dfe der Alpen. Ge\u00f6ffnet vom 19. April bis 29. September. Genie\u00dfen Sie Ihren Urlaub auf dem sch\u00f6nen, 12,5 ha gro\u00dfen und mit einem Schwimmbad ausgestatteten Campingplatz La Pin\u00e8de d\u2019Excenevex.","og_url":"https:\/\/www.camping-lapinede-excenevex.com\/de\/","og_site_name":"Camping La Pin\u00e8de - Excenevex","article_modified_time":"2026-02-24T14:20:29+00:00","og_image":[{"width":1440,"height":713,"url":"https:\/\/www.camping-lapinede-excenevex.com\/uploads\/sites\/31\/2019\/12\/camping-la-pinede-excenevex-bandeau-locatifs.jpg","type":"image\/jpeg"}],"twitter_card":"summary_large_image","twitter_misc":{"Est. reading time":"3 Minuten"},"schema":{"@context":"https:\/\/schema.org","@graph":[{"@type":"WebPage","@id":"https:\/\/www.camping-lapinede-excenevex.com\/de\/","url":"https:\/\/www.camping-lapinede-excenevex.com\/de\/","name":"Campingplatz La Pin\u00e8de","isPartOf":{"@id":"https:\/\/www.camping-lapinede-excenevex.com\/de\/#website"},"datePublished":"2018-12-20T15:58:49+00:00","dateModified":"2026-02-24T14:20:29+00:00","description":"Ideal gelegener Campingplatz am Genfersee, nahe der Schweiz am Fu\u00dfe der Alpen. Ge\u00f6ffnet vom 19. April bis 29. September. Genie\u00dfen Sie Ihren Urlaub auf dem sch\u00f6nen, 12,5 ha gro\u00dfen und mit einem Schwimmbad ausgestatteten Campingplatz La Pin\u00e8de d\u2019Excenevex.","breadcrumb":{"@id":"https:\/\/www.camping-lapinede-excenevex.com\/de\/#breadcrumb"},"inLanguage":"de-DE","potentialAction":[{"@type":"ReadAction","target":["https:\/\/www.camping-lapinede-excenevex.com\/de\/"]}]},{"@type":"BreadcrumbList","@id":"https:\/\/www.camping-lapinede-excenevex.com\/de\/#breadcrumb","itemListElement":[{"@type":"ListItem","position":1,"name":"Home","item":"https:\/\/www.camping-lapinede-excenevex.com\/de\/"},{"@type":"ListItem","position":2,"name":"Home"}]},{"@type":"WebSite","@id":"https:\/\/www.camping-lapinede-excenevex.com\/de\/#website","url":"https:\/\/www.camping-lapinede-excenevex.com\/de\/","name":"Camping La Pin\u00e8de - Excenevex","description":"Just another Citykamp site","potentialAction":[{"@type":"SearchAction","target":{"@type":"EntryPoint","urlTemplate":"https:\/\/www.camping-lapinede-excenevex.com\/de\/?s={search_term_string}"},"query-input":{"@type":"PropertyValueSpecification","valueRequired":true,"valueName":"search_term_string"}}],"inLanguage":"de-DE"}]}},"_links":{"self":[{"href":"https:\/\/www.camping-lapinede-excenevex.com\/de\/wp-json\/wp\/v2\/pages\/685","targetHints":{"allow":["GET"]}}],"collection":[{"href":"https:\/\/www.camping-lapinede-excenevex.com\/de\/wp-json\/wp\/v2\/pages"}],"about":[{"href":"https:\/\/www.camping-lapinede-excenevex.com\/de\/wp-json\/wp\/v2\/types\/page"}],"author":[{"embeddable":true,"href":"https:\/\/www.camping-lapinede-excenevex.com\/de\/wp-json\/wp\/v2\/users\/4"}],"replies":[{"embeddable":true,"href":"https:\/\/www.camping-lapinede-excenevex.com\/de\/wp-json\/wp\/v2\/comments?post=685"}],"version-history":[{"count":5,"href":"https:\/\/www.camping-lapinede-excenevex.com\/de\/wp-json\/wp\/v2\/pages\/685\/revisions"}],"predecessor-version":[{"id":2589,"href":"https:\/\/www.camping-lapinede-excenevex.com\/de\/wp-json\/wp\/v2\/pages\/685\/revisions\/2589"}],"wp:attachment":[{"href":"https:\/\/www.camping-lapinede-excenevex.com\/de\/wp-json\/wp\/v2\/media?parent=685"}],"curies":[{"name":"wp","href":"https:\/\/api.w.org\/{rel}","templated":true}]}}