{"id":2044,"date":"2022-02-08T14:26:26","date_gmt":"2022-02-08T14:26:26","guid":{"rendered":"https:\/\/www.camping-lapinede-excenevex.com\/?page_id=2044"},"modified":"2025-05-27T06:38:02","modified_gmt":"2025-05-27T06:38:02","slug":"mon-sejour","status":"publish","type":"page","link":"https:\/\/www.camping-lapinede-excenevex.com\/de\/mon-sejour\/","title":{"rendered":"Mon s\u00e9jour"},"content":{"rendered":"<div class=\"wpb-content-wrapper\"><p>[vc_row css=&#8220;.vc_custom_1704797599907{background-color: rgba(44,176,193,0.22) !important;*background-color: rgb(44,176,193) !important;}&#8220;][vc_column]<div class=\"wrappedcontent\">[vc_empty_space height=&#8220;40px&#8220;][vc_column_text]<\/p>\n<h1 style=\"text-align: center;\"><span style=\"font-size: 24pt;\"><strong>ALLE PRAKTISCHEN INFORMATIONEN VOR IHREM AUFENTHALT<\/strong><\/span><\/h1>\n<p>[\/vc_column_text]<\/div>[\/vc_column][\/vc_row][vc_row][vc_column]<div class=\"wrappedcontent\">[vc_row_inner css=&#8220;.vc_custom_1644330721218{margin-left: -0.5px !important;}&#8220;][vc_column_inner width=&#8220;1\/2&#8243;][vc_single_image image=&#8220;2301&#8243; img_size=&#8220;71*71&#8243; alignment=&#8220;center&#8220;][vc_empty_space][vc_column_text]<\/p>\n<h2 style=\"text-align: center;\"><span style=\"color: #000000;\"><strong><span style=\"font-size: 20pt;\">MEIN<br \/>\nSTELLPLATZ-AUFENTHALT<\/span><\/strong><\/span><\/h2>\n<p>[\/vc_column_text][vc_empty_space height=&#8220;35px&#8220;][vc_column_text]<span style=\"font-size: 14pt;\"><strong>Folgendes ist in meiner KOMFORT-STELLPLATZPAUSCHALE inbegriffen:<\/strong><\/span><\/p>\n<ul>\n<li>2 Personen<\/li>\n<li>1 Zelt oder 1 Wohnwagen<\/li>\n<li>1 Fahrzeug (1 Auto oder 1 Motorrad) ODER 1 Wohnmobil\/Van<\/li>\n<li>Eine Reisemobil-Servicestation<\/li>\n<li>Stromanschluss<\/li>\n<\/ul>\n<p><em>Mit Zuschlag :<\/em><\/p>\n<ul>\n<li>Bis zu 6 Personen (Erwachsene, Kinder und Babys) pro Stellplatz<\/li>\n<li>Max. 1 Haustier erlaubt<\/li>\n<li>Max. 1 kleines zus\u00e4tzliches Zelt (2m x 2m)<\/li>\n<\/ul>\n<p><span style=\"font-size: 14pt;\"><strong>An- und Abreisezeiten<\/strong><\/span><\/p>\n<ul>\n<li><span style=\"font-size: 12pt;\">Ankunft: 14 Uhr<\/span><\/li>\n<li><span style=\"font-size: 12pt;\">Abreise: 12 Uhr<\/span><\/li>\n<\/ul>\n<p>[\/vc_column_text][\/vc_column_inner][vc_column_inner width=&#8220;1\/2&#8243;][vc_single_image image=&#8220;2305&#8243; img_size=&#8220;71*71&#8243; alignment=&#8220;center&#8220;][vc_empty_space][vc_column_text]<\/p>\n<h2 style=\"text-align: center;\"><span style=\"color: #000000;\"><strong><span style=\"font-size: 20pt;\">MEIN AUFENTHALT IN<br \/>\nEINER UNTERKUNFT<\/span><\/strong><\/span><\/h2>\n<p>[\/vc_column_text][vc_empty_space height=&#8220;35px&#8220;][vc_column_text]<span style=\"font-size: 14pt;\"><strong>Folgendes ist bei meiner MIETUNTERKUNFT inbegriffen:<\/strong><\/span><\/p>\n<ul>\n<li>Putz-Set (Schwamm, Geschirrsp\u00fclmittel, Allesreiniger)<\/li>\n<li>Bettdecken und Kopfkissen<\/li>\n<li>Strom<\/li>\n<li>1 Fahrzeug<\/li>\n<\/ul>\n<p><em>Mit Zuschlag:<\/em><\/p>\n<ul>\n<li>Max. 1 Haustier erlaubt<\/li>\n<li>Endreinigungspauschale<\/li>\n<li>Babyset (Klappbett + Hochstuhl)<\/li>\n<li>Bettw\u00e4sche und Handt\u00fccher<\/li>\n<\/ul>\n<p><span style=\"font-size: 14pt;\"><strong>An- und Abreisezeiten<\/strong><\/span><\/p>\n<ul>\n<li>Ankunft: 16 Uhr<\/li>\n<li>Abreise: 11 Uhr<\/li>\n<\/ul>\n<p>[\/vc_column_text][\/vc_column_inner][\/vc_row_inner][vc_empty_space height=&#8220;45px&#8220;]<\/div>[vc_column_text]<\/p>\n<p style=\"text-align: center;\"><b><strong>VERRECHNUNGSMODALIT\u00c4TEN<\/strong><\/b><\/p>\n<p style=\"text-align: center;\"><i><em>TARIF CLASSIC<\/em><\/i><\/p>\n<p style=\"text-align: center;\"><b><strong>Anzahlung: <\/strong><\/b>40% bei Buchung, Zahlung des Restbetrags 30 Tage vor Ankunft.<\/p>\n<p style=\"text-align: center;\"><b><strong>Umbuchung<\/strong><\/b>: bis T-30 mit einer Geb\u00fchr von 50\u20ac.<\/p>\n<p style=\"text-align: center;\"><b><strong>Stornierung:<\/strong><\/b> 40% Geb\u00fchr bis 30 Tage vor Anreise &#8211; 100% Geb\u00fchr ab 29 Tage vor Anreise.<\/p>\n<p style=\"text-align: center;\"><i><em>ZEN-TARIF<\/em><\/i><\/p>\n<p style=\"text-align: center;\"><b><strong>Anzahlung: <\/strong><\/b>40% bei Buchung, <b><strong>Restzahlung <\/strong><\/b>30 Tage vor Anreise.<\/p>\n<p style=\"text-align: center;\"><b><strong>Umbuchung<\/strong><\/b>: bis T-30 mit einer Geb\u00fchr von 50\u20ac.<\/p>\n<p style=\"text-align: center;\"><b><strong>Stornierung: <\/strong><\/b>bis 10 Tage vor Anreisedatum keine Geb\u00fchr &#8211; ab 9 Tage vor Anreisedatum 100% Geb\u00fchr.<\/p>\n<p style=\"text-align: center;\"><i><em>NO FLEX TARIF<\/em><\/i><\/p>\n<p style=\"text-align: center;\">Zahlung 100% bei Buchung, Tarif nicht \u00e4nderbar, nicht r\u00fcckerstattbar, nicht umtauschbar.<\/p>\n<p style=\"text-align: center;\"><b><i><em><strong>HINWEIS <\/strong><\/em><\/i><\/b>: Bei Aufenthalten von 1 oder 2 N\u00e4chten auf einem Stellplatz betr\u00e4gt die geforderte Anzahlung 100% des Aufenthalts. Unabh\u00e4ngig vom Zeitpunkt der Stornierung werden die Reservierungskosten und die Versicherungsoption nicht zur\u00fcckerstattet.<\/p>\n<p>[\/vc_column_text][vc_empty_space][\/vc_column][\/vc_row][vc_row css=&#8220;.vc_custom_1704790076364{background-color: rgba(44,176,193,0.22) !important;*background-color: rgb(44,176,193) !important;}&#8220;][vc_column]<div class=\"wrappedcontent\">[vc_column_text]<\/p>\n<h3 style=\"text-align: center;\"><span style=\"font-size: 18pt;\"><strong>WENN SIE SP\u00c4T ANREISEN<\/strong><\/span><\/h3>\n<p>[\/vc_column_text][vc_empty_space][vc_column_text css=&#8220;&#8220;]<\/p>\n<p style=\"text-align: center;\"><strong class=\"s-font-semibold s-text-foreground dark:s-text-foreground-night\">Bitte informieren Sie uns bei einer Ankunft nach 19 Uhr auf dem Campingplatz.<br \/>\n<\/strong>Auf diese Weise k\u00f6nnen sich unsere Mitarbeiter gut darauf einstellen.<\/p>\n<p>[\/vc_column_text]<\/div>[\/vc_column][\/vc_row][vc_row][vc_column]<div class=\"wrappedcontent\">[vc_column_text]<\/p>\n<h2 style=\"text-align: center;\"><span style=\"font-size: 18pt; color: #23afc2;\"><strong>ZUSATZLEISTUNGEN<\/strong><\/span><\/h2>\n<p>[\/vc_column_text][vc_empty_space height=&#8220;50px&#8220;][vc_row_inner][vc_column_inner width=&#8220;1\/5&#8243;][vc_single_image image=&#8220;2279&#8243; img_size=&#8220;71*71&#8243; alignment=&#8220;center&#8220;][vc_empty_space][vc_column_text]<\/p>\n<p style=\"text-align: center;\"><strong>Vermietung von Bettw\u00e4sche<br \/>\nund Handt\u00fcchern<\/strong><\/p>\n<p>[\/vc_column_text][\/vc_column_inner][vc_column_inner width=&#8220;1\/5&#8243;][vc_single_image image=&#8220;2283&#8243; img_size=&#8220;71*71&#8243; alignment=&#8220;center&#8220;][vc_empty_space][vc_column_text]<\/p>\n<p style=\"text-align: center;\"><strong>Vermietung von K\u00fchlschr\u00e4nken<br \/>\nund Grillger\u00e4ten<\/strong><\/p>\n<p>[\/vc_column_text][\/vc_column_inner][vc_column_inner width=&#8220;1\/5&#8243;][vc_single_image image=&#8220;2287&#8243; img_size=&#8220;71*71&#8243; alignment=&#8220;center&#8220;][vc_empty_space][vc_column_text]<\/p>\n<p style=\"text-align: center;\"><strong>Babyset<br \/>\n(Klappbett + Hochstuhl)<\/strong><\/p>\n<p>[\/vc_column_text][\/vc_column_inner][vc_column_inner width=&#8220;1\/5&#8243;][vc_single_image image=&#8220;2292&#8243; img_size=&#8220;71*71&#8243; alignment=&#8220;center&#8220;][vc_empty_space][vc_column_text]<\/p>\n<p style=\"text-align: center;\"><strong>Waschsalon<\/strong><\/p>\n<p>[\/vc_column_text][\/vc_column_inner][vc_column_inner width=&#8220;1\/5&#8243;][vc_single_image image=&#8220;2296&#8243; img_size=&#8220;71*71&#8243; alignment=&#8220;center&#8220;][vc_empty_space][vc_column_text]<\/p>\n<p style=\"text-align: center;\"><strong>Endreinigungspauschale<\/strong><\/p>\n<p>[\/vc_column_text][\/vc_column_inner][\/vc_row_inner]<div class=\"text-center btnwrap\"><a class=\"btn btn-huttopia-cta\" href=\"https:\/\/checkout.campings-nature.com\/929\/de\/\" role=\"button\" target=\"\" onclick=\"dataLayer.push({'event':'clickCity', 'clickText':'Ihren Aufenthalt buchen'})\">Ihren Aufenthalt buchen<\/a><\/div><\/div>[\/vc_column][\/vc_row][vc_row css=&#8220;.vc_custom_1704790372607{background-color: rgba(44,176,193,0.22) !important;*background-color: rgb(44,176,193) !important;}&#8220;][vc_column]<div class=\"wrappedcontent\">[vc_row_inner equal_height=&#8220;yes&#8220; gap=&#8220;35&#8243;][vc_column_inner width=&#8220;1\/3&#8243;][vc_masonry_media_grid element_width=&#8220;12&#8243; gap=&#8220;0&#8243; grid_id=&#8220;vc_gid:1748327783075-ddaf1541-9132-8&#8243; include=&#8220;2034&#8243;][\/vc_column_inner][vc_column_inner width=&#8220;2\/3&#8243;][vc_column_text]<span style=\"color: #23afc2;\"><strong><span style=\"font-size: 16pt;\">HAUSTIERE SIND HERZLICH WILLKOMMEN!<\/span><\/strong><\/span><\/p>\n<p><span style=\"font-size: 14pt;\">Pro Stellplatz bzw. pro Unterkunft ist ein Tier erlaubt.<br \/>\nDie Tiere m\u00fcssen an der Leine gef\u00fchrt werden und geimpft sein.<\/span><span style=\"font-size: 14pt;\"><br \/>\n<\/span>[\/vc_column_text][\/vc_column_inner][\/vc_row_inner]<\/div>[\/vc_column][\/vc_row][vc_row][vc_column]<div class=\"wrappedcontent\">[vc_row_inner][vc_column_inner width=&#8220;1\/3&#8243;][vc_single_image image=&#8220;2309&#8243; img_size=&#8220;40*40&#8243; alignment=&#8220;center&#8220;][vc_empty_space][vc_column_text css=&#8220;&#8220;]<\/p>\n<h3 style=\"text-align: center;\"><span style=\"font-size: 14pt; color: #000000;\"><strong>KEINE BUCHUNGSGEB\u00dcHR<\/strong><\/span><\/h3>\n<p style=\"text-align: center;\"><span style=\"color: #000000;\">vom 01.04. bis 01.07. und vom 01.09. bis 06.11.<br \/>\nAu\u00dferhalb dieser Zeitr\u00e4ume: 22 \u20ac<\/span><\/p>\n<p>[\/vc_column_text][\/vc_column_inner][vc_column_inner width=&#8220;1\/3&#8243;][vc_single_image image=&#8220;2317&#8243; img_size=&#8220;40*40&#8243; alignment=&#8220;center&#8220;][vc_empty_space][vc_column_text]<\/p>\n<h3 style=\"text-align: center;\"><span style=\"font-size: 14pt; color: #000000;\"><strong>STORNOVERSICHERUNG<\/strong><\/span><\/h3>\n<p style=\"text-align: center;\"><span style=\"color: #000000;\">Storno- und Reiseabbruchsversicherung<br \/>\n4,5% des Gesamtbetrages Ihres Aufenthalts (ohne Bearbeitungsgeb\u00fchren und Kurtaxe).<\/span><\/p>\n<p>[\/vc_column_text][\/vc_column_inner][vc_column_inner width=&#8220;1\/3&#8243;][vc_single_image image=&#8220;2321&#8243; img_size=&#8220;40*40&#8243; alignment=&#8220;center&#8220;][vc_empty_space][vc_column_text]<\/p>\n<h3 style=\"text-align: center;\"><span style=\"font-size: 14pt; color: #000000;\"><strong>TARIFE ZUSATZLEISTUNGEN<\/strong><\/span><\/h3>\n<p style=\"text-align: center;\"><span style=\"color: #000000;\"><a style=\"color: #000000;\" href=\"https:\/\/media.huttopia.com\/destinations\/pinede-excenevex\/tarifs-annexes-la-pinede-excenevex-de.pdf\" target=\"_blank\" rel=\"noopener noreferrer\"><u>Unsere Tarife f\u00fcr Zusatzleistungen ansehen<\/u><\/a><\/span><\/p>\n<p>[\/vc_column_text][\/vc_column_inner][\/vc_row_inner]<\/div>[\/vc_column][\/vc_row]<\/p>\n<\/div>","protected":false},"excerpt":{"rendered":"<p>[vc_row css=&#8220;.vc_custom_1704797599907{background-color: rgba(44,176,193,0.22) !important;*background-color: rgb(44,176,193) !important;}&#8220;][vc_column][\/vc_column][\/vc_row][vc_row][vc_column][vc_column_text] VERRECHNUNGSMODALIT\u00c4TEN TARIF CLASSIC Anzahlung: 40% bei Buchung, Zahlung des Restbetrags 30 Tage vor Ankunft. Umbuchung: bis T-30 mit einer Geb\u00fchr von 50\u20ac. Stornierung: 40% Geb\u00fchr bis 30 Tage vor Anreise &#8211; 100% Geb\u00fchr ab 29 Tage vor Anreise. ZEN-TARIF Anzahlung: 40% bei Buchung, Restzahlung 30 Tage vor Anreise. Umbuchung: &hellip;<\/p>\n","protected":false},"author":1,"featured_media":0,"parent":0,"menu_order":0,"comment_status":"closed","ping_status":"closed","template":"","meta":{"footnotes":""},"class_list":["post-2044","page","type-page","status-publish","hentry"],"yoast_head":"<!-- This site is optimized with the Yoast SEO plugin v25.6 - https:\/\/yoast.com\/wordpress\/plugins\/seo\/ -->\n<title>Mon s\u00e9jour - Camping La Pin\u00e8de - Excenevex<\/title>\n<meta name=\"robots\" content=\"index, follow, max-snippet:-1, max-image-preview:large, max-video-preview:-1\" \/>\n<link rel=\"canonical\" href=\"https:\/\/www.camping-lapinede-excenevex.com\/de\/mon-sejour\/\" \/>\n<meta property=\"og:locale\" content=\"de_DE\" \/>\n<meta property=\"og:type\" content=\"article\" \/>\n<meta property=\"og:title\" content=\"Mon s\u00e9jour - Camping La Pin\u00e8de - Excenevex\" \/>\n<meta property=\"og:description\" content=\"[vc_row css=&#8220;.vc_custom_1704797599907{background-color: rgba(44,176,193,0.22) !important;*background-color: rgb(44,176,193) !important;}&#8220;][vc_column][\/vc_column][\/vc_row][vc_row][vc_column][vc_column_text] VERRECHNUNGSMODALIT\u00c4TEN TARIF CLASSIC Anzahlung: 40% bei Buchung, Zahlung des Restbetrags 30 Tage vor Ankunft. Umbuchung: bis T-30 mit einer Geb\u00fchr von 50\u20ac. Stornierung: 40% Geb\u00fchr bis 30 Tage vor Anreise &#8211; 100% Geb\u00fchr ab 29 Tage vor Anreise. ZEN-TARIF Anzahlung: 40% bei Buchung, Restzahlung 30 Tage vor Anreise. Umbuchung: &hellip;\" \/>\n<meta property=\"og:url\" content=\"https:\/\/www.camping-lapinede-excenevex.com\/de\/mon-sejour\/\" \/>\n<meta property=\"og:site_name\" content=\"Camping La Pin\u00e8de - Excenevex\" \/>\n<meta property=\"article:modified_time\" content=\"2025-05-27T06:38:02+00:00\" \/>\n<meta name=\"twitter:card\" content=\"summary_large_image\" \/>\n<meta name=\"twitter:label1\" content=\"Est. reading time\" \/>\n\t<meta name=\"twitter:data1\" content=\"5 Minuten\" \/>\n<script type=\"application\/ld+json\" class=\"yoast-schema-graph\">{\"@context\":\"https:\/\/schema.org\",\"@graph\":[{\"@type\":\"WebPage\",\"@id\":\"https:\/\/www.camping-lapinede-excenevex.com\/de\/mon-sejour\/\",\"url\":\"https:\/\/www.camping-lapinede-excenevex.com\/de\/mon-sejour\/\",\"name\":\"Mon s\u00e9jour - Camping La Pin\u00e8de - Excenevex\",\"isPartOf\":{\"@id\":\"https:\/\/www.camping-lapinede-excenevex.com\/de\/#website\"},\"datePublished\":\"2022-02-08T14:26:26+00:00\",\"dateModified\":\"2025-05-27T06:38:02+00:00\",\"breadcrumb\":{\"@id\":\"https:\/\/www.camping-lapinede-excenevex.com\/de\/mon-sejour\/#breadcrumb\"},\"inLanguage\":\"de-DE\",\"potentialAction\":[{\"@type\":\"ReadAction\",\"target\":[\"https:\/\/www.camping-lapinede-excenevex.com\/de\/mon-sejour\/\"]}]},{\"@type\":\"BreadcrumbList\",\"@id\":\"https:\/\/www.camping-lapinede-excenevex.com\/de\/mon-sejour\/#breadcrumb\",\"itemListElement\":[{\"@type\":\"ListItem\",\"position\":1,\"name\":\"Home\",\"item\":\"https:\/\/www.camping-lapinede-excenevex.com\/de\/\"},{\"@type\":\"ListItem\",\"position\":2,\"name\":\"Mon s\u00e9jour\"}]},{\"@type\":\"WebSite\",\"@id\":\"https:\/\/www.camping-lapinede-excenevex.com\/de\/#website\",\"url\":\"https:\/\/www.camping-lapinede-excenevex.com\/de\/\",\"name\":\"Camping La Pin\u00e8de - Excenevex\",\"description\":\"Just another Citykamp site\",\"potentialAction\":[{\"@type\":\"SearchAction\",\"target\":{\"@type\":\"EntryPoint\",\"urlTemplate\":\"https:\/\/www.camping-lapinede-excenevex.com\/de\/?s={search_term_string}\"},\"query-input\":{\"@type\":\"PropertyValueSpecification\",\"valueRequired\":true,\"valueName\":\"search_term_string\"}}],\"inLanguage\":\"de-DE\"}]}<\/script>\n<!-- \/ Yoast SEO plugin. -->","yoast_head_json":{"title":"Mon s\u00e9jour - Camping La Pin\u00e8de - Excenevex","robots":{"index":"index","follow":"follow","max-snippet":"max-snippet:-1","max-image-preview":"max-image-preview:large","max-video-preview":"max-video-preview:-1"},"canonical":"https:\/\/www.camping-lapinede-excenevex.com\/de\/mon-sejour\/","og_locale":"de_DE","og_type":"article","og_title":"Mon s\u00e9jour - Camping La Pin\u00e8de - Excenevex","og_description":"[vc_row css=&#8220;.vc_custom_1704797599907{background-color: rgba(44,176,193,0.22) !important;*background-color: rgb(44,176,193) !important;}&#8220;][vc_column][\/vc_column][\/vc_row][vc_row][vc_column][vc_column_text] VERRECHNUNGSMODALIT\u00c4TEN TARIF CLASSIC Anzahlung: 40% bei Buchung, Zahlung des Restbetrags 30 Tage vor Ankunft. Umbuchung: bis T-30 mit einer Geb\u00fchr von 50\u20ac. Stornierung: 40% Geb\u00fchr bis 30 Tage vor Anreise &#8211; 100% Geb\u00fchr ab 29 Tage vor Anreise. ZEN-TARIF Anzahlung: 40% bei Buchung, Restzahlung 30 Tage vor Anreise. Umbuchung: &hellip;","og_url":"https:\/\/www.camping-lapinede-excenevex.com\/de\/mon-sejour\/","og_site_name":"Camping La Pin\u00e8de - Excenevex","article_modified_time":"2025-05-27T06:38:02+00:00","twitter_card":"summary_large_image","twitter_misc":{"Est. reading time":"5 Minuten"},"schema":{"@context":"https:\/\/schema.org","@graph":[{"@type":"WebPage","@id":"https:\/\/www.camping-lapinede-excenevex.com\/de\/mon-sejour\/","url":"https:\/\/www.camping-lapinede-excenevex.com\/de\/mon-sejour\/","name":"Mon s\u00e9jour - Camping La Pin\u00e8de - Excenevex","isPartOf":{"@id":"https:\/\/www.camping-lapinede-excenevex.com\/de\/#website"},"datePublished":"2022-02-08T14:26:26+00:00","dateModified":"2025-05-27T06:38:02+00:00","breadcrumb":{"@id":"https:\/\/www.camping-lapinede-excenevex.com\/de\/mon-sejour\/#breadcrumb"},"inLanguage":"de-DE","potentialAction":[{"@type":"ReadAction","target":["https:\/\/www.camping-lapinede-excenevex.com\/de\/mon-sejour\/"]}]},{"@type":"BreadcrumbList","@id":"https:\/\/www.camping-lapinede-excenevex.com\/de\/mon-sejour\/#breadcrumb","itemListElement":[{"@type":"ListItem","position":1,"name":"Home","item":"https:\/\/www.camping-lapinede-excenevex.com\/de\/"},{"@type":"ListItem","position":2,"name":"Mon s\u00e9jour"}]},{"@type":"WebSite","@id":"https:\/\/www.camping-lapinede-excenevex.com\/de\/#website","url":"https:\/\/www.camping-lapinede-excenevex.com\/de\/","name":"Camping La Pin\u00e8de - Excenevex","description":"Just another Citykamp site","potentialAction":[{"@type":"SearchAction","target":{"@type":"EntryPoint","urlTemplate":"https:\/\/www.camping-lapinede-excenevex.com\/de\/?s={search_term_string}"},"query-input":{"@type":"PropertyValueSpecification","valueRequired":true,"valueName":"search_term_string"}}],"inLanguage":"de-DE"}]}},"_links":{"self":[{"href":"https:\/\/www.camping-lapinede-excenevex.com\/de\/wp-json\/wp\/v2\/pages\/2044","targetHints":{"allow":["GET"]}}],"collection":[{"href":"https:\/\/www.camping-lapinede-excenevex.com\/de\/wp-json\/wp\/v2\/pages"}],"about":[{"href":"https:\/\/www.camping-lapinede-excenevex.com\/de\/wp-json\/wp\/v2\/types\/page"}],"author":[{"embeddable":true,"href":"https:\/\/www.camping-lapinede-excenevex.com\/de\/wp-json\/wp\/v2\/users\/1"}],"replies":[{"embeddable":true,"href":"https:\/\/www.camping-lapinede-excenevex.com\/de\/wp-json\/wp\/v2\/comments?post=2044"}],"version-history":[{"count":5,"href":"https:\/\/www.camping-lapinede-excenevex.com\/de\/wp-json\/wp\/v2\/pages\/2044\/revisions"}],"predecessor-version":[{"id":2547,"href":"https:\/\/www.camping-lapinede-excenevex.com\/de\/wp-json\/wp\/v2\/pages\/2044\/revisions\/2547"}],"wp:attachment":[{"href":"https:\/\/www.camping-lapinede-excenevex.com\/de\/wp-json\/wp\/v2\/media?parent=2044"}],"curies":[{"name":"wp","href":"https:\/\/api.w.org\/{rel}","templated":true}]}}